{"id":1065,"date":"2018-06-07T13:32:36","date_gmt":"2018-06-07T11:32:36","guid":{"rendered":"http:\/\/wp.lfs-bonn.de\/?page_id=1065"},"modified":"2019-06-03T19:16:24","modified_gmt":"2019-06-03T17:16:24","slug":"jubilaeumsjahr","status":"publish","type":"page","link":"https:\/\/www.lfs-bonn.de\/?page_id=1065","title":{"rendered":"Jubil\u00e4umsjahr"},"content":{"rendered":"<div id=\"cs-content\" class=\"cs-content\"><\/div>\n","protected":false},"excerpt":{"rendered":"<p>Die Liebfrauenschule Bonn feierte ein Jahr lang Geburtstag \u2013 ein R\u00fcckblick\u00a01876 als private katholische H\u00f6here T\u00f6chterschule in Bonn durch die P\u00e4dagogin Bernardine Fr\u00f6hlich gegr\u00fcndet und durch die Kongregation der Schwestern Unserer Lieben Frau am 11.4.1917 \u00fcbernommen, bewohnt die Schule seit 1919 das Geb\u00e4ude an der K\u00f6nigstra\u00dfe 17-19. Bereits 1928 war aus der privaten H\u00f6heren T\u00f6chterschule eine \u201eVollanstalt in Form eines &#8230; <\/p>\n<div><a href=\"https:\/\/www.lfs-bonn.de\/?page_id=1065\" class=\"more-link\">Read More<\/a><\/div>\n","protected":false},"author":1,"featured_media":0,"parent":13,"menu_order":0,"comment_status":"closed","ping_status":"closed","template":"","meta":{"footnotes":""},"class_list":["post-1065","page","type-page","status-publish","hentry","no-post-thumbnail"],"_links":{"self":[{"href":"https:\/\/www.lfs-bonn.de\/index.php?rest_route=\/wp\/v2\/pages\/1065"}],"collection":[{"href":"https:\/\/www.lfs-bonn.de\/index.php?rest_route=\/wp\/v2\/pages"}],"about":[{"href":"https:\/\/www.lfs-bonn.de\/index.php?rest_route=\/wp\/v2\/types\/page"}],"author":[{"embeddable":true,"href":"https:\/\/www.lfs-bonn.de\/index.php?rest_route=\/wp\/v2\/users\/1"}],"replies":[{"embeddable":true,"href":"https:\/\/www.lfs-bonn.de\/index.php?rest_route=%2Fwp%2Fv2%2Fcomments&post=1065"}],"version-history":[{"count":17,"href":"https:\/\/www.lfs-bonn.de\/index.php?rest_route=\/wp\/v2\/pages\/1065\/revisions"}],"predecessor-version":[{"id":1499,"href":"https:\/\/www.lfs-bonn.de\/index.php?rest_route=\/wp\/v2\/pages\/1065\/revisions\/1499"}],"up":[{"embeddable":true,"href":"https:\/\/www.lfs-bonn.de\/index.php?rest_route=\/wp\/v2\/pages\/13"}],"wp:attachment":[{"href":"https:\/\/www.lfs-bonn.de\/index.php?rest_route=%2Fwp%2Fv2%2Fmedia&parent=1065"}],"curies":[{"name":"wp","href":"https:\/\/api.w.org\/{rel}","templated":true}]}}