{"id":1087,"date":"2018-06-08T19:59:00","date_gmt":"2018-06-08T17:59:00","guid":{"rendered":"http:\/\/wp.lfs-bonn.de\/?page_id=1087"},"modified":"2019-08-30T13:22:27","modified_gmt":"2019-08-30T11:22:27","slug":"eroeffnung-sternwallfahrt","status":"publish","type":"page","link":"https:\/\/www.lfs-bonn.de\/?page_id=1087","title":{"rendered":"Er\u00f6ffnung Sternwallfahrt"},"content":{"rendered":"<div id=\"cs-content\" class=\"cs-content\"><\/div>\n","protected":false},"excerpt":{"rendered":"<p>Sternwallfahrt zum Auftakt des Jubil\u00e4umsjahres 28.04.2017 Bei bestem Fr\u00fchlingssonnenschein startete die Schulgemeinschaft der Liebfrauenschule am 24. April mit einer Sternwallfahrt in die vielf\u00e4ltigen Feierlichkeiten zum 100-j\u00e4hrigen Jubil\u00e4um. In vier verschiedenen Kirchen in Beuel, Endenich, Kessenich und der Altstadt versammelten sich Sch\u00fclerinnen, Eltern und Lehrer zun\u00e4chst, um Wortgottesdienst zu feiern und sodann zu Fu\u00df und mit guter Laune zur Eucharistiefeier in &#8230; <\/p>\n<div><a href=\"https:\/\/www.lfs-bonn.de\/?page_id=1087\" class=\"more-link\">Read More<\/a><\/div>\n","protected":false},"author":1,"featured_media":0,"parent":13,"menu_order":0,"comment_status":"closed","ping_status":"closed","template":"","meta":{"footnotes":""},"class_list":["post-1087","page","type-page","status-publish","hentry","no-post-thumbnail"],"_links":{"self":[{"href":"https:\/\/www.lfs-bonn.de\/index.php?rest_route=\/wp\/v2\/pages\/1087"}],"collection":[{"href":"https:\/\/www.lfs-bonn.de\/index.php?rest_route=\/wp\/v2\/pages"}],"about":[{"href":"https:\/\/www.lfs-bonn.de\/index.php?rest_route=\/wp\/v2\/types\/page"}],"author":[{"embeddable":true,"href":"https:\/\/www.lfs-bonn.de\/index.php?rest_route=\/wp\/v2\/users\/1"}],"replies":[{"embeddable":true,"href":"https:\/\/www.lfs-bonn.de\/index.php?rest_route=%2Fwp%2Fv2%2Fcomments&post=1087"}],"version-history":[{"count":7,"href":"https:\/\/www.lfs-bonn.de\/index.php?rest_route=\/wp\/v2\/pages\/1087\/revisions"}],"predecessor-version":[{"id":2524,"href":"https:\/\/www.lfs-bonn.de\/index.php?rest_route=\/wp\/v2\/pages\/1087\/revisions\/2524"}],"up":[{"embeddable":true,"href":"https:\/\/www.lfs-bonn.de\/index.php?rest_route=\/wp\/v2\/pages\/13"}],"wp:attachment":[{"href":"https:\/\/www.lfs-bonn.de\/index.php?rest_route=%2Fwp%2Fv2%2Fmedia&parent=1087"}],"curies":[{"name":"wp","href":"https:\/\/api.w.org\/{rel}","templated":true}]}}