{"id":109,"date":"2017-11-10T04:52:38","date_gmt":"2017-11-10T03:52:38","guid":{"rendered":"http:\/\/wp.lfs-bonn.de\/?page_id=109"},"modified":"2026-03-13T16:13:01","modified_gmt":"2026-03-13T15:13:01","slug":"sport","status":"publish","type":"page","link":"https:\/\/www.lfs-bonn.de\/?page_id=109","title":{"rendered":"Sport"},"content":{"rendered":"<div id=\"cs-content\" class=\"cs-content\"><div class=\"x-section e109-e1 m31-0\"><div class=\"x-container max width e109-e2 m31-1\"><div class=\"x-column x-sm x-1-2 e109-e3 m31-2\"><div class=\"x-text x-content e109-e4 m31-3\"><h3>Ziele des Faches Sport an der LFS sind:<\/h3>\n<ul>\n \t<li>Vermittlung von motorischem K\u00f6nnen<\/li>\n \t<li>neue Bewegungserfahrungen sammeln<\/li>\n \t<li>Spa\u00df an der Bewegung vermitteln<\/li>\n \t<li>Grenzen austesten<\/li>\n \t<li>sich im Team gemeinsam erleben<\/li>\n \t<li>Gesundheitsf\u00f6rderung<\/li>\n<\/ul>\n<h3>Sportst\u00e4tten<\/h3>\n<h4>Turnhalle LFS<\/h4>\n<h4>Sportpark Nord<\/h4>\n<p>Teilweise findet der Sportunterricht im Sportpark Nord statt. Dort steht uns auch der gro\u00dfe Au\u00dfenbereich (Leichtathletikstadion) zur Verf\u00fcgung.<\/p>\n\n<h4>Sporthallen Kardinal- Frings-Gymnasium<\/h4>\n<p>In der Oberstufe findet der Sportunterricht\u00a0teilweise auch in beiden Hallen des KFG\u00a0und dem dortigen Au\u00dfensportbereich\u00a0statt.<\/p>\n\n<h3><\/h3>\n<p><\/p>\n<p><img loading=\"lazy\" decoding=\"async\" src=\"https:\/\/lfs-bonn.de\/wp-content\/uploads\/Sport-_JR10206.jpg\" alt=\"\" width=\"695\" height=\"463\" class=\"alignnone wp-image-901 size-full\" srcset=\"https:\/\/www.lfs-bonn.de\/wp-content\/uploads\/Sport-_JR10206.jpg 695w, https:\/\/www.lfs-bonn.de\/wp-content\/uploads\/Sport-_JR10206-300x200.jpg 300w, https:\/\/www.lfs-bonn.de\/wp-content\/uploads\/Sport-_JR10206-100x67.jpg 100w\" sizes=\"(max-width: 695px) 100vw, 695px\" \/><\/p><\/div><\/div><div class=\"x-column x-sm x-1-2 e109-e5 m31-2\"><div class=\"x-text x-content e109-e6 m31-3\"><p><img loading=\"lazy\" decoding=\"async\" src=\"https:\/\/lfs-bonn.de\/wp-content\/uploads\/Sport_600x454.jpg\" alt=\"\" width=\"600\" height=\"454\" class=\"aligncenter size-full wp-image-592\" srcset=\"https:\/\/www.lfs-bonn.de\/wp-content\/uploads\/Sport_600x454.jpg 600w, https:\/\/www.lfs-bonn.de\/wp-content\/uploads\/Sport_600x454-300x227.jpg 300w, https:\/\/www.lfs-bonn.de\/wp-content\/uploads\/Sport_600x454-100x76.jpg 100w\" sizes=\"(max-width: 600px) 100vw, 600px\" \/><\/p>\n\n<h3>Weitere Sportangebote<\/h3>\n<h4>Sportwoche (Worriken)<\/h4>\n<p>In der Jahrgangsstufe 8 fahren wir in das Sportzentrum Worriken in Belgien. Hier k\u00f6nnen die Sch\u00fclerinnen verschiedenste Sportangebote ausprobieren, z.B. Kinball, Bogenschie\u00dfen, Skilanglauf.<\/p>\n\n<h4>AGs<\/h4>\n<p>Das sportliche AG-Angebot an der LFS beinhaltet wechselnde Sportarten.<\/p>\n\n<h4>Bonn Marathon<\/h4>\n<p>Wir nehmen erfolgreich mit unseren Schulstaffeln am Bonn Marathon teil.<\/p><\/div><\/div><\/div><\/div><\/div>\n","protected":false},"excerpt":{"rendered":"<p>Ziele des Faches Sport an der LFS sind: Vermittlung von motorischem K\u00f6nnen neue Bewegungserfahrungen sammeln Spa\u00df an der Bewegung vermitteln Grenzen austesten sich im Team gemeinsam erleben Gesundheitsf\u00f6rderung Sportst\u00e4tten Turnhalle LFS Sportpark Nord Teilweise findet der Sportunterricht im Sportpark Nord statt. Dort steht uns auch der gro\u00dfe Au\u00dfenbereich (Leichtathletikstadion) zur Verf\u00fcgung. Sporthallen Kardinal- Frings-Gymnasium In der Oberstufe findet der Sportunterricht\u00a0teilweise &#8230; <\/p>\n<div><a href=\"https:\/\/www.lfs-bonn.de\/?page_id=109\" class=\"more-link\">Read More<\/a><\/div>\n","protected":false},"author":1,"featured_media":0,"parent":11,"menu_order":0,"comment_status":"closed","ping_status":"closed","template":"","meta":{"footnotes":""},"class_list":["post-109","page","type-page","status-publish","hentry","no-post-thumbnail"],"_links":{"self":[{"href":"https:\/\/www.lfs-bonn.de\/index.php?rest_route=\/wp\/v2\/pages\/109"}],"collection":[{"href":"https:\/\/www.lfs-bonn.de\/index.php?rest_route=\/wp\/v2\/pages"}],"about":[{"href":"https:\/\/www.lfs-bonn.de\/index.php?rest_route=\/wp\/v2\/types\/page"}],"author":[{"embeddable":true,"href":"https:\/\/www.lfs-bonn.de\/index.php?rest_route=\/wp\/v2\/users\/1"}],"replies":[{"embeddable":true,"href":"https:\/\/www.lfs-bonn.de\/index.php?rest_route=%2Fwp%2Fv2%2Fcomments&post=109"}],"version-history":[{"count":4,"href":"https:\/\/www.lfs-bonn.de\/index.php?rest_route=\/wp\/v2\/pages\/109\/revisions"}],"predecessor-version":[{"id":6609,"href":"https:\/\/www.lfs-bonn.de\/index.php?rest_route=\/wp\/v2\/pages\/109\/revisions\/6609"}],"up":[{"embeddable":true,"href":"https:\/\/www.lfs-bonn.de\/index.php?rest_route=\/wp\/v2\/pages\/11"}],"wp:attachment":[{"href":"https:\/\/www.lfs-bonn.de\/index.php?rest_route=%2Fwp%2Fv2%2Fmedia&parent=109"}],"curies":[{"name":"wp","href":"https:\/\/api.w.org\/{rel}","templated":true}]}}