{"id":11,"date":"2017-11-02T15:35:50","date_gmt":"2017-11-02T14:35:50","guid":{"rendered":"http:\/\/wp.lfs-bonn.de\/?page_id=11"},"modified":"2026-03-13T16:18:50","modified_gmt":"2026-03-13T15:18:50","slug":"unterricht","status":"publish","type":"page","link":"https:\/\/www.lfs-bonn.de\/?page_id=11","title":{"rendered":"Unterricht"},"content":{"rendered":"<div id=\"cs-content\" class=\"cs-content\"><div class=\"x-section e11-e1 mb-0\"><div class=\"x-container max width e11-e2 mb-1\"><div class=\"x-column x-sm x-1-3 e11-e3 mb-2\"><span class=\"x-image e11-e4 mb-3\"><img decoding=\"async\" src=\"https:\/\/www.lfs-bonn.de\/wp-content\/uploads\/Sprachen_300x200-1.jpg\" width=\"300\" height=\"200\" alt=\"Image\" loading=\"lazy\"><\/span><div class=\"x-text x-content e11-e5 mb-4\"><h3>Sprachen<\/h3>\n<table>\n<tbody>\n<tr>\n<td><a href=\"https:\/\/lfs-bonn.de\/?page_id=97\">Deutsch<\/a><\/td>\n<td><a href=\"https:\/\/lfs-bonn.de\/?page_id=398\">Latein<\/a><\/td>\n<\/tr>\n<tr>\n<td><a href=\"https:\/\/lfs-bonn.de\/?page_id=394\">Englisch<\/a><\/td>\n<td><a href=\"https:\/\/lfs-bonn.de\/?page_id=400\">Spanisch<\/a><\/td>\n<\/tr>\n<tr>\n<td><a href=\"https:\/\/lfs-bonn.de\/?page_id=396\">Franz\u00f6sisch<\/a><\/td>\n<td><a href=\"https:\/\/www.lfs-bonn.de\/wp-content\/uploads\/Sprachenfolge-neu-2019-20_TdoT-1.pptx\">Sprachenfolge\u00a0<\/a><\/td>\n<\/tr>\n<\/tbody>\n<\/table><\/div><\/div><div class=\"x-column x-sm x-1-3 e11-e6 mb-2\"><span class=\"x-image e11-e7 mb-3\"><img decoding=\"async\" src=\"https:\/\/www.lfs-bonn.de\/wp-content\/uploads\/Musik_300x200.jpg\" width=\"300\" height=\"200\" alt=\"Image\" loading=\"lazy\"><\/span><div class=\"x-text x-content e11-e8 mb-4\"><h3>K\u00fcnstlerisch-musische F\u00e4cher<\/h3>\n<table>\n<tbody>\n<tr>\n<td><a href=\"https:\/\/lfs-bonn.de\/?page_id=402\">Kunst<\/a><\/td>\n<td><\/td>\n<\/tr>\n<tr>\n<td><a href=\"https:\/\/lfs-bonn.de\/?page_id=404\">Literatur<\/a><\/td>\n<td><\/td>\n<\/tr>\n<tr>\n<td><a href=\"https:\/\/lfs-bonn.de\/?page_id=406\">Musik<\/a><\/td>\n<td><\/td>\n<\/tr>\n<\/tbody>\n<\/table><\/div><\/div><div class=\"x-column x-sm x-1-3 e11-e9 mb-2\"><span class=\"x-image e11-e10 mb-3\"><img decoding=\"async\" src=\"https:\/\/www.lfs-bonn.de\/wp-content\/uploads\/MINT_300x200-1.jpg\" width=\"300\" height=\"200\" alt=\"Image\" loading=\"lazy\"><\/span><div class=\"x-text x-content e11-e11 mb-4\"><h3>MINT-F\u00e4cher<\/h3>\n<table>\n<tbody>\n<tr>\n<td><a href=\"https:\/\/lfs-bonn.de\/?page_id=408\">Biologie<\/a><\/td>\n<td><a href=\"https:\/\/lfs-bonn.de\/?page_id=410\">Chemie<\/a><\/td>\n<\/tr>\n<tr>\n<td><a href=\"https:\/\/lfs-bonn.de\/?page_id=412\">Ern\u00e4hrungslehre<\/a><\/td>\n<td><a href=\"https:\/\/lfs-bonn.de\/?page_id=414\">Mathematik<\/a><\/td>\n<\/tr>\n<tr>\n<td><a href=\"https:\/\/lfs-bonn.de\/?page_id=416\">Physik<\/a><\/td>\n<td><a href=\"https:\/\/www.lfs-bonn.de\/?page_id=1776\">JIA<\/a><\/td>\n<\/tr>\n<\/tbody>\n<\/table><\/div><\/div><\/div><div class=\"x-container max width e11-e12 mb-1\"><div class=\"x-column x-sm x-1-3 e11-e13 mb-2\"><div class=\"x-bg\" aria-hidden=\"true\"><div class=\"x-bg-layer-lower-image\"><\/div><\/div><span class=\"x-image e11-e14 mb-3\"><img decoding=\"async\" src=\"https:\/\/www.lfs-bonn.de\/wp-content\/uploads\/IntVorbereitungsklasse_300x200.jpg\" width=\"300\" height=\"200\" alt=\"Image\" loading=\"lazy\"><\/span><div class=\"x-text x-content e11-e15 mb-4\"><h3>Gesellschaftswissenschaften<\/h3><table><tbody><tr><td><a href=\"https:\/\/lfs-bonn.de\/?page_id=418\">Erdkunde<\/a><\/td><td><a href=\"https:\/\/lfs-bonn.de\/?page_id=420\">Geschichte<\/a><\/td><\/tr><tr><td><a href=\"https:\/\/lfs-bonn.de\/?page_id=422\">Philosophie<\/a><\/td><td><a href=\"https:\/\/lfs-bonn.de\/?page_id=424\">Politik\/Sozialwissenschaften<\/a><\/td><\/tr><\/tbody><\/table><\/div><\/div><div class=\"x-column x-sm x-1-3 e11-e16 mb-2\"><div class=\"x-bg\" aria-hidden=\"true\"><div class=\"x-bg-layer-lower-image\"><\/div><\/div><span class=\"x-image e11-e17 mb-3\"><img decoding=\"async\" src=\"https:\/\/www.lfs-bonn.de\/wp-content\/uploads\/Kachel-Religionsunterricht-Kerzen.jpg\" width=\"300\" height=\"200\" alt=\"Image\" loading=\"lazy\"><\/span><div class=\"x-text x-content e11-e18 mb-4\"><h3>Religionslehre<\/h3><table><tbody><tr><td><a href=\"https:\/\/lfs-bonn.de\/?page_id=426\">Evangelisch<\/a><\/td><td><a href=\"https:\/\/lfs-bonn.de\/?page_id=428\">Katholisch<\/a><\/td><\/tr><\/tbody><\/table><\/div><\/div><div class=\"x-column x-sm x-1-3 e11-e19 mb-2\"><div class=\"x-bg\" aria-hidden=\"true\"><div class=\"x-bg-layer-lower-image\"><\/div><\/div><span class=\"x-image e11-e20 mb-3\"><img decoding=\"async\" src=\"https:\/\/www.lfs-bonn.de\/wp-content\/uploads\/Sport_300x200-1.jpg\" width=\"300\" height=\"200\" alt=\"Image\" loading=\"lazy\"><\/span><div class=\"x-text x-content e11-e21 mb-4\"><h3>Sport<\/h3><table><tbody><tr><td><a href=\"https:\/\/lfs-bonn.de\/?page_id=109\">Unterricht, Wettbewerbe, AGs<\/a><\/td><\/tr><\/tbody><\/table><\/div><\/div><\/div><div class=\"x-container max width e11-e22 mb-1\"><div class=\"x-column x-sm x-1-3 e11-e23 mb-2\"><div class=\"x-bg\" aria-hidden=\"true\"><div class=\"x-bg-layer-lower-image\"><\/div><\/div><span class=\"x-image e11-e24 mb-3\"><img decoding=\"async\" src=\"https:\/\/www.lfs-bonn.de\/wp-content\/uploads\/IntVorbereitungsklasse_300x200-1.jpg\" width=\"300\" height=\"200\" alt=\"Image\" loading=\"lazy\"><\/span><div class=\"x-text x-content e11-e25 mb-4\"><h3>Individuelle F\u00f6rderung<\/h3><table><tbody><tr><td><a href=\"https:\/\/lfs-bonn.de\/?page_id=111\">Internationale Vorbereitungsklasse<\/a><\/td><\/tr><\/tbody><\/table><\/div><\/div><div class=\"x-column x-sm x-1-3 e11-e26 mb-2\"><div class=\"x-bg\" aria-hidden=\"true\"><div class=\"x-bg-layer-lower-image\"><\/div><\/div><span class=\"x-image e11-e27 mb-3\"><img decoding=\"async\" src=\"https:\/\/www.lfs-bonn.de\/wp-content\/uploads\/kachel-sch\u00fclerinnen.jpg\" width=\"300\" height=\"200\" alt=\"Image\" loading=\"lazy\"><\/span><div class=\"x-text x-content e11-e28 mb-4\"><h3>F\u00f6rderkonzept \/ Hausaufgabenkonzept<\/h3><table><tbody><tr><td><a href=\"https:\/\/lfs-bonn.de\/?page_id=113\">F\u00f6rderkonzept \/ Hausaufgabenkonzept<\/a><\/td><\/tr><\/tbody><\/table><\/div><\/div><div class=\"x-column x-sm x-1-3 e11-e29 mb-2\"><div class=\"x-bg\" aria-hidden=\"true\"><div class=\"x-bg-layer-lower-image\"><\/div><\/div><span class=\"x-image e11-e30 mb-3\"><img decoding=\"async\" src=\"https:\/\/www.lfs-bonn.de\/wp-content\/uploads\/Sch\u00fclerinnen.jpg\" width=\"300\" height=\"200\" alt=\"Image\" loading=\"lazy\"><\/span><div class=\"x-text x-content e11-e31 mb-4\"><h3>Kooperationsschulen<\/h3><table><tbody><tr><td><a href=\"https:\/\/lfs-bonn.de\/?page_id=115\">Kooperationsschulen<\/a><\/td><\/tr><\/tbody><\/table><\/div><\/div><\/div><\/div><\/div>\n","protected":false},"excerpt":{"rendered":"<p>Sprachen Deutsch Latein Englisch Spanisch Franz\u00f6sisch Sprachenfolge\u00a0 K\u00fcnstlerisch-musische F\u00e4cher Kunst Literatur Musik MINT-F\u00e4cher Biologie Chemie Ern\u00e4hrungslehre Mathematik Physik JIA GesellschaftswissenschaftenErdkundeGeschichtePhilosophiePolitik\/SozialwissenschaftenReligionslehreEvangelischKatholischSportUnterricht, Wettbewerbe, AGsIndividuelle F\u00f6rderungInternationale VorbereitungsklasseF\u00f6rderkonzept \/ HausaufgabenkonzeptF\u00f6rderkonzept \/ HausaufgabenkonzeptKooperationsschulenKooperationsschulen<\/p>\n","protected":false},"author":1,"featured_media":0,"parent":0,"menu_order":0,"comment_status":"closed","ping_status":"closed","template":"","meta":{"footnotes":""},"class_list":["post-11","page","type-page","status-publish","hentry","no-post-thumbnail"],"_links":{"self":[{"href":"https:\/\/www.lfs-bonn.de\/index.php?rest_route=\/wp\/v2\/pages\/11"}],"collection":[{"href":"https:\/\/www.lfs-bonn.de\/index.php?rest_route=\/wp\/v2\/pages"}],"about":[{"href":"https:\/\/www.lfs-bonn.de\/index.php?rest_route=\/wp\/v2\/types\/page"}],"author":[{"embeddable":true,"href":"https:\/\/www.lfs-bonn.de\/index.php?rest_route=\/wp\/v2\/users\/1"}],"replies":[{"embeddable":true,"href":"https:\/\/www.lfs-bonn.de\/index.php?rest_route=%2Fwp%2Fv2%2Fcomments&post=11"}],"version-history":[{"count":11,"href":"https:\/\/www.lfs-bonn.de\/index.php?rest_route=\/wp\/v2\/pages\/11\/revisions"}],"predecessor-version":[{"id":6610,"href":"https:\/\/www.lfs-bonn.de\/index.php?rest_route=\/wp\/v2\/pages\/11\/revisions\/6610"}],"wp:attachment":[{"href":"https:\/\/www.lfs-bonn.de\/index.php?rest_route=%2Fwp%2Fv2%2Fmedia&parent=11"}],"curies":[{"name":"wp","href":"https:\/\/api.w.org\/{rel}","templated":true}]}}