{"id":111,"date":"2017-11-10T04:53:06","date_gmt":"2017-11-10T03:53:06","guid":{"rendered":"http:\/\/wp.lfs-bonn.de\/?page_id=111"},"modified":"2023-08-29T15:05:53","modified_gmt":"2023-08-29T13:05:53","slug":"internationale-vorbereitungsklasse","status":"publish","type":"page","link":"https:\/\/www.lfs-bonn.de\/?page_id=111","title":{"rendered":"Internationale Vorbereitungsklasse"},"content":{"rendered":"<div id=\"cs-content\" class=\"cs-content\"><\/div>\n","protected":false},"excerpt":{"rendered":"<p>Der Besuch der Internationalen Vorbereitungsklasse an der LFS (IVK) dient der Vorbereitung zur Teilnahme am Regelunterricht. Die Verweildauer in der IVK ist abh\u00e4ngig vom individuellen Leistungsstand. Wir bieten gezielte individuelle F\u00f6rderung im Fach Deutsch und Deutsch als Zweitsprache (DaZ): Jahrgangs\u00fcbergreifend f\u00f6rdern wir unsere Sch\u00fclerinnen der Klassen 5 bis 9 differenziert im Klassenverbund. Neben dem Erwerb der deutschen Sprache und Grammatik &#8230; <\/p>\n<div><a href=\"https:\/\/www.lfs-bonn.de\/?page_id=111\" class=\"more-link\">Read More<\/a><\/div>\n","protected":false},"author":1,"featured_media":0,"parent":11,"menu_order":0,"comment_status":"closed","ping_status":"closed","template":"","meta":{"footnotes":""},"class_list":["post-111","page","type-page","status-publish","hentry","no-post-thumbnail"],"_links":{"self":[{"href":"https:\/\/www.lfs-bonn.de\/index.php?rest_route=\/wp\/v2\/pages\/111"}],"collection":[{"href":"https:\/\/www.lfs-bonn.de\/index.php?rest_route=\/wp\/v2\/pages"}],"about":[{"href":"https:\/\/www.lfs-bonn.de\/index.php?rest_route=\/wp\/v2\/types\/page"}],"author":[{"embeddable":true,"href":"https:\/\/www.lfs-bonn.de\/index.php?rest_route=\/wp\/v2\/users\/1"}],"replies":[{"embeddable":true,"href":"https:\/\/www.lfs-bonn.de\/index.php?rest_route=%2Fwp%2Fv2%2Fcomments&post=111"}],"version-history":[{"count":5,"href":"https:\/\/www.lfs-bonn.de\/index.php?rest_route=\/wp\/v2\/pages\/111\/revisions"}],"predecessor-version":[{"id":5425,"href":"https:\/\/www.lfs-bonn.de\/index.php?rest_route=\/wp\/v2\/pages\/111\/revisions\/5425"}],"up":[{"embeddable":true,"href":"https:\/\/www.lfs-bonn.de\/index.php?rest_route=\/wp\/v2\/pages\/11"}],"wp:attachment":[{"href":"https:\/\/www.lfs-bonn.de\/index.php?rest_route=%2Fwp%2Fv2%2Fmedia&parent=111"}],"curies":[{"name":"wp","href":"https:\/\/api.w.org\/{rel}","templated":true}]}}