{"id":113,"date":"2017-11-10T04:54:16","date_gmt":"2017-11-10T03:54:16","guid":{"rendered":"http:\/\/wp.lfs-bonn.de\/?page_id=113"},"modified":"2022-08-23T07:46:36","modified_gmt":"2022-08-23T05:46:36","slug":"foerderkonzepthausaufgabenkonzept","status":"publish","type":"page","link":"https:\/\/www.lfs-bonn.de\/?page_id=113","title":{"rendered":"F\u00f6rderkonzept\/Hausaufgabenkonzept"},"content":{"rendered":"<div id=\"cs-content\" class=\"cs-content\"><\/div>\n","protected":false},"excerpt":{"rendered":"<p>Unter F\u00f6rdern verstehen wir an der Liebfrauenschule zweierlei. Zum einen f\u00f6rdern wir die besonderen Begabungen einzelner Sch\u00fclerinnen auf vielf\u00e4ltige Weise, zum anderen unterst\u00fctzen wir die Sch\u00fclerinnen bei Schwierigkeiten in verschiedenen Lernbereichen. Dies geschieht vor allem in den folgenden drei Bereichen: 1. Erg\u00e4nzungsstunden Die Sch\u00fclerinnen erhalten in den Klassen 5-9 insgesamt zehn bis zw\u00f6lf sogenannte Erg\u00e4nzungsstunden, wovon f\u00fcnf nicht f\u00fcr alle &#8230; <\/p>\n<div><a href=\"https:\/\/www.lfs-bonn.de\/?page_id=113\" class=\"more-link\">Read More<\/a><\/div>\n","protected":false},"author":1,"featured_media":0,"parent":11,"menu_order":0,"comment_status":"closed","ping_status":"closed","template":"","meta":{"footnotes":""},"class_list":["post-113","page","type-page","status-publish","hentry","no-post-thumbnail"],"_links":{"self":[{"href":"https:\/\/www.lfs-bonn.de\/index.php?rest_route=\/wp\/v2\/pages\/113"}],"collection":[{"href":"https:\/\/www.lfs-bonn.de\/index.php?rest_route=\/wp\/v2\/pages"}],"about":[{"href":"https:\/\/www.lfs-bonn.de\/index.php?rest_route=\/wp\/v2\/types\/page"}],"author":[{"embeddable":true,"href":"https:\/\/www.lfs-bonn.de\/index.php?rest_route=\/wp\/v2\/users\/1"}],"replies":[{"embeddable":true,"href":"https:\/\/www.lfs-bonn.de\/index.php?rest_route=%2Fwp%2Fv2%2Fcomments&post=113"}],"version-history":[{"count":4,"href":"https:\/\/www.lfs-bonn.de\/index.php?rest_route=\/wp\/v2\/pages\/113\/revisions"}],"predecessor-version":[{"id":4839,"href":"https:\/\/www.lfs-bonn.de\/index.php?rest_route=\/wp\/v2\/pages\/113\/revisions\/4839"}],"up":[{"embeddable":true,"href":"https:\/\/www.lfs-bonn.de\/index.php?rest_route=\/wp\/v2\/pages\/11"}],"wp:attachment":[{"href":"https:\/\/www.lfs-bonn.de\/index.php?rest_route=%2Fwp%2Fv2%2Fmedia&parent=113"}],"curies":[{"name":"wp","href":"https:\/\/api.w.org\/{rel}","templated":true}]}}