{"id":115,"date":"2017-11-10T04:54:37","date_gmt":"2017-11-10T03:54:37","guid":{"rendered":"http:\/\/wp.lfs-bonn.de\/?page_id=115"},"modified":"2018-02-27T18:17:47","modified_gmt":"2018-02-27T17:17:47","slug":"kooperationsschulen","status":"publish","type":"page","link":"https:\/\/www.lfs-bonn.de\/?page_id=115","title":{"rendered":"Kooperationsschulen"},"content":{"rendered":"<div id=\"cs-content\" class=\"cs-content\"><\/div>\n","protected":false},"excerpt":{"rendered":"<p>Durch die langj\u00e4hrige \u00a0Kooperation mit dem Sankt-Adelheid-Gymnasium und dem Kardinal-Frings-Gymnasium in Beuel wird der Leistungskursbereich der Sek II der Liebfrauenschule erheblich erweitert. Wenn Leistungskurse an der Liebfrauenschule nicht eingerichtet werden k\u00f6nnen oder der von einer Sch\u00fclerin gew\u00fcnschte Leistungskurs in derselben Zeitleiste liegt wie der erste von ihr belegte Leistungskurs, kann im Rahmen dieser Kooperation ein Leistungskurs an einer der Partnerschulen &#8230; <\/p>\n<div><a href=\"https:\/\/www.lfs-bonn.de\/?page_id=115\" class=\"more-link\">Read More<\/a><\/div>\n","protected":false},"author":1,"featured_media":0,"parent":11,"menu_order":0,"comment_status":"closed","ping_status":"closed","template":"","meta":{"footnotes":""},"class_list":["post-115","page","type-page","status-publish","hentry","no-post-thumbnail"],"_links":{"self":[{"href":"https:\/\/www.lfs-bonn.de\/index.php?rest_route=\/wp\/v2\/pages\/115"}],"collection":[{"href":"https:\/\/www.lfs-bonn.de\/index.php?rest_route=\/wp\/v2\/pages"}],"about":[{"href":"https:\/\/www.lfs-bonn.de\/index.php?rest_route=\/wp\/v2\/types\/page"}],"author":[{"embeddable":true,"href":"https:\/\/www.lfs-bonn.de\/index.php?rest_route=\/wp\/v2\/users\/1"}],"replies":[{"embeddable":true,"href":"https:\/\/www.lfs-bonn.de\/index.php?rest_route=%2Fwp%2Fv2%2Fcomments&post=115"}],"version-history":[{"count":2,"href":"https:\/\/www.lfs-bonn.de\/index.php?rest_route=\/wp\/v2\/pages\/115\/revisions"}],"predecessor-version":[{"id":486,"href":"https:\/\/www.lfs-bonn.de\/index.php?rest_route=\/wp\/v2\/pages\/115\/revisions\/486"}],"up":[{"embeddable":true,"href":"https:\/\/www.lfs-bonn.de\/index.php?rest_route=\/wp\/v2\/pages\/11"}],"wp:attachment":[{"href":"https:\/\/www.lfs-bonn.de\/index.php?rest_route=%2Fwp%2Fv2%2Fmedia&parent=115"}],"curies":[{"name":"wp","href":"https:\/\/api.w.org\/{rel}","templated":true}]}}