{"id":1161,"date":"2018-06-11T18:18:12","date_gmt":"2018-06-11T16:18:12","guid":{"rendered":"http:\/\/wp.lfs-bonn.de\/?page_id=1161"},"modified":"2018-06-12T14:42:32","modified_gmt":"2018-06-12T12:42:32","slug":"vortraege","status":"publish","type":"page","link":"https:\/\/www.lfs-bonn.de\/?page_id=1161","title":{"rendered":"Vortr\u00e4ge"},"content":{"rendered":"<div id=\"cs-content\" class=\"cs-content\"><\/div>\n","protected":false},"excerpt":{"rendered":"<p>Vortrag \u201eDer ganze Mensch im Blick ? Warum eine Schule ohne Kunst keine Schule ist\u201c von Herrn Prof. Reiner SchuhennWir haben uns in den letzten Jahrzehnten daran gew\u00f6hnt, Qualit\u00e4t in ann\u00e4hernd allen Bereichen unseres Lebens in Form des Rankings, der Rangliste zu messen. Warum also sollte das, was z.B. bei der Wahl der erfolgreichsten Di\u00e4t oder des besten Restaurants Orientierung &#8230; <\/p>\n<div><a href=\"https:\/\/www.lfs-bonn.de\/?page_id=1161\" class=\"more-link\">Read More<\/a><\/div>\n","protected":false},"author":1,"featured_media":0,"parent":13,"menu_order":0,"comment_status":"closed","ping_status":"closed","template":"","meta":{"footnotes":""},"class_list":["post-1161","page","type-page","status-publish","hentry","no-post-thumbnail"],"_links":{"self":[{"href":"https:\/\/www.lfs-bonn.de\/index.php?rest_route=\/wp\/v2\/pages\/1161"}],"collection":[{"href":"https:\/\/www.lfs-bonn.de\/index.php?rest_route=\/wp\/v2\/pages"}],"about":[{"href":"https:\/\/www.lfs-bonn.de\/index.php?rest_route=\/wp\/v2\/types\/page"}],"author":[{"embeddable":true,"href":"https:\/\/www.lfs-bonn.de\/index.php?rest_route=\/wp\/v2\/users\/1"}],"replies":[{"embeddable":true,"href":"https:\/\/www.lfs-bonn.de\/index.php?rest_route=%2Fwp%2Fv2%2Fcomments&post=1161"}],"version-history":[{"count":9,"href":"https:\/\/www.lfs-bonn.de\/index.php?rest_route=\/wp\/v2\/pages\/1161\/revisions"}],"predecessor-version":[{"id":1184,"href":"https:\/\/www.lfs-bonn.de\/index.php?rest_route=\/wp\/v2\/pages\/1161\/revisions\/1184"}],"up":[{"embeddable":true,"href":"https:\/\/www.lfs-bonn.de\/index.php?rest_route=\/wp\/v2\/pages\/13"}],"wp:attachment":[{"href":"https:\/\/www.lfs-bonn.de\/index.php?rest_route=%2Fwp%2Fv2%2Fmedia&parent=1161"}],"curies":[{"name":"wp","href":"https:\/\/api.w.org\/{rel}","templated":true}]}}