{"id":13,"date":"2017-11-02T15:36:17","date_gmt":"2017-11-02T14:36:17","guid":{"rendered":"http:\/\/wp.lfs-bonn.de\/?page_id=13"},"modified":"2023-08-29T15:12:12","modified_gmt":"2023-08-29T13:12:12","slug":"und-mehr","status":"publish","type":"page","link":"https:\/\/www.lfs-bonn.de\/?page_id=13","title":{"rendered":"LFS plus"},"content":{"rendered":"<div id=\"cs-content\" class=\"cs-content\"><\/div>\n","protected":false},"excerpt":{"rendered":"<p>MINT-Bereich MINT \u2013 Was ist das? MINT Akademie MINT Mobil MultiCO JIA SchulpastoralSchulpastoral Sport und Gesundheitsf\u00f6rderungAu\u00dferunterrichtliche SportangeboteGesundheitsf\u00f6rderungAustausch und ExkursionenAustauschExkursionenWettbewerbeWettbewerbe<\/p>\n","protected":false},"author":1,"featured_media":0,"parent":0,"menu_order":0,"comment_status":"closed","ping_status":"closed","template":"","meta":{"footnotes":""},"class_list":["post-13","page","type-page","status-publish","hentry","no-post-thumbnail"],"_links":{"self":[{"href":"https:\/\/www.lfs-bonn.de\/index.php?rest_route=\/wp\/v2\/pages\/13"}],"collection":[{"href":"https:\/\/www.lfs-bonn.de\/index.php?rest_route=\/wp\/v2\/pages"}],"about":[{"href":"https:\/\/www.lfs-bonn.de\/index.php?rest_route=\/wp\/v2\/types\/page"}],"author":[{"embeddable":true,"href":"https:\/\/www.lfs-bonn.de\/index.php?rest_route=\/wp\/v2\/users\/1"}],"replies":[{"embeddable":true,"href":"https:\/\/www.lfs-bonn.de\/index.php?rest_route=%2Fwp%2Fv2%2Fcomments&post=13"}],"version-history":[{"count":10,"href":"https:\/\/www.lfs-bonn.de\/index.php?rest_route=\/wp\/v2\/pages\/13\/revisions"}],"predecessor-version":[{"id":5429,"href":"https:\/\/www.lfs-bonn.de\/index.php?rest_route=\/wp\/v2\/pages\/13\/revisions\/5429"}],"wp:attachment":[{"href":"https:\/\/www.lfs-bonn.de\/index.php?rest_route=%2Fwp%2Fv2%2Fmedia&parent=13"}],"curies":[{"name":"wp","href":"https:\/\/api.w.org\/{rel}","templated":true}]}}