{"id":133,"date":"2017-11-10T05:01:35","date_gmt":"2017-11-10T04:01:35","guid":{"rendered":"http:\/\/wp.lfs-bonn.de\/?page_id=133"},"modified":"2026-03-13T16:23:22","modified_gmt":"2026-03-13T15:23:22","slug":"mint-bereich","status":"publish","type":"page","link":"https:\/\/www.lfs-bonn.de\/?page_id=133","title":{"rendered":"MINT-Bereich"},"content":{"rendered":"<div id=\"cs-content\" class=\"cs-content\"><div class=\"x-section e133-e1 m3p-0\"><div class=\"x-container max width e133-e2 m3p-1\"><div class=\"x-column x-sm x-1-2 e133-e3 m3p-2\"><div class=\"x-text x-content e133-e4 m3p-3\"><h3>MINT \u2013 was hei\u00dft das eigentlich?<\/h3>\n<p>F\u00fcr uns hei\u00dft es \u201eM\u00e4dchen in Naturwissenschaften und Technik\u201c!<\/p>\n<p>Das breit gef\u00e4cherte Angebot bietet allen Sch\u00fclerinnen die M\u00f6glichkeit ihre naturwissenschaftlichen Neigungen und Talente zu entdecken:<a href=\"https:\/\/lfs-bonn.de\/?page_id=438\"><\/a><\/p>\n\n<ul>\n \t<li><a href=\"https:\/\/lfs-bonn.de\/?page_id=170\">Umwelt-AG<\/a> (Sekundarstufe I)<\/li>\n \t<li><a href=\"https:\/\/lfs-bonn.de\/?page_id=430\">MINT-Akademie<\/a> (Jahrgangstufe 6 bis Q1)<\/li>\n \t<li>\u00a0<a href=\"https:\/\/lfs-bonn.de\/?page_id=452\">Junior-Ingenieur-Akademie<\/a> (Jahrgangsstufe 8 bis EF)<\/li>\n \t<li><a href=\"https:\/\/lfs-bonn.de\/?page_id=434\">MultiCo<\/a> (Jahrgangsstufe 8 bis 9)<\/li>\n \t<li><a href=\"https:\/\/lfs-bonn.de\/?page_id=436\">Projektkurs<\/a> (Qualifikationsphase)<\/li>\n \t<li><a href=\"https:\/\/lfs-bonn.de\/?page_id=432\">MINT mobil<\/a><\/li>\n \t<li><a href=\"https:\/\/www.fff.uni-bonn.de\/\" target=\"_blank\" rel=\"noopener\">F\u00f6rdern, Fordern, Forschen<\/a> (FFF) \u2013 Studienangebot f\u00fcr Sch\u00fcler der Uni Bonn<\/li>\n<\/ul>\n<p><a href=\"https:\/\/www.lfs-bonn.de\/wp-content\/uploads\/MINT-Konzept-e1557497178334.jpg\"><img loading=\"lazy\" decoding=\"async\" src=\"https:\/\/www.lfs-bonn.de\/wp-content\/uploads\/MINT-Konzept-e1557497178334-300x224.jpg\" alt=\"\" width=\"300\" height=\"224\" class=\"alignnone size-medium wp-image-2252\" \/><\/a><\/p><\/div><\/div><div class=\"x-column x-sm x-1-2 e133-e5 m3p-2\"><div class=\"x-text x-content e133-e6 m3p-3\"><p><img loading=\"lazy\" decoding=\"async\" src=\"https:\/\/lfs-bonn.de\/wp-content\/uploads\/MINT_1_600x454.jpg\" alt=\"\" width=\"600\" height=\"454\" class=\"aligncenter size-full wp-image-582\" srcset=\"https:\/\/www.lfs-bonn.de\/wp-content\/uploads\/MINT_1_600x454.jpg 600w, https:\/\/www.lfs-bonn.de\/wp-content\/uploads\/MINT_1_600x454-300x227.jpg 300w, https:\/\/www.lfs-bonn.de\/wp-content\/uploads\/MINT_1_600x454-100x76.jpg 100w\" sizes=\"(max-width: 600px) 100vw, 600px\" \/><\/p>\n\n<ul>\n \t<li>Wettbewerbe, z.B.: <a href=\"https:\/\/www.mathe-kaenguru.de\/\"><\/a>\n<ul>\n \t<li><a href=\"https:\/\/www.jugend-praesentiert.de\" target=\"_blank\" rel=\"noopener\">Jugend pr\u00e4sentiert<\/a>,<\/li>\n \t<li><a href=\"https:\/\/www.bio-logisch-nrw.de\/\" target=\"_blank\" rel=\"noopener\">Bio-logisch<\/a>,<\/li>\n \t<li><a href=\"http:\/\/www.biologieolympiade.de\/\" target=\"_blank\" rel=\"noopener\">Internationale Biologie-Olympiade<\/a>,<\/li>\n \t<li><a href=\"https:\/\/wettbewerbe.ipn.uni-kiel.de\/icho\/\" target=\"_blank\" rel=\"noopener\">Internationale Chemie-Olympiade<\/a>,<\/li>\n \t<li><a href=\"https:\/\/www.jugend-forscht.de\/wettbewerbe\/regional-landeswettbewerbe\/wettbewerbstermine\/detail\/landeswettbewerb-jugend-forscht-nordrhein-westfalen.html\" target=\"_blank\" rel=\"noopener\">Jugend forscht<\/a>,<\/li>\n \t<li><a href=\"http:\/\/www.mathe-kaenguru.de\/\" target=\"_blank\" rel=\"noopener\">K\u00e4nguru-Wettbewerb<\/a><\/li>\n<\/ul>\n<\/li>\n<\/ul>\n<p>Lesen Sie mehr zum <em><strong><a href=\"https:\/\/www.lfs-bonn.de\/wp-content\/uploads\/MINT-Konzept-LFS.pdf\">MINT-Konzept der LFS.<\/a><\/strong><\/em><\/p>\n<p><\/p><\/div><\/div><\/div><\/div><\/div>\n","protected":false},"excerpt":{"rendered":"<p>MINT \u2013 was hei\u00dft das eigentlich? F\u00fcr uns hei\u00dft es \u201eM\u00e4dchen in Naturwissenschaften und Technik\u201c! Das breit gef\u00e4cherte Angebot bietet allen Sch\u00fclerinnen die M\u00f6glichkeit ihre naturwissenschaftlichen Neigungen und Talente zu entdecken: Umwelt-AG (Sekundarstufe I) MINT-Akademie (Jahrgangstufe 6 bis Q1) \u00a0Junior-Ingenieur-Akademie (Jahrgangsstufe 8 bis EF) MultiCo (Jahrgangsstufe 8 bis 9) Projektkurs (Qualifikationsphase) MINT mobil F\u00f6rdern, Fordern, Forschen (FFF) \u2013 Studienangebot f\u00fcr &#8230; <\/p>\n<div><a href=\"https:\/\/www.lfs-bonn.de\/?page_id=133\" class=\"more-link\">Read More<\/a><\/div>\n","protected":false},"author":1,"featured_media":0,"parent":13,"menu_order":0,"comment_status":"closed","ping_status":"closed","template":"","meta":{"footnotes":""},"class_list":["post-133","page","type-page","status-publish","hentry","no-post-thumbnail"],"_links":{"self":[{"href":"https:\/\/www.lfs-bonn.de\/index.php?rest_route=\/wp\/v2\/pages\/133"}],"collection":[{"href":"https:\/\/www.lfs-bonn.de\/index.php?rest_route=\/wp\/v2\/pages"}],"about":[{"href":"https:\/\/www.lfs-bonn.de\/index.php?rest_route=\/wp\/v2\/types\/page"}],"author":[{"embeddable":true,"href":"https:\/\/www.lfs-bonn.de\/index.php?rest_route=\/wp\/v2\/users\/1"}],"replies":[{"embeddable":true,"href":"https:\/\/www.lfs-bonn.de\/index.php?rest_route=%2Fwp%2Fv2%2Fcomments&post=133"}],"version-history":[{"count":9,"href":"https:\/\/www.lfs-bonn.de\/index.php?rest_route=\/wp\/v2\/pages\/133\/revisions"}],"predecessor-version":[{"id":6611,"href":"https:\/\/www.lfs-bonn.de\/index.php?rest_route=\/wp\/v2\/pages\/133\/revisions\/6611"}],"up":[{"embeddable":true,"href":"https:\/\/www.lfs-bonn.de\/index.php?rest_route=\/wp\/v2\/pages\/13"}],"wp:attachment":[{"href":"https:\/\/www.lfs-bonn.de\/index.php?rest_route=%2Fwp%2Fv2%2Fmedia&parent=133"}],"curies":[{"name":"wp","href":"https:\/\/api.w.org\/{rel}","templated":true}]}}