{"id":137,"date":"2017-11-10T05:02:24","date_gmt":"2017-11-10T04:02:24","guid":{"rendered":"http:\/\/wp.lfs-bonn.de\/?page_id=137"},"modified":"2026-03-13T16:26:02","modified_gmt":"2026-03-13T15:26:02","slug":"schulpastoral","status":"publish","type":"page","link":"https:\/\/www.lfs-bonn.de\/?page_id=137","title":{"rendered":"Schulpastoral"},"content":{"rendered":"<div id=\"cs-content\" class=\"cs-content\"><div class=\"x-section e137-e1 m3t-0\"><div class=\"x-container max width e137-e2 m3t-1\"><div class=\"x-column x-sm x-1-2 e137-e3 m3t-2\"><div class=\"x-text x-content e137-e4 m3t-3\"><ul>\n \t<li>Die ganze Schulgemeinde verantwortet und vollzieht schulpastorales Handeln, indem sie den christlichen Geist im t\u00e4glichen Miteinander lebt.<\/li>\n \t<li>Der christliche Glaube konkretisiert sich in der Haltung zu sich selbst, zum Gegen\u00fcber und zur Gemeinschaft.<\/li>\n \t<li>Seelsorge-, Beratungs- und Beichtgespr\u00e4che sind Angebote f\u00fcr Sch\u00fclerinnen, Eltern und Lehrer.<\/li>\n<\/ul><\/div><\/div><div class=\"x-column x-sm x-1-2 e137-e5 m3t-2\"><div class=\"x-text x-content e137-e6 m3t-3\"><\/div><\/div><\/div><div class=\"x-container max width e137-e7 m3t-1\"><div class=\"x-column x-sm x-1-4 e137-e8 m3t-2\"><div class=\"x-text x-content e137-e9 m3t-3\"><h3>gemeinsam den Glauben feiern<\/h3>\n<ul>\n \t<li>Religi\u00f6se Impulse zu Tagesbeginn<\/li>\n \t<li>Regelm\u00e4\u00dfige Schulgottesdienste<\/li>\n \t<li>Fr\u00fchschichten in der Advents- und Fastenzeit mit gemeinsamem Fr\u00fchst\u00fcck<\/li>\n \t<li>Begehbarer Adventskalender<\/li>\n \t<li>\"Glaubens-Check-In\"<\/li>\n<\/ul><\/div><\/div><div class=\"x-column x-sm x-1-4 e137-e10 m3t-2\"><div class=\"x-text x-content e137-e11 m3t-3\"><h3>gemeinsam in Freud und Leid<\/h3>\n<ul>\n \t<li>Seelsorge und Beratung f\u00fcr Sch\u00fclerinnen, Eltern\/Familien, Lehrer<\/li>\n<\/ul><\/div><\/div><div class=\"x-column x-sm x-1-4 e137-e12 m3t-2\"><div class=\"x-text x-content e137-e13 m3t-3\"><\/div><\/div><div class=\"x-column x-sm x-1-4 e137-e14 m3t-2\"><div class=\"x-text x-content e137-e15 m3t-3\"><\/div><\/div><\/div><div class=\"x-container max width e137-e16 m3t-1\"><div class=\"x-column x-sm x-1-1 e137-e17 m3t-2\"><div class=\"x-text x-content e137-e18 m3t-3\"><p><\/p><p><\/p><p><\/p><\/div><\/div><\/div><\/div><\/div>\n","protected":false},"excerpt":{"rendered":"<p>Die ganze Schulgemeinde verantwortet und vollzieht schulpastorales Handeln, indem sie den christlichen Geist im t\u00e4glichen Miteinander lebt. Der christliche Glaube konkretisiert sich in der Haltung zu sich selbst, zum Gegen\u00fcber und zur Gemeinschaft. Seelsorge-, Beratungs- und Beichtgespr\u00e4che sind Angebote f\u00fcr Sch\u00fclerinnen, Eltern und Lehrer. gemeinsam den Glauben feiern Religi\u00f6se Impulse zu Tagesbeginn Regelm\u00e4\u00dfige Schulgottesdienste Fr\u00fchschichten in der Advents- und Fastenzeit &#8230; <\/p>\n<div><a href=\"https:\/\/www.lfs-bonn.de\/?page_id=137\" class=\"more-link\">Read More<\/a><\/div>\n","protected":false},"author":1,"featured_media":0,"parent":13,"menu_order":0,"comment_status":"closed","ping_status":"closed","template":"","meta":{"footnotes":""},"class_list":["post-137","page","type-page","status-publish","hentry","no-post-thumbnail"],"_links":{"self":[{"href":"https:\/\/www.lfs-bonn.de\/index.php?rest_route=\/wp\/v2\/pages\/137"}],"collection":[{"href":"https:\/\/www.lfs-bonn.de\/index.php?rest_route=\/wp\/v2\/pages"}],"about":[{"href":"https:\/\/www.lfs-bonn.de\/index.php?rest_route=\/wp\/v2\/types\/page"}],"author":[{"embeddable":true,"href":"https:\/\/www.lfs-bonn.de\/index.php?rest_route=\/wp\/v2\/users\/1"}],"replies":[{"embeddable":true,"href":"https:\/\/www.lfs-bonn.de\/index.php?rest_route=%2Fwp%2Fv2%2Fcomments&post=137"}],"version-history":[{"count":17,"href":"https:\/\/www.lfs-bonn.de\/index.php?rest_route=\/wp\/v2\/pages\/137\/revisions"}],"predecessor-version":[{"id":6612,"href":"https:\/\/www.lfs-bonn.de\/index.php?rest_route=\/wp\/v2\/pages\/137\/revisions\/6612"}],"up":[{"embeddable":true,"href":"https:\/\/www.lfs-bonn.de\/index.php?rest_route=\/wp\/v2\/pages\/13"}],"wp:attachment":[{"href":"https:\/\/www.lfs-bonn.de\/index.php?rest_route=%2Fwp%2Fv2%2Fmedia&parent=137"}],"curies":[{"name":"wp","href":"https:\/\/api.w.org\/{rel}","templated":true}]}}