{"id":143,"date":"2017-11-10T05:03:35","date_gmt":"2017-11-10T04:03:35","guid":{"rendered":"http:\/\/wp.lfs-bonn.de\/?page_id=143"},"modified":"2026-03-13T16:36:03","modified_gmt":"2026-03-13T15:36:03","slug":"wettbewerbe","status":"publish","type":"page","link":"https:\/\/www.lfs-bonn.de\/?page_id=143","title":{"rendered":"Wettbewerbe"},"content":{"rendered":"<div id=\"cs-content\" class=\"cs-content\"><div class=\"x-section e143-e1 m3z-0\"><div class=\"x-container max width e143-e2 m3z-1\"><div class=\"x-column x-sm x-1-2 e143-e3 m3z-2\"><div class=\"x-text x-content e143-e4 m3z-3\"><p>Das in der Schule Erlernte au\u00dferhalb des Unterrichts an einer spannenden Aufgabe umzusetzen und im spielerischen Wettstreit mit anderen die eigenen St\u00e4rken zu erproben \u2013 das erm\u00f6glicht die Teilnahme an Wettbewerben in den unterschiedlichsten Fachbereichen. Sprachen, Naturwissenschaften, Musik und noch viel mehr: Jedes Jahr nehmen Sch\u00fclerinnen der Liebfrauenschule erfolgreich an verschiedenen Wettbewerben teil und beweisen damit gro\u00dfes au\u00dferunterrichtliches Engagement.<\/p>\n\n<h3>Einige Beispiele aus den Fachbereichen<\/h3>\n<h4>Deutsch<\/h4>\n<ul>\n \t<li>Innerschulischer Wettbewerb <a href=\"https:\/\/www.jugend-debattiert.de\/\" target=\"_blank\" rel=\"noopener\">Jugend debattiert<\/a><\/li>\n<\/ul>\n<h4>Fremdsprachen<\/h4>\n<ul>\n \t<li><a href=\"https:\/\/www.erzbistum-koeln.de\/kultur_und_bildung\/schulen\/katholische_freie_schulen\/redaktion\/legamus_latine\/\" target=\"_blank\" rel=\"noopener\">Legamus Latine<\/a> (Stufe 5-7)<\/li>\n \t<li><a href=\"http:\/\/griechischlehrer-nrw.de\/115-Wettbewerb\" target=\"_blank\" rel=\"noopener\">Aus der Welt der Griechen<\/a> (Stufe 6-7)<\/li>\n \t<li><a href=\"https:\/\/www.bundeswettbewerb-fremdsprachen.de\/\" target=\"_blank\" rel=\"noopener\">Bundeswettbewerb Fremdsprachen<\/a> (Stufe 9)<\/li>\n<\/ul>\n<h4>Musische F\u00e4cher<\/h4>\n<ul>\n \t<li>Xpress Yourself (Stufe Q1)<\/li>\n \t<li>VRS Klangstation (Stufe Q1)<\/li>\n \t<li>School Jam (Stufe Q1)<\/li>\n \t<li>Treffen junge Musikszene (Stufe Q1)<\/li>\n \t<li><a href=\"https:\/\/theatergemeinde-bonn.de\/jtg.php?Kategorie=Spotlights&amp;Kategorietyp=1\" target=\"_blank\" rel=\"noopener\">Bonner Kobold<\/a> (Spotlights-Schultheaterfestival der Jungen Theatergemeinde)<\/li>\n<\/ul><\/div><\/div><div class=\"x-column x-sm x-1-2 e143-e5 m3z-2\"><div class=\"x-text x-content e143-e6 m3z-3\"><h4>Gesellschaftswissenschaften<\/h4>\n<ul>\n \t<li>Geographie-Wettbewerb Diercke Wissen<\/li>\n \t<li>Essaywettbewerb Philosophie (Stufe EF, Q1)<\/li>\n \t<li><a href=\"http:\/\/www.demokratisch-handeln.de\/\" target=\"_blank\" rel=\"noopener\">Demokratisch Handeln<\/a> (Stufe EF-Q2)<\/li>\n \t<li>Young Women in Public Affairs Award (ZONTA) (Stufe EF-Q2)<\/li>\n<\/ul>\n<h4>\u00a0Mathematik<\/h4>\n<ul>\n \t<li><a href=\"http:\/\/www.mathe-kaenguru.de\" target=\"_blank\" rel=\"noopener\">K\u00e4nguru-Wettbewerb<\/a><\/li>\n \t<li><a href=\"http:\/\/www.mathe-pro.de\/html\/olympiade.html\" target=\"_blank\" rel=\"noopener\">Mathematik-Olympiade<\/a><\/li>\n \t<li><a href=\"http:\/\/www.hans-riegel-fachpreise.com\/\" target=\"_blank\" rel=\"noopener\">Hans-Riegel-Fachpreis<\/a> (Stufe Q1)<\/li>\n<\/ul>\n<h4>Naturwissenschaften<\/h4>\n<ul>\n \t<li><a href=\"http:\/\/www.bio-logisch-nrw.de\/\" target=\"_blank\" rel=\"noopener\">Bio-logisch<\/a> (Stufe 5-9)<\/li>\n \t<li><a href=\"https:\/\/www.jugend-praesentiert.de\/\" target=\"_blank\" rel=\"noopener\">Jugend pr\u00e4sentiert<\/a> (Stufe 7 bis Q2)<\/li>\n \t<li><a href=\"http:\/\/www.jugend-forscht.de\/\" target=\"_blank\" rel=\"noopener\">Jugend forscht<\/a> (Stufe EF bis Q2)<\/li>\n \t<li>Internationale Biologie-Olympiade (Stufe EF-Q2)<\/li>\n \t<li><a href=\"http:\/\/www.biologieolympiade.de\/\" target=\"_blank\" rel=\"noopener\">Internationale Chemie-Olympiade<\/a> (Stufe EF-Q2)<\/li>\n \t<li><a href=\"http:\/\/www.hans-riegel-fachpreise.com\/\" target=\"_blank\" rel=\"noopener\">Hans-Riegel-Fachpreis<\/a> (Stufe Q1)<\/li>\n<\/ul>\n<h4>Religion<\/h4>\n<p>Eucharistischer Wettbewerb (Stufe 9)<\/p>\n\n<h4>Sport<\/h4>\n<p><a href=\"https:\/\/www.bundesjugendspiele.de\/wai1\/showcontent.asp?ThemaID=4916\" target=\"_blank\" rel=\"noopener\">Bundesjugendspiele<\/a> (Schwimmen: Stufe 6, Leichtathletik: Stufe 7)<\/p>\n\n<h4>alle Fachbereiche<\/h4>\n<p>FFF - F\u00f6rdern, Fordern, Forschen (Fr\u00fchstudium f\u00fcr Sch\u00fcler der Universit\u00e4t Bonn)<\/p><\/div><\/div><\/div><\/div><\/div>\n","protected":false},"excerpt":{"rendered":"<p>Das in der Schule Erlernte au\u00dferhalb des Unterrichts an einer spannenden Aufgabe umzusetzen und im spielerischen Wettstreit mit anderen die eigenen St\u00e4rken zu erproben \u2013 das erm\u00f6glicht die Teilnahme an Wettbewerben in den unterschiedlichsten Fachbereichen. Sprachen, Naturwissenschaften, Musik und noch viel mehr: Jedes Jahr nehmen Sch\u00fclerinnen der Liebfrauenschule erfolgreich an verschiedenen Wettbewerben teil und beweisen damit gro\u00dfes au\u00dferunterrichtliches Engagement. Einige &#8230; <\/p>\n<div><a href=\"https:\/\/www.lfs-bonn.de\/?page_id=143\" class=\"more-link\">Read More<\/a><\/div>\n","protected":false},"author":1,"featured_media":0,"parent":13,"menu_order":0,"comment_status":"closed","ping_status":"closed","template":"","meta":{"footnotes":""},"class_list":["post-143","page","type-page","status-publish","hentry","no-post-thumbnail"],"_links":{"self":[{"href":"https:\/\/www.lfs-bonn.de\/index.php?rest_route=\/wp\/v2\/pages\/143"}],"collection":[{"href":"https:\/\/www.lfs-bonn.de\/index.php?rest_route=\/wp\/v2\/pages"}],"about":[{"href":"https:\/\/www.lfs-bonn.de\/index.php?rest_route=\/wp\/v2\/types\/page"}],"author":[{"embeddable":true,"href":"https:\/\/www.lfs-bonn.de\/index.php?rest_route=\/wp\/v2\/users\/1"}],"replies":[{"embeddable":true,"href":"https:\/\/www.lfs-bonn.de\/index.php?rest_route=%2Fwp%2Fv2%2Fcomments&post=143"}],"version-history":[{"count":6,"href":"https:\/\/www.lfs-bonn.de\/index.php?rest_route=\/wp\/v2\/pages\/143\/revisions"}],"predecessor-version":[{"id":6617,"href":"https:\/\/www.lfs-bonn.de\/index.php?rest_route=\/wp\/v2\/pages\/143\/revisions\/6617"}],"up":[{"embeddable":true,"href":"https:\/\/www.lfs-bonn.de\/index.php?rest_route=\/wp\/v2\/pages\/13"}],"wp:attachment":[{"href":"https:\/\/www.lfs-bonn.de\/index.php?rest_route=%2Fwp%2Fv2%2Fmedia&parent=143"}],"curies":[{"name":"wp","href":"https:\/\/api.w.org\/{rel}","templated":true}]}}