{"id":15,"date":"2017-11-02T15:36:43","date_gmt":"2017-11-02T14:36:43","guid":{"rendered":"http:\/\/wp.lfs-bonn.de\/?page_id=15"},"modified":"2026-03-13T16:38:33","modified_gmt":"2026-03-13T15:38:33","slug":"lebenswelt-schule","status":"publish","type":"page","link":"https:\/\/www.lfs-bonn.de\/?page_id=15","title":{"rendered":"Lebenswelt Schule"},"content":{"rendered":"<div id=\"cs-content\" class=\"cs-content\"><div class=\"x-section e15-e1 mf-0\"><div class=\"x-container max width e15-e2 mf-1\"><div class=\"x-column x-sm x-1-3 e15-e3 mf-2\"><span class=\"x-image e15-e4 mf-3\"><img decoding=\"async\" src=\"https:\/\/www.lfs-bonn.de\/wp-content\/uploads\/Kachel_300x200.jpg\" width=\"300\" height=\"200\" alt=\"Image\" loading=\"lazy\"><\/span><div class=\"x-text x-content e15-e5 mf-4\"><h3>Schulsozialarbeit und Beratung<\/h3><table><tbody><tr><td><p><a href=\"https:\/\/lfs-bonn.de\/?page_id=4508\">Schulsozialarbeit<\/a><\/p><\/td><\/tr>\n<tr><td><p><a href=\"https:\/\/lfs-bonn.de\/?page_id=155\">Beratungsteam<\/a><\/p><\/td><\/tr>\n<\/tbody><\/table>\n<\/div><\/div><div class=\"x-column x-sm x-1-3 e15-e6 mf-2\"><span class=\"x-image e15-e7 mf-3\"><img decoding=\"async\" src=\"https:\/\/www.lfs-bonn.de\/wp-content\/uploads\/Kachel_gelb_300x200.jpg\" width=\"300\" height=\"200\" alt=\"Image\" loading=\"lazy\"><\/span><div class=\"x-text x-content e15-e8 mf-4\"><\/div><\/div><div class=\"x-column x-sm x-1-3 e15-e9 mf-2\"><span class=\"x-image e15-e10 mf-3\"><img decoding=\"async\" src=\"https:\/\/www.lfs-bonn.de\/wp-content\/uploads\/Kachel_300x200.jpg\" width=\"300\" height=\"200\" alt=\"Image\" loading=\"lazy\"><\/span><div class=\"x-text x-content e15-e11 mf-4\"><h3>Sozial-karitatives Engagement<\/h3>\n<table>\n<tbody>\n<tr>\n<td><a href=\"https:\/\/lfs-bonn.de\/?page_id=450\">Sozialpraktikum<\/a><\/td>\n<td><\/td>\n<\/tr>\n<\/tbody>\n<\/table><\/div><\/div><\/div><div class=\"x-container max width e15-e12 mf-1\"><div class=\"x-column x-sm x-1-3 e15-e13 mf-2\"><span class=\"x-image e15-e14 mf-3\"><img decoding=\"async\" src=\"https:\/\/www.lfs-bonn.de\/wp-content\/uploads\/Kachel_gelb_300x200.jpg\" width=\"300\" height=\"200\" alt=\"Image\" loading=\"lazy\"><\/span><div class=\"x-text x-content e15-e15 mf-4\"><h3>Studien- und Berufsvorbereitung<\/h3>\n<table>\n<tbody>\n<tr>\n<td><a href=\"https:\/\/lfs-bonn.de\/?page_id=161\">Berufsorientierung<\/a><\/td>\n<td><\/td>\n<\/tr>\n<\/tbody>\n<\/table>\n\n\n<td>\n<\/p>\n<td><a href=\"https:\/\/lfs-bonn.de\/?page_id=452\">Besondere Berufsorientierungsm\u00f6glichkeiten im MINT-Bereich<\/a><\/td>\n<td><\/td>\n<\/tr>\n<\/tbody>\n<\/table>\n\n<\/div><\/div><div class=\"x-column x-sm x-1-3 e15-e16 mf-2\"><span class=\"x-image e15-e17 mf-3\"><img decoding=\"async\" src=\"https:\/\/www.lfs-bonn.de\/wp-content\/uploads\/Kachel_300x200.jpg\" width=\"300\" height=\"200\" alt=\"Image\" loading=\"lazy\"><\/span><div class=\"x-text x-content e15-e18 mf-4\"><h3><\/h3>\n<table>\n<tbody>\n<tr>\n<td>\n<p><a href=\"https:\/\/lfs-bonn.de\/?page_id=163\"><\/a><\/p>\n<\/td>\n<\/tr>\n<\/tbody>\n<\/table><\/div><\/div><div class=\"x-column x-sm x-1-3 e15-e19 mf-2\"><span class=\"x-image e15-e20 mf-3\"><img decoding=\"async\" src=\"https:\/\/www.lfs-bonn.de\/wp-content\/uploads\/Kachel_gelb_300x200.jpg\" width=\"300\" height=\"200\" alt=\"Image\" loading=\"lazy\"><\/span><div class=\"x-text x-content e15-e21 mf-4\"><h3>Mensa<\/h3><table><tbody><tr><td><p><a href=\"https:\/\/lfs-bonn.de\/?page_id=165\">Mensa<\/a><\/p><\/td><\/tr><\/tbody><\/table><\/div><\/div><\/div><div class=\"x-container max width e15-e22 mf-1\"><div class=\"x-column x-sm x-1-3 e15-e23 mf-2\"><span class=\"x-image e15-e24 mf-3\"><img decoding=\"async\" src=\"https:\/\/www.lfs-bonn.de\/wp-content\/uploads\/Kachel_300x200.jpg\" width=\"300\" height=\"200\" alt=\"Image\" loading=\"lazy\"><\/span><div class=\"x-text x-content e15-e25 mf-4\"><h3>LFS musikalisch<\/h3><table><tbody><tr><td><p><a href=\"https:\/\/lfs-bonn.de\/?page_id=632\">Forum Musicale<\/a><\/p><\/td><td><p><a href=\"https:\/\/lfs-bonn.de\/?page_id=168\">Musiktheater<\/a><\/p><\/td><\/tr><\/tbody><\/table><\/div><\/div><div class=\"x-column x-sm x-1-3 e15-e26 mf-2\"><span class=\"x-image e15-e27 mf-3\"><img decoding=\"async\" src=\"https:\/\/www.lfs-bonn.de\/wp-content\/uploads\/Kachel_gelb_300x200.jpg\" width=\"300\" height=\"200\" alt=\"Image\" loading=\"lazy\"><\/span><div class=\"x-text x-content e15-e28 mf-4\"><h3>AGs<\/h3><table><tbody><tr><td><p><a href=\"https:\/\/lfs-bonn.de\/?page_id=170\">Arbeitsgemeinschaften<\/a><\/p><\/td><\/tr><\/tbody><\/table><\/div><\/div><div class=\"x-column x-sm x-1-3 e15-e29 mf-2\"><span class=\"x-image e15-e30 mf-3\"><img decoding=\"async\" src=\"https:\/\/www.lfs-bonn.de\/wp-content\/uploads\/Kachel_300x200.jpg\" width=\"300\" height=\"200\" alt=\"Image\" loading=\"lazy\"><\/span><div class=\"x-text x-content e15-e31 mf-4\"><h3>Sanit\u00e4tsdienst<\/h3><table><tbody><tr><td><p><a href=\"https:\/\/lfs-bonn.de\/?page_id=172\">Sanit\u00e4tsdienst<\/a><\/p><\/td><\/tr><\/tbody><\/table><\/div><\/div><\/div><\/div><\/div>\n","protected":false},"excerpt":{"rendered":"<p>Schulsozialarbeit und BeratungSchulsozialarbeit Beratungsteam Sozial-karitatives Engagement Sozialpraktikum Studien- und Berufsvorbereitung Berufsorientierung Besondere Berufsorientierungsm\u00f6glichkeiten im MINT-Bereich MensaMensaLFS musikalischForum MusicaleMusiktheaterAGsArbeitsgemeinschaftenSanit\u00e4tsdienstSanit\u00e4tsdienst<\/p>\n","protected":false},"author":1,"featured_media":0,"parent":0,"menu_order":0,"comment_status":"closed","ping_status":"closed","template":"","meta":{"footnotes":""},"class_list":["post-15","page","type-page","status-publish","hentry","no-post-thumbnail"],"_links":{"self":[{"href":"https:\/\/www.lfs-bonn.de\/index.php?rest_route=\/wp\/v2\/pages\/15"}],"collection":[{"href":"https:\/\/www.lfs-bonn.de\/index.php?rest_route=\/wp\/v2\/pages"}],"about":[{"href":"https:\/\/www.lfs-bonn.de\/index.php?rest_route=\/wp\/v2\/types\/page"}],"author":[{"embeddable":true,"href":"https:\/\/www.lfs-bonn.de\/index.php?rest_route=\/wp\/v2\/users\/1"}],"replies":[{"embeddable":true,"href":"https:\/\/www.lfs-bonn.de\/index.php?rest_route=%2Fwp%2Fv2%2Fcomments&post=15"}],"version-history":[{"count":19,"href":"https:\/\/www.lfs-bonn.de\/index.php?rest_route=\/wp\/v2\/pages\/15\/revisions"}],"predecessor-version":[{"id":6618,"href":"https:\/\/www.lfs-bonn.de\/index.php?rest_route=\/wp\/v2\/pages\/15\/revisions\/6618"}],"wp:attachment":[{"href":"https:\/\/www.lfs-bonn.de\/index.php?rest_route=%2Fwp%2Fv2%2Fmedia&parent=15"}],"curies":[{"name":"wp","href":"https:\/\/api.w.org\/{rel}","templated":true}]}}