{"id":155,"date":"2017-11-10T05:07:19","date_gmt":"2017-11-10T04:07:19","guid":{"rendered":"http:\/\/wp.lfs-bonn.de\/?page_id=155"},"modified":"2024-08-26T18:58:10","modified_gmt":"2024-08-26T16:58:10","slug":"beratungsteam","status":"publish","type":"page","link":"https:\/\/www.lfs-bonn.de\/?page_id=155","title":{"rendered":"Beratungsteam"},"content":{"rendered":"<div id=\"cs-content\" class=\"cs-content\"><div class=\"x-section e155-e1 m4b-0\"><div class=\"x-container max width e155-e2 m4b-1\"><div class=\"x-column x-sm x-1-2 e155-e3 m4b-2\"><div class=\"x-text x-content e155-e4 m4b-3\"><h3>Unsere Angebote<\/h3>\n<ul>\n \t<li>Beratungsgespr\u00e4che f\u00fcr einzelne Sch\u00fclerinnen oder Gruppen<\/li>\n \t<li>Klassenraumintervention bei Krisen und Problemen in der Klassengemeinschaft<\/li>\n \t<li>Beratung f\u00fcr Eltern z.B. bei Schulschwierigkeiten und zur Erziehungshilfe<\/li>\n \t<li>Pr\u00e4vention, etwa zum Umgang mit Pr\u00fcfungen<\/li>\n<\/ul>\n<h3>Organisation<\/h3>\n<ul>\n \t<li>Ca. 3-5 Sitzungen, bei Bedarf bis zu 8 Beratungsgespr\u00e4che.<\/li>\n \t<li>Je nach Situation vermitteln wir weiter und begleiten auch gegebenenfalls zu externen professionellen Beratungsstellen.<\/li>\n<\/ul>\n<h3>Unser Team<\/h3>\n<ul>\n \t<li>Derzeit besteht unser Beratungsteam aus unserer Schulsozialarbeiterin Frau Nolte sowie aus den entsprechend fortgebildeten Lehrkr\u00e4ften Frau Sommershof, Frau Thiet und Herrn Voi\u00df.<\/li>\n<\/ul>\n<h3>Kontakt<\/h3>\n<ul>\n \t<li>E-Mail: <a href=\"mailto:beratungsteam@lfs-bonn.de\" target=\"_blank\" rel=\"noopener\">beratungsteam@lfs-bonn.de<\/a><\/li>\n \t<li>Sprechstunde: siehe Aushang <strong>Raum H 10 <\/strong>zum Gespr\u00e4ch oder zur Terminvereinbarung<\/li>\n<\/ul><\/div><\/div><div class=\"x-column x-sm x-1-2 e155-e5 m4b-2\">&nbsp;<\/div><\/div><\/div><\/div>\n","protected":false},"excerpt":{"rendered":"<p>Unsere Angebote Beratungsgespr\u00e4che f\u00fcr einzelne Sch\u00fclerinnen oder Gruppen Klassenraumintervention bei Krisen und Problemen in der Klassengemeinschaft Beratung f\u00fcr Eltern z.B. bei Schulschwierigkeiten und zur Erziehungshilfe Pr\u00e4vention, etwa zum Umgang mit Pr\u00fcfungen Organisation Ca. 3-5 Sitzungen, bei Bedarf bis zu 8 Beratungsgespr\u00e4che. Je nach Situation vermitteln wir weiter und begleiten auch gegebenenfalls zu externen professionellen Beratungsstellen. Unser Team Derzeit besteht unser &#8230; <\/p>\n<div><a href=\"https:\/\/www.lfs-bonn.de\/?page_id=155\" class=\"more-link\">Read More<\/a><\/div>\n","protected":false},"author":1,"featured_media":0,"parent":15,"menu_order":0,"comment_status":"closed","ping_status":"closed","template":"","meta":{"footnotes":""},"class_list":["post-155","page","type-page","status-publish","hentry","no-post-thumbnail"],"_links":{"self":[{"href":"https:\/\/www.lfs-bonn.de\/index.php?rest_route=\/wp\/v2\/pages\/155"}],"collection":[{"href":"https:\/\/www.lfs-bonn.de\/index.php?rest_route=\/wp\/v2\/pages"}],"about":[{"href":"https:\/\/www.lfs-bonn.de\/index.php?rest_route=\/wp\/v2\/types\/page"}],"author":[{"embeddable":true,"href":"https:\/\/www.lfs-bonn.de\/index.php?rest_route=\/wp\/v2\/users\/1"}],"replies":[{"embeddable":true,"href":"https:\/\/www.lfs-bonn.de\/index.php?rest_route=%2Fwp%2Fv2%2Fcomments&post=155"}],"version-history":[{"count":9,"href":"https:\/\/www.lfs-bonn.de\/index.php?rest_route=\/wp\/v2\/pages\/155\/revisions"}],"predecessor-version":[{"id":5921,"href":"https:\/\/www.lfs-bonn.de\/index.php?rest_route=\/wp\/v2\/pages\/155\/revisions\/5921"}],"up":[{"embeddable":true,"href":"https:\/\/www.lfs-bonn.de\/index.php?rest_route=\/wp\/v2\/pages\/15"}],"wp:attachment":[{"href":"https:\/\/www.lfs-bonn.de\/index.php?rest_route=%2Fwp%2Fv2%2Fmedia&parent=155"}],"curies":[{"name":"wp","href":"https:\/\/api.w.org\/{rel}","templated":true}]}}