{"id":161,"date":"2017-11-10T05:09:13","date_gmt":"2017-11-10T04:09:13","guid":{"rendered":"http:\/\/wp.lfs-bonn.de\/?page_id=161"},"modified":"2025-06-15T10:20:32","modified_gmt":"2025-06-15T08:20:32","slug":"berufsvorbereitende-massnahmen","status":"publish","type":"page","link":"https:\/\/www.lfs-bonn.de\/?page_id=161","title":{"rendered":"Berufsorientierung"},"content":{"rendered":"<div id=\"cs-content\" class=\"cs-content\"><\/div>\n","protected":false},"excerpt":{"rendered":"<p>LFS-Sch\u00fclerinnen auf dem Weg Richtung Studium und Beruf Wir an der Liebfrauenschule verstehen den Prozess der Studien- und Berufswahl als gemeinsame Aufgabe von Sch\u00fclerinnen, Lehrerinnen und Lehrern aller F\u00e4cher, Eltern und externen Partnern. So m\u00f6chten wir Sch\u00fclerinnen darin unterst\u00fctzen, eine angemessene Berufsperspektive zu entwickeln und am Ende des Prozesses eigene, reflektierte und begr\u00fcndete Entscheidungen treffen zu k\u00f6nnen. Am Ende steht &#8230; <\/p>\n<div><a href=\"https:\/\/www.lfs-bonn.de\/?page_id=161\" class=\"more-link\">Read More<\/a><\/div>\n","protected":false},"author":1,"featured_media":0,"parent":15,"menu_order":0,"comment_status":"closed","ping_status":"closed","template":"","meta":{"footnotes":""},"class_list":["post-161","page","type-page","status-publish","hentry","no-post-thumbnail"],"_links":{"self":[{"href":"https:\/\/www.lfs-bonn.de\/index.php?rest_route=\/wp\/v2\/pages\/161"}],"collection":[{"href":"https:\/\/www.lfs-bonn.de\/index.php?rest_route=\/wp\/v2\/pages"}],"about":[{"href":"https:\/\/www.lfs-bonn.de\/index.php?rest_route=\/wp\/v2\/types\/page"}],"author":[{"embeddable":true,"href":"https:\/\/www.lfs-bonn.de\/index.php?rest_route=\/wp\/v2\/users\/1"}],"replies":[{"embeddable":true,"href":"https:\/\/www.lfs-bonn.de\/index.php?rest_route=%2Fwp%2Fv2%2Fcomments&post=161"}],"version-history":[{"count":19,"href":"https:\/\/www.lfs-bonn.de\/index.php?rest_route=\/wp\/v2\/pages\/161\/revisions"}],"predecessor-version":[{"id":6300,"href":"https:\/\/www.lfs-bonn.de\/index.php?rest_route=\/wp\/v2\/pages\/161\/revisions\/6300"}],"up":[{"embeddable":true,"href":"https:\/\/www.lfs-bonn.de\/index.php?rest_route=\/wp\/v2\/pages\/15"}],"wp:attachment":[{"href":"https:\/\/www.lfs-bonn.de\/index.php?rest_route=%2Fwp%2Fv2%2Fmedia&parent=161"}],"curies":[{"name":"wp","href":"https:\/\/api.w.org\/{rel}","templated":true}]}}