{"id":165,"date":"2017-11-10T05:10:05","date_gmt":"2017-11-10T04:10:05","guid":{"rendered":"http:\/\/wp.lfs-bonn.de\/?page_id=165"},"modified":"2026-01-19T10:14:40","modified_gmt":"2026-01-19T09:14:40","slug":"mensa","status":"publish","type":"page","link":"https:\/\/www.lfs-bonn.de\/?page_id=165","title":{"rendered":"Mensa"},"content":{"rendered":"<div id=\"cs-content\" class=\"cs-content\"><div class=\"x-section e165-e1 m4l-0\"><div class=\"x-container max width e165-e2 m4l-1\"><div class=\"x-column x-sm x-1-2 e165-e3 m4l-2\"><div class=\"x-text x-content e165-e4 m4l-3\"><h3 align=\"justify\">Angebot<\/h3>\n<p align=\"justify\" style=\"text-align: left;\">Die Sch\u00fclerinnen der Liebfrauenschule k\u00f6nnen ein warmes Mittagessen in der Mensa des benachbarten Clara-Schumann-Gymnasiums erwerben. Weitere Informationen finden Sie <a href=\"https:\/\/www.lfs-bonn.de\/wp-content\/uploads\/Elterninfo-RoBi-2025.pdf\"><em><strong>hier<\/strong><\/em><\/a>.<a href=\"https:\/\/www.lfs-bonn.de\/wp-content\/uploads\/Infoschreiben-Speisezeit.pdf\"><em><strong><\/strong><\/em><\/a><\/p>\n<p>Dar\u00fcber hinaus versorgt RoBI Gastro GmbH unsere Sch\u00fclerinnen auch in den Pausen u.a. mit Getr\u00e4nken, Snacks und belegten Br\u00f6tchen am Schulkiosk in der Mensa der LFS.<\/p>\n<p>Ansprechpartnerin von schulischer Seite ist Frau Auhagen (Sabine.Auhagen@lfs-bonn.de)<\/p>\n<p>Die \u00d6ffnungszeiten der Mensa (am CSG) sind:<\/p>\n<p>Montag bis Freitag 12.45 \u2013 14.15 Uhr<\/p>\n<p>Der Schulkiosk (an der LFS) ist ge\u00f6ffnet:<\/p>\n<p>Montag bis Freitag 9.30 \u2013 9.50 Uhr \/ 10.35 \u2013 10.40 Uhr \/ 11.25 \u2013 11.40 Uhr \/ 12.25 \u2013 12.30 Uhr; ein Br\u00f6tchenverkauf ist in der Regel bereits vor der 1. Stunde m\u00f6glich<\/p>\n<p>Sch\u00fclerinnen und Sch\u00fcler, deren Essen nach dem Bildungs- und Teilhabepaket von einem Sozialleistungstr\u00e4ger finanziert werden kann, m\u00fcssen mit der Anmeldung oder noch vor der ersten Bestellung einen entsprechenden Nachweis an uns \u00fcbermitteln.<\/p><\/div><\/div><div class=\"x-column x-sm x-1-2 e165-e5 m4l-2\"><div class=\"x-text x-content e165-e6 m4l-3\"><h3 align=\"justify\">Mensateam<\/h3>\n<p style=\"text-align: left;\" align=\"justify\">Ein Mensateam, das sich aus Vertretern der Schulleitung, Lehrern, Eltern und Sch\u00fclerinnen zusammensetzt, arbeitet an der Steigerung der Attraktivit\u00e4t der Mensa und ist in regelm\u00e4\u00dfigem Austausch, um Anregungen der Sch\u00fclerinnen, Kritik oder \u00c4nderungsw\u00fcnsche schnellstm\u00f6glich zu diskutieren und umzusetzen.<\/p>\n<p align=\"justify\"><a href=\"https:\/\/www.lfs-bonn.de\/wp-content\/uploads\/Mensa300x200.jpg\"><img loading=\"lazy\" decoding=\"async\" src=\"https:\/\/www.lfs-bonn.de\/wp-content\/uploads\/Mensa300x200-300x200.jpg\" alt=\"\" class=\"size-medium wp-image-737 aligncenter\" width=\"300\" height=\"200\" srcset=\"https:\/\/www.lfs-bonn.de\/wp-content\/uploads\/Mensa300x200.jpg 300w, https:\/\/www.lfs-bonn.de\/wp-content\/uploads\/Mensa300x200-100x67.jpg 100w\" sizes=\"(max-width: 300px) 100vw, 300px\" \/><\/a><\/p>\n<p align=\"justify\"><\/p><\/div><\/div><\/div><\/div><\/div>\n","protected":false},"excerpt":{"rendered":"<p>Angebot Die Sch\u00fclerinnen der Liebfrauenschule k\u00f6nnen ein warmes Mittagessen in der Mensa des benachbarten Clara-Schumann-Gymnasiums erwerben. Weitere Informationen finden Sie hier. Dar\u00fcber hinaus versorgt RoBI Gastro GmbH unsere Sch\u00fclerinnen auch in den Pausen u.a. mit Getr\u00e4nken, Snacks und belegten Br\u00f6tchen am Schulkiosk in der Mensa der LFS. Ansprechpartnerin von schulischer Seite ist Frau Auhagen (Sabine.Auhagen@lfs-bonn.de) Die \u00d6ffnungszeiten der Mensa (am &#8230; <\/p>\n<div><a href=\"https:\/\/www.lfs-bonn.de\/?page_id=165\" class=\"more-link\">Read More<\/a><\/div>\n","protected":false},"author":1,"featured_media":0,"parent":15,"menu_order":0,"comment_status":"closed","ping_status":"closed","template":"","meta":{"footnotes":""},"class_list":["post-165","page","type-page","status-publish","hentry","no-post-thumbnail"],"_links":{"self":[{"href":"https:\/\/www.lfs-bonn.de\/index.php?rest_route=\/wp\/v2\/pages\/165"}],"collection":[{"href":"https:\/\/www.lfs-bonn.de\/index.php?rest_route=\/wp\/v2\/pages"}],"about":[{"href":"https:\/\/www.lfs-bonn.de\/index.php?rest_route=\/wp\/v2\/types\/page"}],"author":[{"embeddable":true,"href":"https:\/\/www.lfs-bonn.de\/index.php?rest_route=\/wp\/v2\/users\/1"}],"replies":[{"embeddable":true,"href":"https:\/\/www.lfs-bonn.de\/index.php?rest_route=%2Fwp%2Fv2%2Fcomments&post=165"}],"version-history":[{"count":29,"href":"https:\/\/www.lfs-bonn.de\/index.php?rest_route=\/wp\/v2\/pages\/165\/revisions"}],"predecessor-version":[{"id":6527,"href":"https:\/\/www.lfs-bonn.de\/index.php?rest_route=\/wp\/v2\/pages\/165\/revisions\/6527"}],"up":[{"embeddable":true,"href":"https:\/\/www.lfs-bonn.de\/index.php?rest_route=\/wp\/v2\/pages\/15"}],"wp:attachment":[{"href":"https:\/\/www.lfs-bonn.de\/index.php?rest_route=%2Fwp%2Fv2%2Fmedia&parent=165"}],"curies":[{"name":"wp","href":"https:\/\/api.w.org\/{rel}","templated":true}]}}