{"id":1776,"date":"2018-10-03T20:51:55","date_gmt":"2018-10-03T18:51:55","guid":{"rendered":"http:\/\/www.lfs-bonn.de\/?page_id=1776"},"modified":"2026-03-13T15:58:58","modified_gmt":"2026-03-13T14:58:58","slug":"junior-ingenieur-akademie","status":"publish","type":"page","link":"https:\/\/www.lfs-bonn.de\/?page_id=1776","title":{"rendered":"Junior-Ingenieur-Akademie"},"content":{"rendered":"<p style=\"padding-left: 40px;\">Die Junior-Ingenieur-Akademie als Wahlpflichtfach an der LFS: <img loading=\"lazy\" decoding=\"async\" class=\"size-medium wp-image-1770 alignleft\" src=\"https:\/\/www.lfs-bonn.de\/wp-content\/uploads\/JIA-1-300x225.jpg\" alt=\"\" width=\"300\" height=\"225\" srcset=\"https:\/\/www.lfs-bonn.de\/wp-content\/uploads\/JIA-1-300x225.jpg 300w, https:\/\/www.lfs-bonn.de\/wp-content\/uploads\/JIA-1-768x576.jpg 768w, https:\/\/www.lfs-bonn.de\/wp-content\/uploads\/JIA-1-1024x768.jpg 1024w, https:\/\/www.lfs-bonn.de\/wp-content\/uploads\/JIA-1-100x75.jpg 100w, https:\/\/www.lfs-bonn.de\/wp-content\/uploads\/JIA-1-1200x900.jpg 1200w\" sizes=\"(max-width: 300px) 100vw, 300px\" \/>Aufgrund des gro\u00dfen Interesses bietet die LFS die Junior-Ingenieur-Akademie (JIA) auch als Wahlpflichtfach an.<\/p>\n<p>Die JIA umfasst vier Schulhalbjahre, in denen vier Schwerpunktthemen behandelt werden: Energietechnik, Produktions- und Entsorgungstechnik, Fahrzeugtechnik, Medizintechnik, die die Teilnehmerinnen gr\u00f6\u00dftenteils in Laboren (auch im Schullabor) und Einrichtungen unserer Partner aus Forschung und Industrie kennenlernen. Die Sch\u00fclerinnen arbeiten vor Ort an <a href=\"https:\/\/www.lfs-bonn.de\/?p=2191\">Projekten<\/a> und experimentieren. Unsere Partner sind dabei u.a. die Universit\u00e4t Bonn, die Technische Universit\u00e4t Gy\u00f6r, die Hochschule Bonn Rhein-Sieg, die Hochschule Koblenz, Die FH K\u00f6ln, die RFH K\u00f6ln, Bayer, Covestro, die Dr. Reinhold Hagen Stiftung, Bonn Orange, AUDI, die Audi-Akademie Gy\u00f6r,\u00a0 mswestfalia, etc.<\/p>\n<p>Ein <a href=\"https:\/\/www.lfs-bonn.de\/?p=1787\">Technikprojekt<\/a> wird dabei in Gy\u00f6r (Ungarn) im Audi-Sch\u00fclerlabor durchgef\u00fchrt. Verbunden wird dies mit einem Sch\u00fcleraustausch mit Sch\u00fclern der Audi-Hungaria-Schule Gy\u00f6r (finanziert von der Deutschen Telekom Stiftung und dem P\u00e4dadogischen Austauschdienst).<\/p>\n<p>Nach vier Semestern erhalten die Teilnehmerinnen ein Zertifikat der Deutschen Telekomstiftung.<\/p>\n<div class=\"e452-3 x-column x-sm x-1-2\">\n<div class=\"e452-4 x-text\">\n<h4><\/h4>\n<\/div>\n<\/div>\n","protected":false},"excerpt":{"rendered":"<p>Die Junior-Ingenieur-Akademie als Wahlpflichtfach an der LFS: Aufgrund des gro\u00dfen Interesses bietet die LFS die Junior-Ingenieur-Akademie (JIA) auch als Wahlpflichtfach an. Die JIA umfasst vier Schulhalbjahre, in denen vier Schwerpunktthemen behandelt werden: Energietechnik, Produktions- und Entsorgungstechnik, Fahrzeugtechnik, Medizintechnik, die die Teilnehmerinnen gr\u00f6\u00dftenteils in Laboren (auch im Schullabor) und Einrichtungen unserer Partner aus Forschung und Industrie kennenlernen. Die Sch\u00fclerinnen arbeiten vor &#8230; <\/p>\n<div><a href=\"https:\/\/www.lfs-bonn.de\/?page_id=1776\" class=\"more-link\">Read More<\/a><\/div>\n","protected":false},"author":3,"featured_media":0,"parent":13,"menu_order":0,"comment_status":"closed","ping_status":"closed","template":"","meta":{"footnotes":""},"class_list":["post-1776","page","type-page","status-publish","hentry","no-post-thumbnail"],"_links":{"self":[{"href":"https:\/\/www.lfs-bonn.de\/index.php?rest_route=\/wp\/v2\/pages\/1776"}],"collection":[{"href":"https:\/\/www.lfs-bonn.de\/index.php?rest_route=\/wp\/v2\/pages"}],"about":[{"href":"https:\/\/www.lfs-bonn.de\/index.php?rest_route=\/wp\/v2\/types\/page"}],"author":[{"embeddable":true,"href":"https:\/\/www.lfs-bonn.de\/index.php?rest_route=\/wp\/v2\/users\/3"}],"replies":[{"embeddable":true,"href":"https:\/\/www.lfs-bonn.de\/index.php?rest_route=%2Fwp%2Fv2%2Fcomments&post=1776"}],"version-history":[{"count":11,"href":"https:\/\/www.lfs-bonn.de\/index.php?rest_route=\/wp\/v2\/pages\/1776\/revisions"}],"predecessor-version":[{"id":6603,"href":"https:\/\/www.lfs-bonn.de\/index.php?rest_route=\/wp\/v2\/pages\/1776\/revisions\/6603"}],"up":[{"embeddable":true,"href":"https:\/\/www.lfs-bonn.de\/index.php?rest_route=\/wp\/v2\/pages\/13"}],"wp:attachment":[{"href":"https:\/\/www.lfs-bonn.de\/index.php?rest_route=%2Fwp%2Fv2%2Fmedia&parent=1776"}],"curies":[{"name":"wp","href":"https:\/\/api.w.org\/{rel}","templated":true}]}}