{"id":189,"date":"2017-11-10T05:17:37","date_gmt":"2017-11-10T04:17:37","guid":{"rendered":"http:\/\/wp.lfs-bonn.de\/?page_id=189"},"modified":"2023-08-29T15:27:10","modified_gmt":"2023-08-29T13:27:10","slug":"abitur-und-weitere-abschluesse","status":"publish","type":"page","link":"https:\/\/www.lfs-bonn.de\/?page_id=189","title":{"rendered":"Abitur und weitere Abschl\u00fcsse"},"content":{"rendered":"<div id=\"cs-content\" class=\"cs-content\"><\/div>\n","protected":false},"excerpt":{"rendered":"<p>Die Liebfrauenschule Bonn setzt sich zum Ziel, alle Sch\u00fclerinnen zur allgemeinen Hochschulreife zu f\u00fchren. Als staatlich genehmigte Ersatzschule des Erzbistums K\u00f6ln vermittelt die LFS als Gymnasium f\u00fcr M\u00e4dchen &#8211; Sekundarstufe I und II \u2013 s\u00e4mtliche Abschl\u00fcsse, die eine weiterf\u00fchrende Schule des Landes Nordrhein-Westfalen am Ende der Sekundarstufe I und ein Gymnasium im Laufe der Sekundarstufe II vermitteln kann.\u00dcbersicht zu m\u00f6glichen &#8230; <\/p>\n<div><a href=\"https:\/\/www.lfs-bonn.de\/?page_id=189\" class=\"more-link\">Read More<\/a><\/div>\n","protected":false},"author":1,"featured_media":0,"parent":17,"menu_order":0,"comment_status":"closed","ping_status":"closed","template":"","meta":{"footnotes":""},"class_list":["post-189","page","type-page","status-publish","hentry","no-post-thumbnail"],"_links":{"self":[{"href":"https:\/\/www.lfs-bonn.de\/index.php?rest_route=\/wp\/v2\/pages\/189"}],"collection":[{"href":"https:\/\/www.lfs-bonn.de\/index.php?rest_route=\/wp\/v2\/pages"}],"about":[{"href":"https:\/\/www.lfs-bonn.de\/index.php?rest_route=\/wp\/v2\/types\/page"}],"author":[{"embeddable":true,"href":"https:\/\/www.lfs-bonn.de\/index.php?rest_route=\/wp\/v2\/users\/1"}],"replies":[{"embeddable":true,"href":"https:\/\/www.lfs-bonn.de\/index.php?rest_route=%2Fwp%2Fv2%2Fcomments&post=189"}],"version-history":[{"count":4,"href":"https:\/\/www.lfs-bonn.de\/index.php?rest_route=\/wp\/v2\/pages\/189\/revisions"}],"predecessor-version":[{"id":5438,"href":"https:\/\/www.lfs-bonn.de\/index.php?rest_route=\/wp\/v2\/pages\/189\/revisions\/5438"}],"up":[{"embeddable":true,"href":"https:\/\/www.lfs-bonn.de\/index.php?rest_route=\/wp\/v2\/pages\/17"}],"wp:attachment":[{"href":"https:\/\/www.lfs-bonn.de\/index.php?rest_route=%2Fwp%2Fv2%2Fmedia&parent=189"}],"curies":[{"name":"wp","href":"https:\/\/api.w.org\/{rel}","templated":true}]}}