{"id":2632,"date":"2019-09-16T22:24:23","date_gmt":"2019-09-16T20:24:23","guid":{"rendered":"https:\/\/www.lfs-bonn.de\/?page_id=2632"},"modified":"2026-03-13T11:36:07","modified_gmt":"2026-03-13T10:36:07","slug":"foerderverein","status":"publish","type":"page","link":"https:\/\/www.lfs-bonn.de\/?page_id=2632","title":{"rendered":"Unser F\u00f6rderverein"},"content":{"rendered":"<div id=\"cs-content\" class=\"cs-content\"><div class=\"x-section e2632-e1 m214-0\"><div class=\"x-container max width e2632-e2 m214-1\"><\/div><div class=\"x-container max width e2632-e3 m214-1\"><div class=\"x-column x-sm x-2-3 e2632-e4 m214-2\"><div class=\"x-text x-content e2632-e5 m214-3\"><p style=\"text-align: justify;\">Wir, der \"Freundeskreis der Liebfrauenschule Bonn e. V\", sind der F\u00f6rderverein der Liebfrauenschule Bonn und wollen dazu beitragen, dass unsere T\u00f6chter eine vielseitige und anregende Schulbildung erhalten oder auch unsere ehemalige Schule weiterhin unterst\u00fctzen. Seien Sie ebenfalls f\u00fcr die Liebfrauenschule aktiv und werden Sie Mitglied im F\u00f6rderverein der Liebfrauenschule! Ab 15\u20ac Jahresbeitrag machen Sie Schulveranstaltungen m\u00f6glich - zum Beispiel Exkursionen und Klassenfahrten, die Gestaltung des Schulhofes oder neueste Technik im Klassenraum. Ein regelm\u00e4\u00dfiger j\u00e4hrlicher Geldbetrag erm\u00f6glicht uns eine verl\u00e4ssliche Planung. Aber auch jede einmalige Spende bringt uns ein St\u00fcck weiter.<\/p>\n<p>Die aktiven Eltern und das Kollegium freuen sich auf Ihre Mithilfe.<\/p>\n\n<ul>\n \t<li><a href=\"https:\/\/lfs-bonn.de\/wp-content\/uploads\/Freundeskreis-Satzung_2016.pdf\">Freundeskreis Satzung<\/a><a href=\"http:\/\/wp.lfs-bonn.de\/wp-content\/uploads\/Freundeskreis-Freistellung_2013-2015_2.pdf\"><\/a><\/li>\n \t<li><a href=\"https:\/\/www.lfs-bonn.de\/wp-content\/uploadshttps:\/\/www.lfs-bonn.de\/wp-content\/uploads\/Beitrittsformular-2022.pdf\">Freundeskreis Beitrittserkl\u00e4rung<\/a><\/li>\n \t<li><a href=\"https:\/\/www.lfs-bonn.de\/wp-content\/uploads\/Sammelbestaetigung_Freundeskreis.pdf\">Sammelbest\u00e4tigung zur Vorlage beim Finanzamt<\/a><\/li>\n<\/ul><\/div><\/div><div class=\"x-column x-sm x-1-3 e2632-e6 m214-2\"><hr class=\"x-line e2632-e7 m214-4 m214-5\"\/><span class=\"x-image e2632-e8 m214-c\"><img decoding=\"async\" src=\"https:\/\/www.lfs-bonn.de\/wp-content\/uploads\/Freundeskreis1-e1574026671742.jpg\" width=\"160\" height=\"200\" alt=\"Image\" loading=\"lazy\"><\/span><\/div><\/div><div class=\"x-container max width e2632-e9 m214-1\"><div class=\"x-column x-sm x-1-4 e2632-e10 m214-2\"><hr class=\"x-line e2632-e11 m214-5 m214-6\"\/><span class=\"x-image e2632-e12 m214-c\"><img decoding=\"async\" src=\"https:\/\/www.lfs-bonn.de\/wp-content\/uploads\/Collosseum.jpg\" width=\"220\" height=\"150\" alt=\"Image\" loading=\"lazy\"><\/span><span class=\"x-image e2632-e13 m214-c\"><img decoding=\"async\" src=\"https:\/\/www.lfs-bonn.de\/wp-content\/uploads\/Freundeskreis4.jpg\" width=\"695\" height=\"463\" alt=\"Image\" loading=\"lazy\"><\/span><\/div><div class=\"x-column x-sm x-3-4 e2632-e14 m214-2\"><hr class=\"x-line e2632-e15 m214-5 m214-7\"\/><div class=\"x-text x-content e2632-e16 m214-3\"><p><strong>Spendenkonto:<\/strong> <br \/>\nFreundeskreis der Liebfrauenschule Bonn e.V. <br \/>\nSparkasse K\u00f6lnBonn <br \/>\nIBAN: DE89370501980007518350 <br \/>\nBIC: COLSDE33XXX <br \/>\nMitgliedsbeitr\u00e4ge sind genauso wie Spenden steuerlich abzugsf\u00e4hig und nat\u00fcrlich erhalten Sie eine ordnungsgem\u00e4\u00dfe Zuwendungsbescheinigung. <br \/>\nBei einmaligen Spenden geben Sie bitte bei der \u00dcberweisung ihre vollst\u00e4ndige Adresse an.<\/p>\n<p>Unterst\u00fctzen Sie uns und werden Sie Mitglied im F\u00f6rderverein der Liebfrauenschule!<\/p><\/div><\/div><\/div><div class=\"x-container max width e2632-e17 m214-1\"><div class=\"x-column x-sm x-1-2 e2632-e18 m214-2\"><hr class=\"x-line e2632-e19 m214-5 m214-8\"\/><div class=\"x-text x-content e2632-e20 m214-3\"><p><strong>Hier ein kleiner Einblick in Projekte der letzten Jahre<\/strong><\/p>\n\n<ul>\n \t<li>Dokumentenkameras<\/li>\n \t<li>Sonnenschirme auf dem Schulhof<\/li>\n \t<li>Falt-Pavillons und Gasgrill<\/li>\n \t<li>Schauk\u00e4sten<\/li>\n \t<li>Theater-Headsets<\/li>\n \t<li>Schulsanit\u00e4terinnen-Sweatshirts<\/li>\n \t<li>elektronische Vertretungstafel<\/li>\n \t<li>Smartboards<\/li>\n \t<li>regelm\u00e4\u00dfige Unterst\u00fctzung von England- und Frankreichaustausch sowie der Chor- und Orchester-Freizeiten<\/li>\n \t<li>Unterst\u00fctzung der Aktivit\u00e4ten zum 100-j\u00e4hrigen Jubil\u00e4um (Festschrift und Romfahrt)<\/li>\n<\/ul><\/div><\/div><div class=\"x-column x-sm x-1-2 e2632-e21 m214-2\"><hr class=\"x-line e2632-e22 m214-5 m214-9\"\/><span class=\"x-image e2632-e23 m214-c\"><img decoding=\"async\" src=\"https:\/\/www.lfs-bonn.de\/wp-content\/uploads\/MINT_2a_600x454.jpg\" width=\"300\" height=\"227\" alt=\"Image\" loading=\"lazy\"><\/span><\/div><\/div><div class=\"x-container max width e2632-e24 m214-1\"><div class=\"x-column x-sm x-1-2 e2632-e25 m214-2\"><hr class=\"x-line e2632-e26 m214-5 m214-a\"\/><span class=\"x-image e2632-e27 m214-c\"><img decoding=\"async\" src=\"https:\/\/www.lfs-bonn.de\/wp-content\/uploads\/Freundeskreis2.jpg\" width=\"300\" height=\"200\" alt=\"Image\" loading=\"lazy\"><\/span><\/div><div class=\"x-column x-sm x-1-2 e2632-e28 m214-2\"><hr class=\"x-line e2632-e29 m214-5 m214-b\"\/><div class=\"x-text x-content e2632-e30 m214-3\"><\/div><\/div><\/div><div class=\"x-container max width e2632-e31 m214-1\"><div class=\"x-column x-sm x-1-1 e2632-e32 m214-2\"><hr class=\"x-line e2632-e33 m214-5 m214-b\"\/><div class=\"x-text x-content e2632-e34 m214-3\"><p><strong>Sie haben Fragen? <\/strong><\/p>\n\n<ul>\n \t<li>Kontakt:\u00a0 <a href=\"mailto:Freundeskreis@lfs-bonn.de\">Freundeskreis\/at\/lfs-bonn.de<\/a><\/li>\n<\/ul>\n<p><\/p>\n\n<ul>\n \t<li><a href=\"https:\/\/lfs-bonn.de\/wp-content\/uploads\/Freundeskreis-Satzung_2016.pdf\">Unsere Satzung<\/a><a href=\"http:\/\/wp.lfs-bonn.de\/wp-content\/uploads\/Freundeskreis-Freistellung_2013-2015_2.pdf\"><\/a><\/li>\n<\/ul><\/div><\/div><\/div><\/div><\/div>\n","protected":false},"excerpt":{"rendered":"<p>Wir, der &#8222;Freundeskreis der Liebfrauenschule Bonn e. V&#8220;, sind der F\u00f6rderverein der Liebfrauenschule Bonn und wollen dazu beitragen, dass unsere T\u00f6chter eine vielseitige und anregende Schulbildung erhalten oder auch unsere ehemalige Schule weiterhin unterst\u00fctzen. Seien Sie ebenfalls f\u00fcr die Liebfrauenschule aktiv und werden Sie Mitglied im F\u00f6rderverein der Liebfrauenschule! Ab 15\u20ac Jahresbeitrag machen Sie Schulveranstaltungen m\u00f6glich &#8211; zum Beispiel Exkursionen &#8230; <\/p>\n<div><a href=\"https:\/\/www.lfs-bonn.de\/?page_id=2632\" class=\"more-link\">Read More<\/a><\/div>\n","protected":false},"author":8,"featured_media":0,"parent":95,"menu_order":0,"comment_status":"closed","ping_status":"closed","template":"","meta":{"footnotes":""},"class_list":["post-2632","page","type-page","status-publish","hentry","no-post-thumbnail"],"_links":{"self":[{"href":"https:\/\/www.lfs-bonn.de\/index.php?rest_route=\/wp\/v2\/pages\/2632"}],"collection":[{"href":"https:\/\/www.lfs-bonn.de\/index.php?rest_route=\/wp\/v2\/pages"}],"about":[{"href":"https:\/\/www.lfs-bonn.de\/index.php?rest_route=\/wp\/v2\/types\/page"}],"author":[{"embeddable":true,"href":"https:\/\/www.lfs-bonn.de\/index.php?rest_route=\/wp\/v2\/users\/8"}],"replies":[{"embeddable":true,"href":"https:\/\/www.lfs-bonn.de\/index.php?rest_route=%2Fwp%2Fv2%2Fcomments&post=2632"}],"version-history":[{"count":33,"href":"https:\/\/www.lfs-bonn.de\/index.php?rest_route=\/wp\/v2\/pages\/2632\/revisions"}],"predecessor-version":[{"id":6588,"href":"https:\/\/www.lfs-bonn.de\/index.php?rest_route=\/wp\/v2\/pages\/2632\/revisions\/6588"}],"up":[{"embeddable":true,"href":"https:\/\/www.lfs-bonn.de\/index.php?rest_route=\/wp\/v2\/pages\/95"}],"wp:attachment":[{"href":"https:\/\/www.lfs-bonn.de\/index.php?rest_route=%2Fwp%2Fv2%2Fmedia&parent=2632"}],"curies":[{"name":"wp","href":"https:\/\/api.w.org\/{rel}","templated":true}]}}