{"id":3559,"date":"2020-11-04T18:37:58","date_gmt":"2020-11-04T17:37:58","guid":{"rendered":"https:\/\/www.lfs-bonn.de\/?page_id=3559"},"modified":"2025-07-10T12:58:53","modified_gmt":"2025-07-10T10:58:53","slug":"lfs-digital-besuchen","status":"publish","type":"page","link":"https:\/\/www.lfs-bonn.de\/?page_id=3559","title":{"rendered":"Die LFS digital besuchen"},"content":{"rendered":"<div id=\"cs-content\" class=\"cs-content\"><\/div>\n","protected":false},"excerpt":{"rendered":"<p>Wir laden euch, liebe Grundsch\u00fclerinnen, und Sie, liebe Eltern, herzlich ein, uns an dieser Stelle digital kennenzulernen, und w\u00fcnschen viel Spa\u00df auf den folgenden Seiten. Hier haben wir Material zusammengestellt, das einen Einblick in unser vielf\u00e4ltiges Schulleben gew\u00e4hrt. Unsere Sch\u00fclersprecherinnen begleiten euch und Sie auf einem Rundgang durch unsere Geb\u00e4ude; die Fachschaft Kunst pr\u00e4sentiert Monster, Laternen und Bilder aus Wimperntusche. &#8230; <\/p>\n<div><a href=\"https:\/\/www.lfs-bonn.de\/?page_id=3559\" class=\"more-link\">Read More<\/a><\/div>\n","protected":false},"author":1,"featured_media":0,"parent":0,"menu_order":0,"comment_status":"closed","ping_status":"closed","template":"","meta":{"footnotes":""},"class_list":["post-3559","page","type-page","status-publish","hentry","no-post-thumbnail"],"_links":{"self":[{"href":"https:\/\/www.lfs-bonn.de\/index.php?rest_route=\/wp\/v2\/pages\/3559"}],"collection":[{"href":"https:\/\/www.lfs-bonn.de\/index.php?rest_route=\/wp\/v2\/pages"}],"about":[{"href":"https:\/\/www.lfs-bonn.de\/index.php?rest_route=\/wp\/v2\/types\/page"}],"author":[{"embeddable":true,"href":"https:\/\/www.lfs-bonn.de\/index.php?rest_route=\/wp\/v2\/users\/1"}],"replies":[{"embeddable":true,"href":"https:\/\/www.lfs-bonn.de\/index.php?rest_route=%2Fwp%2Fv2%2Fcomments&post=3559"}],"version-history":[{"count":57,"href":"https:\/\/www.lfs-bonn.de\/index.php?rest_route=\/wp\/v2\/pages\/3559\/revisions"}],"predecessor-version":[{"id":6361,"href":"https:\/\/www.lfs-bonn.de\/index.php?rest_route=\/wp\/v2\/pages\/3559\/revisions\/6361"}],"wp:attachment":[{"href":"https:\/\/www.lfs-bonn.de\/index.php?rest_route=%2Fwp%2Fv2%2Fmedia&parent=3559"}],"curies":[{"name":"wp","href":"https:\/\/api.w.org\/{rel}","templated":true}]}}