{"id":3650,"date":"2020-11-04T18:26:32","date_gmt":"2020-11-04T17:26:32","guid":{"rendered":"https:\/\/www.lfs-bonn.de\/?page_id=3650"},"modified":"2025-06-15T10:15:17","modified_gmt":"2025-06-15T08:15:17","slug":"kuenstlerische-faecher","status":"publish","type":"page","link":"https:\/\/www.lfs-bonn.de\/?page_id=3650","title":{"rendered":"Informationen zum Schulstart"},"content":{"rendered":"<div id=\"cs-content\" class=\"cs-content\"><\/div>\n","protected":false},"excerpt":{"rendered":"<p>Hier finden Sie Informationen rund um den Schulstart an der LFS Bonn! Das Merkblatt zum Infektionsschutz kann hier eingesehen werden. Die Materialliste f\u00fcr das kommende Schuljahr finden Sie hier. Informationen zu unserer Musikschule finden sich hier. Der diesj\u00e4hrige Kopiergeldbrief folgt in K\u00fcrze. Die Regelungen f\u00fcr den Sportunterricht stehen hier zum Download bereit. Informationen zu unserer Regelung bei Unterrichtsvers\u00e4umnissen k\u00f6nnen hier &#8230; <\/p>\n<div><a href=\"https:\/\/www.lfs-bonn.de\/?page_id=3650\" class=\"more-link\">Read More<\/a><\/div>\n","protected":false},"author":1,"featured_media":0,"parent":0,"menu_order":0,"comment_status":"closed","ping_status":"closed","template":"","meta":{"footnotes":""},"class_list":["post-3650","page","type-page","status-publish","hentry","no-post-thumbnail"],"_links":{"self":[{"href":"https:\/\/www.lfs-bonn.de\/index.php?rest_route=\/wp\/v2\/pages\/3650"}],"collection":[{"href":"https:\/\/www.lfs-bonn.de\/index.php?rest_route=\/wp\/v2\/pages"}],"about":[{"href":"https:\/\/www.lfs-bonn.de\/index.php?rest_route=\/wp\/v2\/types\/page"}],"author":[{"embeddable":true,"href":"https:\/\/www.lfs-bonn.de\/index.php?rest_route=\/wp\/v2\/users\/1"}],"replies":[{"embeddable":true,"href":"https:\/\/www.lfs-bonn.de\/index.php?rest_route=%2Fwp%2Fv2%2Fcomments&post=3650"}],"version-history":[{"count":45,"href":"https:\/\/www.lfs-bonn.de\/index.php?rest_route=\/wp\/v2\/pages\/3650\/revisions"}],"predecessor-version":[{"id":6296,"href":"https:\/\/www.lfs-bonn.de\/index.php?rest_route=\/wp\/v2\/pages\/3650\/revisions\/6296"}],"wp:attachment":[{"href":"https:\/\/www.lfs-bonn.de\/index.php?rest_route=%2Fwp%2Fv2%2Fmedia&parent=3650"}],"curies":[{"name":"wp","href":"https:\/\/api.w.org\/{rel}","templated":true}]}}