{"id":370,"date":"2018-01-04T11:52:49","date_gmt":"2018-01-04T10:52:49","guid":{"rendered":"http:\/\/wp.lfs-bonn.de\/?page_id=370"},"modified":"2024-08-21T10:26:57","modified_gmt":"2024-08-21T08:26:57","slug":"datenschutz","status":"publish","type":"page","link":"https:\/\/www.lfs-bonn.de\/?page_id=370","title":{"rendered":"Datenschutz"},"content":{"rendered":"<p>Datenschutzerkl\u00e4rung<\/p>\n<p>Diese Datenschutzerkl\u00e4rung unterrichtet Sie gem\u00e4\u00df Art. 13 der Datenschutz-Grundverordnung (DSGVO) und \u00a7 14 des Gesetzes \u00fcber den Kirchlichen Datenschutz (KDG) \u00fcber Art und Weise und die Hintergr\u00fcnde der Verarbeitung Ihrer personenbezogenen Daten \u00fcber die Webseite www.lfs-bonn.de (nachfolgend \u201eWebsite\u201c) und \u00fcber die Ihnen zustehenden Rechte.<\/p>\n<p><strong>1. Datenschutz auf einen Blick<\/strong><\/p>\n<p>Die folgenden Hinweise geben einen einfachen \u00dcberblick dar\u00fcber, was mit Ihren personenbezogenen Daten geschieht, wenn Sie unsere Website besuchen. Weitere Erl\u00e4uterungen hierzu finden Sie in den folgenden Themenbereichen dieser Datenschutzerkl\u00e4rung.<\/p>\n<p>Wer ist verantwortlich f\u00fcr die Datenerfassung auf dieser Website?<br \/>\nDie Datenverarbeitung auf dieser Website erfolgt durch den Websitebetreiber. Dessen Kontaktdaten k\u00f6nnen Sie dem Impressum dieser Website entnehmen.<\/p>\n<p>Wie erfassen wir Ihre personenbezogenen Daten?<br \/>\nIhre Daten werden zum einen dadurch erhoben, dass Sie uns diese mitteilen. Hierbei kann es sich z.B. um Daten handeln, die Sie in ein Kontaktformular eingeben. Andere Daten werden automatisch beim Besuch der Website durch unsere IT-Systeme erfasst. Das sind vor allem technische Daten (z.B. Internetbrowser, Betriebssystem oder Uhrzeit des Seitenaufrufs). Die Erfassung dieser Daten erfolgt automatisch, sobald Sie unsere Website besuchen.<\/p>\n<p>Wof\u00fcr nutzen wir Ihre personenbezogenen Daten?<br \/>\nEin Teil der Daten wird erhoben, um eine fehlerfreie Bereitstellung der Website zu gew\u00e4hrleisten. Wir verarbeiten Ihre personenbezogenen Daten nur zu den in dieser Datenschutzerkl\u00e4rung genannten Zwecken. Eine \u00dcbermittlung Ihrer Daten an Dritte zu anderen als den genannten Zwecken findet nicht statt.<\/p>\n<p>Wir geben Ihre pers\u00f6nlichen Daten nur an Dritte weiter, wenn:<br \/>\n&#8211; Sie Ihre ausdr\u00fcckliche Einwilligung dazu erteilt haben,<br \/>\n&#8211; die Verarbeitung zur Abwicklung eines Vertrags mit Ihnen erforderlich ist,<br \/>\n&#8211; die Verarbeitung zur Erf\u00fcllung einer rechtlichen Verpflichtung erforderlich ist,\u2028 die Verarbeitung zur Wahrung berechtigter Interessen erforderlich ist und kein Grund zur Annahme besteht, dass Sie ein \u00fcberwiegendes schutzw\u00fcrdiges Interesse an der Nichtweitergabe Ihrer Daten haben.<\/p>\n<p>Welche Rechte haben Sie bez\u00fcglich Ihrer personenbezogenen Daten?<br \/>\nSie haben nach der DSGVO und dem KDG (\u00a7\u00a7 17 ff.) und folgende Rechte hinsichtlich der Sie betreffenden personenbezogenen Daten:<br \/>\n&#8211; Recht auf Auskunft<br \/>\n&#8211; Recht auf Berichtigung<br \/>\n&#8211; Recht auf L\u00f6schung<br \/>\n&#8211; Recht auf Einschr\u00e4nkung der Verarbeitung<br \/>\n&#8211; Recht auf Widerspruch gegen die Verarbeitung<br \/>\n&#8211; Recht auf \u201eDaten\u00fcbertragbarkeit\u201d.<br \/>\n&#8211; Recht auf Beschwerde \u00fcber die Verarbeitung Ihrer personenbezogenen Daten bei uns, bei der Datenschutz-Aufsicht<br \/>\n(unten aufgef\u00fchrt) oder einer Datenschutzbeh\u00f6rde.<\/p>\n<p><strong>2. Allgemeine Hinweise und Pflichtinformationen<\/strong><\/p>\n<p><strong>Datenschutz<\/strong><\/p>\n<p>Die Betreiber dieser Seiten nehmen den Schutz Ihrer personenbezogenen Daten sehr ernst. Wir halten uns an die Grunds\u00e4tze der Datenvermeidung und Datensparsamkeit. Wir speichern Ihre personenbezogenen Daten daher nur so lange, wie dies zur Erreichung der hier genannten Zwecke erforderlich ist oder wie es die vom Gesetzgeber vorgesehenen vielf\u00e4ltigen Speicherfristen vorsehen. Nach Fortfall des jeweiligen Zweckes bzw. Ablauf dieser Fristen werden die entsprechenden Daten routinem\u00e4\u00dfig und entsprechend den gesetzlichen Vorschriften gesperrt oder gel\u00f6scht. Im \u00dcbrigen behandeln wir diese Daten vertraulich.<br \/>\nWenn Sie diese Website benutzen, werden verschiedene personenbezogene Daten erhoben. Die folgenden Abschnitte der Datenschutzerkl\u00e4rung erl\u00e4utern, welche personenbezogenen Daten wir verarbeiten. Sie erl\u00e4utern auch, wie und zu welchem Zweck das geschieht.<br \/>\nWir weisen rein vorsorglich darauf hin, dass die Daten\u00fcbertragung im Internet (z.B. bei der Kommunikation per E-Mail) Sicherheitsl\u00fccken aufweisen kann. Ein l\u00fcckenloser Schutz der Daten vor dem Zugriff durch Dritte ist nicht m\u00f6glich.<\/p>\n<p>Was sind personenbezogene Daten?<br \/>\nPersonenbezogene Daten sind gem\u00e4\u00df Art. 4 DSGVO bzw. \u00a7 4 Nr. 2 KDG alle Daten, die sich auf eine identifizierte oder identifizierbare nat\u00fcrliche Person beziehen. Als identifizierbar wird eine nat\u00fcrliche Person angesehen, die direkt oder indirekt, insbesondere mittels Zuordnung zu einer Kennung wie einem Namen, einer Kennnummer, zu Standortdaten, zu einer Online-Kennung oder zu einem oder mehreren besonderen Merkmalen identifiziert werden kann, die Ausdruck der physischen, physiologischen, wirtschaftlichen, kulturellen oder sozialen Identit\u00e4t dieser nat\u00fcrlichen Person sind. Dies sind also nicht nur Ihr Name, Ihre E-Mail-Adresse oder Ihre Kontaktdaten, sondern z.B. auch die IP-Adresse, \u00fcber die Sie ggf. rein informatorisch unsere Website besuchen.<\/p>\n<p><strong>Hinweis zur Verantwortlichen Stelle im Sinne der DSGVO bzw. des KDG<\/strong><\/p>\n<p>Verantwortlich gem\u00e4\u00df Art. 4 Nr. 7 DSGVO bzw. \u00a7 4 Nr. 9 KDG f\u00fcr die Datenverarbeitung auf dieser Website sind:<\/p>\n<p>Schule: \u2028Erzbisch\u00f6fliche Liebfrauenschule Bonn<br \/>\nvertreten durch die Schulleiterin Frau Annika R\u00fcter und den stellvertretenden Schulleiter Herrn Stefan Gansen<br \/>\nAnschrift: K\u00f6nigstr. 17-19, 53113 Bonn<br \/>\nTel. 0228\/210700<br \/>\nFax 0228\/214183<br \/>\nE-Mail: info@lfs-bonn.de<\/p>\n<p>Schultr\u00e4ger:\u2028 Erzbistum K\u00f6ln<br \/>\nK\u00f6rperschaft des \u00f6ffentlichen Rechts<br \/>\nvertreten durch den Generalvikar<br \/>\nMarzellenstra\u00dfe 32, 50668 K\u00f6ln<br \/>\nE-Mail: schule-hochschule@erzbistum-koeln.de<\/p>\n<p><strong>Betrieblicher Datenschutzbeauftragter<\/strong><\/p>\n<p>Bei Fragen zum betrieblichen Datenschutz wenden Sie sich bitte an:<\/p>\n<p>wupp.iT<\/p>\n<p>Frank Chabri\u00e9<\/p>\n<p>Tiebelsheide 45<\/p>\n<p>42111 Wuppertal<\/p>\n<p>Telefon: 0202 271-2000<\/p>\n<p>info@wupp.iT<\/p>\n<p>Widerruf Ihrer Einwilligung zur Datenverarbeitung<\/p>\n<p>Viele Datenverarbeitungsvorg\u00e4nge sind nur mit Ihrer ausdr\u00fccklichen Einwilligung m\u00f6glich. Sie k\u00f6nnen eine bereits erteilte Einwilligung jederzeit widerrufen. Dazu reicht eine formlose Mitteilung per E-Mail an uns. Die Rechtm\u00e4\u00dfigkeit der bis zum Widerruf erfolgten Datenverarbeitung bleibt vom Widerruf unber\u00fchrt.<\/p>\n<p>Beschwerderecht bei der zust\u00e4ndigen kirchlichen Datenschutzaufsicht<\/p>\n<p>Gem\u00e4\u00df \u00a7 48 KDG hat jede betroffene Person unbeschadet eines anderweitigen Rechtsbehelfs das Recht auf Beschwerde bei der kirchlichen Datenschutzaufsicht, wenn sie der Ansicht ist, dass die Verarbeitung der sie betreffenden personenbezogenen Daten gegen die Vorschriften des KDG oder gegen andere Datenschutzvorschriften verst\u00f6\u00dft.<\/p>\n<p>Zust\u00e4ndige kirchliche Datenschutzaufsicht:<\/p>\n<p>Katholisches Datenschutzzentrum<br \/>\nK\u00f6rperschaft des \u00f6ffentlichen Rechts<br \/>\nBrackeler Hellweg 144, 44309 Dortmund<br \/>\nTel.: 0231\/13 89 85-0<br \/>\nFax: 0231\/13 89 85-22<br \/>\nE-Mail: info@kdsz.de\u2028www.katholisches-datenschutzzentrum.de<\/p>\n<p>Recht auf Daten\u00fcbertragbarkeit<\/p>\n<p>Daten, die wir auf Grundlage Ihrer Einwilligung oder in Erf\u00fcllung eines Vertrags automatisiert verarbeiten, werden auf Verlangen an Sie oder an einen Dritten in einem strukturierten, g\u00e4ngigen und maschinenlesbaren Format ausgeh\u00e4ndigt. Sofern Sie die direkte \u00dcbertragung der Daten an einen anderen Verantwortlichen verlangen, erfolgt dies nur, soweit es technisch machbar ist (Art. 20 DSGVO bzw. \u00a7 22 Abs. 2 KDG).<\/p>\n<p>SSL- bzw. TLS-Verschl\u00fcsselung<\/p>\n<p>Diese Seite nutzt aus Sicherheitsgr\u00fcnden und zum Schutz der \u00dcbertragung vertraulicher Inhalte, wie zum Beispiel Anfragen, die Sie an uns als Seitenbetreiber senden, eine SSL-bzw. TLS-Verschl\u00fcsselung. Eine verschl\u00fcsselte Verbindung erkennen Sie daran, dass die Adresszeile des Browsers von \u201chttp:\/\/\u201d auf \u201chttps:\/\/\u201d wechselt und an dem Schloss-Symbol in Ihrer Browserzeile.<br \/>\nWenn die SSL- bzw. TLS-Verschl\u00fcsselung aktiviert ist, k\u00f6nnen die Daten, die Sie an uns \u00fcbermitteln, nicht von Dritten mitgelesen werden.<\/p>\n<p>Auskunft, Berichtigung, L\u00f6schung, Einschr\u00e4nkung der Verarbeitung<\/p>\n<p>Sie haben im Rahmen der geltenden gesetzlichen Bestimmungen der DSGVO und des KDG jederzeit das Recht auf Auskunft (\u00a7 17 KDG), Berichtigung (\u00a7 18 KDG), L\u00f6schung (\u00a7 19 KDG) und Einschr\u00e4nkung der Verarbeitung (\u00a7 20 KDG). Hierzu sowie zu weiteren Fragen zum Thema personenbezogene Daten k\u00f6nnen Sie sich jederzeit unter der im Impressum angegebenen Adresse an uns wenden.<\/p>\n<p>Widerspruch zur unerw\u00fcnschten Nutzung der angegebenen Kontaktdaten<\/p>\n<p>Der Nutzung von im Rahmen der Impressumspflicht und der Pflichten aus dem Datenschutzrecht ver\u00f6ffentlichten Kontaktdaten zur \u00dcbersendung von nicht ausdr\u00fccklich angeforderter Werbung und Informationsmaterialien wird hiermit widersprochen. Die Betreiber der Seiten behalten sich ausdr\u00fccklich rechtliche Schritte im Falle der unverlangten Zusendung von Werbeinformationen, etwa durch Spam-E-Mails, vor.<\/p>\n<p><strong>3. Datenerfassung auf unserer Website und ihr jeweiliger Zweck<\/strong><\/p>\n<p>Server-Log-Dateien<\/p>\n<p>Der Provider der Seiten erhebt und speichert automatisch Informationen in so genannten Server-Log-Dateien, die Ihr Browser automatisch an uns \u00fcbermittelt. Dies sind:<br \/>\n&#8211; IP-Adresse<br \/>\n&#8211; Datum und Uhrzeit der Serveranfrage<br \/>\n&#8211; Zeitzonendifferenz zur Greenwich Mean Time (GMT) bzw. Zeitzonendifferenz zur UTC-Zeit<br \/>\n&#8211; Inhalt der Anforderung (konkrete Seite)<br \/>\n&#8211; Zugriffsstatus\/HTTP-Statuscode<br \/>\n&#8211; jeweils \u00fcbertragene Datenmenge<br \/>\n&#8211; Adresse der Website, von der die Anforderung kommt (Referrer-URL)<br \/>\n&#8211; Browsertyp sowie Sprache und Version der Browsersoftware<br \/>\n&#8211; Betriebssystem und dessen Oberfl\u00e4che<br \/>\n&#8211; Hostname des zugreifenden Rechners<\/p>\n<p>Diese Datenverarbeitung durch unser System dient dem Zweck und unserem Interesse, die Auslieferung der Website an den Rechner des Nutzers zu erm\u00f6glichen. Hierf\u00fcr muss die IP-Adresse des Nutzers f\u00fcr die Dauer der Sitzung gespeichert bleiben. Die Daten werden in unserem System gel\u00f6scht, wenn die jeweilige Sitzung beendet ist.<br \/>\nDie Daten werden ebenfalls in den Logfiles unseres Systems gespeichert. Diese Datenverarbeitung dient unserem Interesse, die Funktionsf\u00e4higkeit der Website sicherzustellen und zur Optimierung der Website sowie zur Sicherstellung der Sicherheit unseres informationstechnischen Systems. Die in den Logfiles gespeicherten Daten werden nach sp\u00e4testens vierzehn Tagen gel\u00f6scht oder anonymisiert, so dass eine Zuordnung des aufrufenden Clients nicht mehr m\u00f6glich ist. Eine Zusammenf\u00fchrung dieser Daten mit anderen Datenquellen wird nicht vorgenommen, eine Auswertung dieser Daten zu Marketingzwecken findet nicht statt.<br \/>\nGrundlage f\u00fcr die Datenverarbeitung ist Art. 6 Abs. 1 lit. b KDG bzw. \u00a7 6 Abs. 1 lit. g KDG, der die Verarbeitung von Daten zur Erf\u00fcllung eines Vertrags oder vorvertraglicher Ma\u00dfnahmen gestattet. Die Erfassung der Daten zur Bereitstellung der Website und die Speicherung der Daten in Logfiles ist f\u00fcr den Betrieb der Internetseite zwingend erforderlich. Im \u00dcbrigen erheben wir personenbezogene Daten von Ihnen nur, wenn Sie uns diese auf der Website freiwillig zur Verf\u00fcgung stellen, z.B., wenn Sie ein Benutzerkonto einrichten oder sich bei einem Newsletter registrieren oder mit uns in Kontakt treten.<\/p>\n<p>Kontaktformular oder Kontaktanfragen \u00fcber E-Mail<\/p>\n<p>Bei Anfragen \u00fcber unser Kontaktformular oder im Rahmen unserer Ihnen zur Verf\u00fcgung gestellten E-Mailadressen verarbeiten wir die von Ihnen freiwillig zur Verf\u00fcgung gestellten personenbezogenen Daten ausschlie\u00dflich dazu, um Ihre Anfrage zu bearbeiten, zu beantworten oder uns mit Ihnen in Verbindung zu setzen. Die in diesem Zusammenhang anfallenden Daten werden nach abschlie\u00dfender Bearbeitung gel\u00f6scht, sollten nicht gesetzliche oder sonstige Aufbewahrungsfristen bestehen. Rechtsgrundlage f\u00fcr diese Verarbeitung Ihrer personenbezogenen Daten ist Art. 6 Abs. 1 lit. b DSGVO bzw. \u00a7 6 Abs.1 lit. c KDG.<\/p>\n<p><strong>4. Plugins und Tools<\/strong><\/p>\n<p>Verwendung von Scriptbibliotheken (Google Web Fonts)<\/p>\n<p>Um unsere Inhalte browser\u00fcbergreifend korrekt und grafisch ansprechend darzustellen, verwenden wir auf dieser Website Scriptbibliotheken und Schriftbibliotheken wie z. B. Google Web Fonts (https:\/\/www.google.com\/webfonts\/). Beim Aufruf einer Seite l\u00e4dt Ihr Browser die ben\u00f6tigten Web Fonts in ihren Browsercache, um Texte und Schriftarten korrekt anzuzeigen. Google Web Fonts werden zur Vermeidung mehrfachen Ladens in den Cache Ihres Browsers \u00fcbertragen.<br \/>\nZu diesem Zweck muss der von Ihnen verwendete Browser Verbindung zu den Servern von Google aufnehmen. Hierdurch erlangt Google Kenntnis dar\u00fcber, dass \u00fcber Ihre IP-Adresse unsere Website aufgerufen wurde. Die Nutzung von Google Web Fonts erfolgt im Interesse einer einheitlichen und ansprechenden Darstellung unserer Online-Angebote. Dies stellt ein berechtigtes Interesse im Sinne von Art. 6 Abs. 1. lit. f DSGVO bzw. \u00a7 6 Abs. 1 lit. g KDG dar.<br \/>\nFalls der Browser die Google Web Fonts nicht unterst\u00fctzt oder den Zugriff unterbindet, werden Inhalte in einer Standardschrift angezeigt.<br \/>\nDie Datenschutzrichtlinie des Bibliothekbetreibers Google finden Sie hier: https:\/\/www.google.com\/policies\/privacy\/, weitere Informationen zu Google Web Fonts finden Sie unter https:\/\/developers.google.com\/fonts\/faq.<\/p>\n<p><strong>5. Links zu anderen Websites<\/strong><\/p>\n<p>Die Website enth\u00e4lt ggf. Links zu anderen Websites, zu Datenschutzerkl\u00e4rungen und Datenschutzrichtlinien auf diesen Websites. Wir \u00fcbernehmen weder eine Haftung noch eine Verantwortung f\u00fcr diese nicht im Zusammenhang mit unserer Seite stehenden Erkl\u00e4rungen und Richtlinien.<\/p>\n<p>Die <strong>Datenschutzhinweise gem\u00e4\u00df \u00a7 14 und \u00a7 15 KDG <\/strong>k\u00f6nnen <a href=\"https:\/\/www.lfs-bonn.de\/wp-content\/uploads\/Datenschutzhinweise-gemaess-14-und-15.pdf\">hier<\/a> eingesehen werden.<\/p>\n","protected":false},"excerpt":{"rendered":"<p>Datenschutzerkl\u00e4rung Diese Datenschutzerkl\u00e4rung unterrichtet Sie gem\u00e4\u00df Art. 13 der Datenschutz-Grundverordnung (DSGVO) und \u00a7 14 des Gesetzes \u00fcber den Kirchlichen Datenschutz (KDG) \u00fcber Art und Weise und die Hintergr\u00fcnde der Verarbeitung Ihrer personenbezogenen Daten \u00fcber die Webseite www.lfs-bonn.de (nachfolgend \u201eWebsite\u201c) und \u00fcber die Ihnen zustehenden Rechte. 1. Datenschutz auf einen Blick Die folgenden Hinweise geben einen einfachen \u00dcberblick dar\u00fcber, was mit &#8230; <\/p>\n<div><a href=\"https:\/\/www.lfs-bonn.de\/?page_id=370\" class=\"more-link\">Read More<\/a><\/div>\n","protected":false},"author":1,"featured_media":0,"parent":19,"menu_order":0,"comment_status":"closed","ping_status":"closed","template":"","meta":{"footnotes":""},"class_list":["post-370","page","type-page","status-publish","hentry","no-post-thumbnail"],"_links":{"self":[{"href":"https:\/\/www.lfs-bonn.de\/index.php?rest_route=\/wp\/v2\/pages\/370"}],"collection":[{"href":"https:\/\/www.lfs-bonn.de\/index.php?rest_route=\/wp\/v2\/pages"}],"about":[{"href":"https:\/\/www.lfs-bonn.de\/index.php?rest_route=\/wp\/v2\/types\/page"}],"author":[{"embeddable":true,"href":"https:\/\/www.lfs-bonn.de\/index.php?rest_route=\/wp\/v2\/users\/1"}],"replies":[{"embeddable":true,"href":"https:\/\/www.lfs-bonn.de\/index.php?rest_route=%2Fwp%2Fv2%2Fcomments&post=370"}],"version-history":[{"count":17,"href":"https:\/\/www.lfs-bonn.de\/index.php?rest_route=\/wp\/v2\/pages\/370\/revisions"}],"predecessor-version":[{"id":5906,"href":"https:\/\/www.lfs-bonn.de\/index.php?rest_route=\/wp\/v2\/pages\/370\/revisions\/5906"}],"up":[{"embeddable":true,"href":"https:\/\/www.lfs-bonn.de\/index.php?rest_route=\/wp\/v2\/pages\/19"}],"wp:attachment":[{"href":"https:\/\/www.lfs-bonn.de\/index.php?rest_route=%2Fwp%2Fv2%2Fmedia&parent=370"}],"curies":[{"name":"wp","href":"https:\/\/api.w.org\/{rel}","templated":true}]}}