{"id":3723,"date":"2020-11-08T18:50:36","date_gmt":"2020-11-08T17:50:36","guid":{"rendered":"https:\/\/www.lfs-bonn.de\/?page_id=3723"},"modified":"2025-06-15T10:09:46","modified_gmt":"2025-06-15T08:09:46","slug":"deutsch-und-fremdsprachen","status":"publish","type":"page","link":"https:\/\/www.lfs-bonn.de\/?page_id=3723","title":{"rendered":"Deutsch und Fremdsprachen"},"content":{"rendered":"<div id=\"cs-content\" class=\"cs-content\"><\/div>\n","protected":false},"excerpt":{"rendered":"<p>Schau, das ist mein Lieblingsbuch &#8211; Buchvorstellung einmal anders! Jedes Jahr findet in der Klasse 6 im Deutschunterricht der Vorlesewettbewerb statt. Dazu w\u00e4hlt jede Sch\u00fclerin ihr Lieblingsbuch aus, das sie in der Klasse vorstellt und aus dem sie dann vorliest. Im vergangenen Schuljahr wollten wir etwas Neues ausprobieren und die Buchpr\u00e4sentationen einmal auf andere Weise durchf\u00fchren. Mit gro\u00dfer Begeisterung gestalteten &#8230; <\/p>\n<div><a href=\"https:\/\/www.lfs-bonn.de\/?page_id=3723\" class=\"more-link\">Read More<\/a><\/div>\n","protected":false},"author":1,"featured_media":0,"parent":3559,"menu_order":0,"comment_status":"closed","ping_status":"closed","template":"","meta":{"footnotes":""},"class_list":["post-3723","page","type-page","status-publish","hentry","no-post-thumbnail"],"_links":{"self":[{"href":"https:\/\/www.lfs-bonn.de\/index.php?rest_route=\/wp\/v2\/pages\/3723"}],"collection":[{"href":"https:\/\/www.lfs-bonn.de\/index.php?rest_route=\/wp\/v2\/pages"}],"about":[{"href":"https:\/\/www.lfs-bonn.de\/index.php?rest_route=\/wp\/v2\/types\/page"}],"author":[{"embeddable":true,"href":"https:\/\/www.lfs-bonn.de\/index.php?rest_route=\/wp\/v2\/users\/1"}],"replies":[{"embeddable":true,"href":"https:\/\/www.lfs-bonn.de\/index.php?rest_route=%2Fwp%2Fv2%2Fcomments&post=3723"}],"version-history":[{"count":12,"href":"https:\/\/www.lfs-bonn.de\/index.php?rest_route=\/wp\/v2\/pages\/3723\/revisions"}],"predecessor-version":[{"id":6289,"href":"https:\/\/www.lfs-bonn.de\/index.php?rest_route=\/wp\/v2\/pages\/3723\/revisions\/6289"}],"up":[{"embeddable":true,"href":"https:\/\/www.lfs-bonn.de\/index.php?rest_route=\/wp\/v2\/pages\/3559"}],"wp:attachment":[{"href":"https:\/\/www.lfs-bonn.de\/index.php?rest_route=%2Fwp%2Fv2%2Fmedia&parent=3723"}],"curies":[{"name":"wp","href":"https:\/\/api.w.org\/{rel}","templated":true}]}}