{"id":3821,"date":"2020-11-16T21:04:09","date_gmt":"2020-11-16T20:04:09","guid":{"rendered":"https:\/\/www.lfs-bonn.de\/?page_id=3821"},"modified":"2025-06-15T10:13:28","modified_gmt":"2025-06-15T08:13:28","slug":"mint","status":"publish","type":"page","link":"https:\/\/www.lfs-bonn.de\/?page_id=3821","title":{"rendered":"MINT"},"content":{"rendered":"<div id=\"cs-content\" class=\"cs-content\"><\/div>\n","protected":false},"excerpt":{"rendered":"<p>Das praxisorientierte MINT-Konzept f\u00fcr die 5.-7. Klassen Unsere j\u00fcngeren Sch\u00fclerinnen erhalten in den Kursen Biologie praktisch, Physik praktisch und im\u00a0Computer-Club die Gelegenheit, in kleinen Gruppen naturwissenschaftlich zu arbeiten und Grundlagen der Informatik zu erwerben. Im Vordergrund stehen dabei immer das praxisorientierte Arbeiten und das Experimentieren. Mehr erfahren&#8230; Junior-Ingenieur-Akademie Naturwissenschaftlich arbeiten in Kooperation mit starken Partnern: Einen \u00dcberblick \u00fcber die Junior-Ingenieur-Akademie &#8230; <\/p>\n<div><a href=\"https:\/\/www.lfs-bonn.de\/?page_id=3821\" class=\"more-link\">Read More<\/a><\/div>\n","protected":false},"author":1,"featured_media":0,"parent":3559,"menu_order":0,"comment_status":"closed","ping_status":"closed","template":"","meta":{"footnotes":""},"class_list":["post-3821","page","type-page","status-publish","hentry","no-post-thumbnail"],"_links":{"self":[{"href":"https:\/\/www.lfs-bonn.de\/index.php?rest_route=\/wp\/v2\/pages\/3821"}],"collection":[{"href":"https:\/\/www.lfs-bonn.de\/index.php?rest_route=\/wp\/v2\/pages"}],"about":[{"href":"https:\/\/www.lfs-bonn.de\/index.php?rest_route=\/wp\/v2\/types\/page"}],"author":[{"embeddable":true,"href":"https:\/\/www.lfs-bonn.de\/index.php?rest_route=\/wp\/v2\/users\/1"}],"replies":[{"embeddable":true,"href":"https:\/\/www.lfs-bonn.de\/index.php?rest_route=%2Fwp%2Fv2%2Fcomments&post=3821"}],"version-history":[{"count":12,"href":"https:\/\/www.lfs-bonn.de\/index.php?rest_route=\/wp\/v2\/pages\/3821\/revisions"}],"predecessor-version":[{"id":6294,"href":"https:\/\/www.lfs-bonn.de\/index.php?rest_route=\/wp\/v2\/pages\/3821\/revisions\/6294"}],"up":[{"embeddable":true,"href":"https:\/\/www.lfs-bonn.de\/index.php?rest_route=\/wp\/v2\/pages\/3559"}],"wp:attachment":[{"href":"https:\/\/www.lfs-bonn.de\/index.php?rest_route=%2Fwp%2Fv2%2Fmedia&parent=3821"}],"curies":[{"name":"wp","href":"https:\/\/api.w.org\/{rel}","templated":true}]}}