{"id":398,"date":"2018-01-05T18:47:27","date_gmt":"2018-01-05T17:47:27","guid":{"rendered":"http:\/\/wp.lfs-bonn.de\/?page_id=398"},"modified":"2026-03-13T15:43:16","modified_gmt":"2026-03-13T14:43:16","slug":"latein","status":"publish","type":"page","link":"https:\/\/www.lfs-bonn.de\/?page_id=398","title":{"rendered":"Latein"},"content":{"rendered":"<div id=\"cs-content\" class=\"cs-content\"><div class=\"x-section e398-e1 mb2-0\"><div class=\"x-container max width e398-e2 mb2-1\"><div class=\"x-column x-sm x-1-2 e398-e3 mb2-2\"><div class=\"x-text x-content e398-e4 mb2-3\"><p>Wir<\/p>\n\n<ul>\n \t<li>lernen Latein mit ansprechenden und thematisch vielf\u00e4ltigen Aufgabenstellungen,<\/li>\n \t<li>nutzen produktive und kreative Vorgehensweisen f\u00fcr den Spracherwerb,<\/li>\n \t<li>kn\u00fcpfen an die sprachliche Vielfalt in unseren Klassen und Kursen an und vertiefen das Sprachbewusstsein,<\/li>\n \t<li>schulen durch die Kontrastierung von Latein und Deutsch unser eigenes Ausdrucksverm\u00f6gen,<\/li>\n \t<li>besch\u00e4ftigen uns mit spannenden Pers\u00f6nlichkeiten der Antike wie Caesar, Kleopatra und\u00a0Cicero,<\/li>\n \t<li>erfahren uns in der europ\u00e4ischen Tradition.<\/li>\n<\/ul><\/div><\/div><div class=\"x-column x-sm x-1-2 e398-e5 mb2-2\"><div class=\"x-text x-content e398-e6 mb2-3\"><h3>In der LFS und unterwegs<\/h3>\n<ul>\n \t<li><span>Wir stellen antike Spiele und Spielzeuge her und probieren sie aus.<\/span><span><\/span><\/li>\n \t<li><span>Im szenischen Spiel tauchen wir in das Leben von R\u00f6merinnen und R\u00f6mern ein.<\/span><span><\/span><\/li>\n \t<li><span>Wir lernen die Geschmackswelt der R\u00f6mer kennen: In unserer gro\u00dfen Schulk\u00fcche kochen und backen wir nach r\u00f6mischen Rezepten.<\/span><span><\/span><\/li>\n \t<li><span>Unsere Klassen und Kurse besuchen r\u00f6misch gepr\u00e4gte Orte in der Region und erleben den Alltag in der Antike.<\/span><\/li>\n<\/ul>\n<p><\/p><\/div><\/div><\/div><\/div><\/div>\n","protected":false},"excerpt":{"rendered":"<p>Wir lernen Latein mit ansprechenden und thematisch vielf\u00e4ltigen Aufgabenstellungen, nutzen produktive und kreative Vorgehensweisen f\u00fcr den Spracherwerb, kn\u00fcpfen an die sprachliche Vielfalt in unseren Klassen und Kursen an und vertiefen das Sprachbewusstsein, schulen durch die Kontrastierung von Latein und Deutsch unser eigenes Ausdrucksverm\u00f6gen, besch\u00e4ftigen uns mit spannenden Pers\u00f6nlichkeiten der Antike wie Caesar, Kleopatra und\u00a0Cicero, erfahren uns in der europ\u00e4ischen Tradition. &#8230; <\/p>\n<div><a href=\"https:\/\/www.lfs-bonn.de\/?page_id=398\" class=\"more-link\">Read More<\/a><\/div>\n","protected":false},"author":1,"featured_media":0,"parent":11,"menu_order":0,"comment_status":"closed","ping_status":"closed","template":"","meta":{"footnotes":""},"class_list":["post-398","page","type-page","status-publish","hentry","no-post-thumbnail"],"_links":{"self":[{"href":"https:\/\/www.lfs-bonn.de\/index.php?rest_route=\/wp\/v2\/pages\/398"}],"collection":[{"href":"https:\/\/www.lfs-bonn.de\/index.php?rest_route=\/wp\/v2\/pages"}],"about":[{"href":"https:\/\/www.lfs-bonn.de\/index.php?rest_route=\/wp\/v2\/types\/page"}],"author":[{"embeddable":true,"href":"https:\/\/www.lfs-bonn.de\/index.php?rest_route=\/wp\/v2\/users\/1"}],"replies":[{"embeddable":true,"href":"https:\/\/www.lfs-bonn.de\/index.php?rest_route=%2Fwp%2Fv2%2Fcomments&post=398"}],"version-history":[{"count":9,"href":"https:\/\/www.lfs-bonn.de\/index.php?rest_route=\/wp\/v2\/pages\/398\/revisions"}],"predecessor-version":[{"id":6594,"href":"https:\/\/www.lfs-bonn.de\/index.php?rest_route=\/wp\/v2\/pages\/398\/revisions\/6594"}],"up":[{"embeddable":true,"href":"https:\/\/www.lfs-bonn.de\/index.php?rest_route=\/wp\/v2\/pages\/11"}],"wp:attachment":[{"href":"https:\/\/www.lfs-bonn.de\/index.php?rest_route=%2Fwp%2Fv2%2Fmedia&parent=398"}],"curies":[{"name":"wp","href":"https:\/\/api.w.org\/{rel}","templated":true}]}}