{"id":402,"date":"2018-01-05T18:50:03","date_gmt":"2018-01-05T17:50:03","guid":{"rendered":"http:\/\/wp.lfs-bonn.de\/?page_id=402"},"modified":"2021-11-06T16:10:40","modified_gmt":"2021-11-06T15:10:40","slug":"kunst","status":"publish","type":"page","link":"https:\/\/www.lfs-bonn.de\/?page_id=402","title":{"rendered":"Kunst"},"content":{"rendered":"<div id=\"cs-content\" class=\"cs-content\"><\/div>\n","protected":false},"excerpt":{"rendered":"<p>Das Fach Kunst an der LFS legt Wert darauf: Die Sch\u00fclerinnen mit ihren eigenen Ausdrucksf\u00e4higkeiten wahrzunehmen und ihre gestaltungspraktischen F\u00e4higkeiten individuell zu f\u00f6rdern. Sie in ihrer Pers\u00f6nlichkeit zu unterst\u00fctzen und ihr kreatives Potential auszubauen. Verschiedene k\u00fcnstlerische Techniken zu vermitteln. Sich kunsttheoretische Betrachtungsmethoden anzueignen. Sich mit der selbst erlebten und der medial vermittelten Wirklichkeit auseinanderzusetzen. Ein kritisches Bewusstsein im Umgang mit &#8230; <\/p>\n<div><a href=\"https:\/\/www.lfs-bonn.de\/?page_id=402\" class=\"more-link\">Read More<\/a><\/div>\n","protected":false},"author":1,"featured_media":0,"parent":11,"menu_order":0,"comment_status":"closed","ping_status":"closed","template":"","meta":{"footnotes":""},"class_list":["post-402","page","type-page","status-publish","hentry","no-post-thumbnail"],"_links":{"self":[{"href":"https:\/\/www.lfs-bonn.de\/index.php?rest_route=\/wp\/v2\/pages\/402"}],"collection":[{"href":"https:\/\/www.lfs-bonn.de\/index.php?rest_route=\/wp\/v2\/pages"}],"about":[{"href":"https:\/\/www.lfs-bonn.de\/index.php?rest_route=\/wp\/v2\/types\/page"}],"author":[{"embeddable":true,"href":"https:\/\/www.lfs-bonn.de\/index.php?rest_route=\/wp\/v2\/users\/1"}],"replies":[{"embeddable":true,"href":"https:\/\/www.lfs-bonn.de\/index.php?rest_route=%2Fwp%2Fv2%2Fcomments&post=402"}],"version-history":[{"count":5,"href":"https:\/\/www.lfs-bonn.de\/index.php?rest_route=\/wp\/v2\/pages\/402\/revisions"}],"predecessor-version":[{"id":4351,"href":"https:\/\/www.lfs-bonn.de\/index.php?rest_route=\/wp\/v2\/pages\/402\/revisions\/4351"}],"up":[{"embeddable":true,"href":"https:\/\/www.lfs-bonn.de\/index.php?rest_route=\/wp\/v2\/pages\/11"}],"wp:attachment":[{"href":"https:\/\/www.lfs-bonn.de\/index.php?rest_route=%2Fwp%2Fv2%2Fmedia&parent=402"}],"curies":[{"name":"wp","href":"https:\/\/api.w.org\/{rel}","templated":true}]}}