{"id":404,"date":"2018-01-05T18:50:25","date_gmt":"2018-01-05T17:50:25","guid":{"rendered":"http:\/\/wp.lfs-bonn.de\/?page_id=404"},"modified":"2026-03-13T15:48:29","modified_gmt":"2026-03-13T14:48:29","slug":"literatur","status":"publish","type":"page","link":"https:\/\/www.lfs-bonn.de\/?page_id=404","title":{"rendered":"Literatur"},"content":{"rendered":"<div id=\"cs-content\" class=\"cs-content\"><div class=\"x-section e404-e1 mb8-0\"><div class=\"x-container max width e404-e2 mb8-1\"><div class=\"x-column x-sm x-1-2 e404-e3 mb8-2\"><div class=\"x-text x-content e404-e4 mb8-3\"><p>Literatur wird in der Stufe Q1 als Wahlm\u00f6glichkeit zu Kunst und Musik als dreist\u00fcndiger Grundkurs angeboten.<\/p>\n<p>Das Fach zielt auf den kreativen Umgang mit Sprache, Literatur und \u201eTexten\u201c im weitesten Sinne. Gearbeitet wird dabei weniger analytisch, sondern produktiv-\u00e4sthetisch.<\/p>\n<p>Je nach Interessenlage und vorhandenen Kompetenzen planen und erarbeiten die Kurse ein kreatives Projekt (z.B. ein Theaterst\u00fcck, einen Kabarett-Abend, einen Poetry Slam, eine Musiktheater-Produktion, eine Lesung, ein H\u00f6rspiel, eine Buchver\u00f6ffentlichung\u2026).<\/p>\n<p><\/p><\/div><\/div><div class=\"x-column x-sm x-1-2 e404-e5 mb8-2\"><div class=\"x-text x-content e404-e6 mb8-3\"><p>Durch das Planen und Schreiben eigener Texte bzw. die aktuelle Adaption bekannter Klassiker stehen die eigenen Interessen der Sch\u00fclerinnen im Mittelpunkt. So entstehen pers\u00f6nliche, teils kritische, teils humorvolle Auseinandersetzungen mit der eigenen Lebenswelt.<\/p><p>Die Erarbeitung der Pr\u00e4sentation f\u00f6rdert durch den bewussten Einsatz von Stimme, Mimik und Gestik die Ausdrucksf\u00e4higkeit und das Auftreten der Darsteller. Schauspieltraining, szenische \u00dcbungen und Improvisationen wecken die Spielfreude und st\u00e4rken das Selbstvertrauen.<\/p><p>Die kooperative Arbeit am Projekt schult Teamf\u00e4higkeit und Sozialkompetenz und gibt jeder Sch\u00fclerin die Gelegenheit, eigene St\u00e4rken zu entdecken und neue Handlungsfelder zu erproben.<\/p><p>Kr\u00f6nender Abschluss der intensiven Erarbeitungsphase ist eine \u00f6ffentliche Pr\u00e4sentation am Ende des Schuljahrs. Das erf\u00fcllende Erlebnis einer gelungenen Auff\u00fchrung und der Zugewinn an Selbstvertrauen wirken noch lange \u00fcber diesen Moment hinaus.<\/p><\/div><\/div><\/div><\/div><\/div>\n","protected":false},"excerpt":{"rendered":"<p>Literatur wird in der Stufe Q1 als Wahlm\u00f6glichkeit zu Kunst und Musik als dreist\u00fcndiger Grundkurs angeboten. Das Fach zielt auf den kreativen Umgang mit Sprache, Literatur und \u201eTexten\u201c im weitesten Sinne. Gearbeitet wird dabei weniger analytisch, sondern produktiv-\u00e4sthetisch. Je nach Interessenlage und vorhandenen Kompetenzen planen und erarbeiten die Kurse ein kreatives Projekt (z.B. ein Theaterst\u00fcck, einen Kabarett-Abend, einen Poetry Slam, &#8230; <\/p>\n<div><a href=\"https:\/\/www.lfs-bonn.de\/?page_id=404\" class=\"more-link\">Read More<\/a><\/div>\n","protected":false},"author":1,"featured_media":0,"parent":11,"menu_order":0,"comment_status":"closed","ping_status":"closed","template":"","meta":{"footnotes":""},"class_list":["post-404","page","type-page","status-publish","hentry","no-post-thumbnail"],"_links":{"self":[{"href":"https:\/\/www.lfs-bonn.de\/index.php?rest_route=\/wp\/v2\/pages\/404"}],"collection":[{"href":"https:\/\/www.lfs-bonn.de\/index.php?rest_route=\/wp\/v2\/pages"}],"about":[{"href":"https:\/\/www.lfs-bonn.de\/index.php?rest_route=\/wp\/v2\/types\/page"}],"author":[{"embeddable":true,"href":"https:\/\/www.lfs-bonn.de\/index.php?rest_route=\/wp\/v2\/users\/1"}],"replies":[{"embeddable":true,"href":"https:\/\/www.lfs-bonn.de\/index.php?rest_route=%2Fwp%2Fv2%2Fcomments&post=404"}],"version-history":[{"count":4,"href":"https:\/\/www.lfs-bonn.de\/index.php?rest_route=\/wp\/v2\/pages\/404\/revisions"}],"predecessor-version":[{"id":6597,"href":"https:\/\/www.lfs-bonn.de\/index.php?rest_route=\/wp\/v2\/pages\/404\/revisions\/6597"}],"up":[{"embeddable":true,"href":"https:\/\/www.lfs-bonn.de\/index.php?rest_route=\/wp\/v2\/pages\/11"}],"wp:attachment":[{"href":"https:\/\/www.lfs-bonn.de\/index.php?rest_route=%2Fwp%2Fv2%2Fmedia&parent=404"}],"curies":[{"name":"wp","href":"https:\/\/api.w.org\/{rel}","templated":true}]}}