{"id":408,"date":"2018-01-05T18:51:42","date_gmt":"2018-01-05T17:51:42","guid":{"rendered":"http:\/\/wp.lfs-bonn.de\/?page_id=408"},"modified":"2026-03-13T15:51:44","modified_gmt":"2026-03-13T14:51:44","slug":"biologie","status":"publish","type":"page","link":"https:\/\/www.lfs-bonn.de\/?page_id=408","title":{"rendered":"Biologie"},"content":{"rendered":"<div id=\"cs-content\" class=\"cs-content\"><div class=\"x-section e408-e1 mbc-0\"><div class=\"x-container max width e408-e2 mbc-1\"><div class=\"x-column x-sm x-1-2 e408-e3 mbc-2\"><div class=\"x-text x-content e408-e4 mbc-3\"><p>Biologie ist<\/p>\n\n<ul>\n \t<li>der Mammutbaum nahe der Schule<\/li>\n \t<li>unser Schulteich und seine Molche<\/li>\n \t<li>die heilende Sch\u00fcrfwunde an unserem Bein<\/li>\n \t<li>die Entstehung neuen Lebens<\/li>\n<\/ul>\n<p>Unser Leben ist Biologie. Das greifen wir in einem handlungsorientierten und lebendigen Unterricht auf. Dabei steht das eigenst\u00e4ndige Lernen der Sch\u00fclerinnen im Vordergrund.<\/p>\n<p>Biologische Fragestellungen werden wissenschaftlich erforscht. Die Sch\u00fclerinnen lernen naturwissenschaftliche Methoden und Vorgehensweisen. Experimente, Modelle, Animationen etc. stehen im Mittelpunkt.<\/p>\n<p>Ein zus\u00e4tzliches Labor und eine umfangreiche Sammlung biologischer Arbeitsmaterialien unterst\u00fctzen das selbstt\u00e4tige und praktische Arbeiten.<\/p>\n<p>Smartboards und Sch\u00fclertablets runden die umfangreiche Ausstattung unserer R\u00e4ume ab. Dadurch lassen sich Themen kontextorientiert und anschaulich vermitteln.<\/p><\/div><\/div><div class=\"x-column x-sm x-1-2 e408-e5 mbc-2\"><div class=\"x-text x-content e408-e6 mbc-3\"><p><img loading=\"lazy\" decoding=\"async\" width=\"600\" height=\"454\" class=\"aligncenter size-full wp-image-588\" alt=\"\" src=\"https:\/\/lfs-bonn.de\/wp-content\/uploads\/Biologie_600x454.jpg\" srcset=\"https:\/\/www.lfs-bonn.de\/wp-content\/uploads\/Biologie_600x454.jpg 600w, https:\/\/www.lfs-bonn.de\/wp-content\/uploads\/Biologie_600x454-300x227.jpg 300w, https:\/\/www.lfs-bonn.de\/wp-content\/uploads\/Biologie_600x454-100x76.jpg 100w\" sizes=\"(max-width: 600px) 100vw, 600px\" \/><\/p>\n<p><\/p><\/div><\/div><\/div><\/div><\/div>\n","protected":false},"excerpt":{"rendered":"<p>Biologie ist der Mammutbaum nahe der Schule unser Schulteich und seine Molche die heilende Sch\u00fcrfwunde an unserem Bein die Entstehung neuen Lebens Unser Leben ist Biologie. Das greifen wir in einem handlungsorientierten und lebendigen Unterricht auf. Dabei steht das eigenst\u00e4ndige Lernen der Sch\u00fclerinnen im Vordergrund. Biologische Fragestellungen werden wissenschaftlich erforscht. Die Sch\u00fclerinnen lernen naturwissenschaftliche Methoden und Vorgehensweisen. Experimente, Modelle, Animationen &#8230; <\/p>\n<div><a href=\"https:\/\/www.lfs-bonn.de\/?page_id=408\" class=\"more-link\">Read More<\/a><\/div>\n","protected":false},"author":1,"featured_media":0,"parent":11,"menu_order":0,"comment_status":"closed","ping_status":"closed","template":"","meta":{"footnotes":""},"class_list":["post-408","page","type-page","status-publish","hentry","no-post-thumbnail"],"_links":{"self":[{"href":"https:\/\/www.lfs-bonn.de\/index.php?rest_route=\/wp\/v2\/pages\/408"}],"collection":[{"href":"https:\/\/www.lfs-bonn.de\/index.php?rest_route=\/wp\/v2\/pages"}],"about":[{"href":"https:\/\/www.lfs-bonn.de\/index.php?rest_route=\/wp\/v2\/types\/page"}],"author":[{"embeddable":true,"href":"https:\/\/www.lfs-bonn.de\/index.php?rest_route=\/wp\/v2\/users\/1"}],"replies":[{"embeddable":true,"href":"https:\/\/www.lfs-bonn.de\/index.php?rest_route=%2Fwp%2Fv2%2Fcomments&post=408"}],"version-history":[{"count":5,"href":"https:\/\/www.lfs-bonn.de\/index.php?rest_route=\/wp\/v2\/pages\/408\/revisions"}],"predecessor-version":[{"id":6599,"href":"https:\/\/www.lfs-bonn.de\/index.php?rest_route=\/wp\/v2\/pages\/408\/revisions\/6599"}],"up":[{"embeddable":true,"href":"https:\/\/www.lfs-bonn.de\/index.php?rest_route=\/wp\/v2\/pages\/11"}],"wp:attachment":[{"href":"https:\/\/www.lfs-bonn.de\/index.php?rest_route=%2Fwp%2Fv2%2Fmedia&parent=408"}],"curies":[{"name":"wp","href":"https:\/\/api.w.org\/{rel}","templated":true}]}}