{"id":410,"date":"2018-01-05T18:52:03","date_gmt":"2018-01-05T17:52:03","guid":{"rendered":"http:\/\/wp.lfs-bonn.de\/?page_id=410"},"modified":"2026-03-13T15:55:08","modified_gmt":"2026-03-13T14:55:08","slug":"chemie","status":"publish","type":"page","link":"https:\/\/www.lfs-bonn.de\/?page_id=410","title":{"rendered":"Chemie"},"content":{"rendered":"<div id=\"cs-content\" class=\"cs-content\"><div class=\"x-section e410-e1 mbe-0\"><div class=\"x-container max width e410-e2 mbe-1\"><div class=\"x-column x-sm x-1-2 e410-e3 mbe-2\"><div class=\"x-text x-content e410-e4 mbe-3\"><p>Unser Leben steckt voller Chemie. Von allt\u00e4glichen Ph\u00e4nomenen ausgehend, entdecken und erleben Sch\u00fclerinnen in einem experimentell orientierten Anfangsunterricht die Faszination chemischer Geheimnisse.<\/p><p>Dabei wird die Welt, in der wir leben, wissenschaftlich erforscht. Die Sch\u00fclerinnen lernen naturwissenschaftliche Methoden und Vorgehensweisen. Das Experiment steht im Mittelpunkt.<\/p><p>Durch die Verwendung und den Bau unterschiedlicher Modelle wird das Verst\u00e4ndnis f\u00fcr die abstrakte Welt der Atome unterst\u00fctzt.<\/p><p><\/p><\/div><span class=\"x-image e410-e5 mbe-4\"><img decoding=\"async\" src=\"https:\/\/www.lfs-bonn.de\/wp-content\/uploads\/MINT_300x200-2.jpg\" width=\"300\" height=\"200\" alt=\"Image\" loading=\"lazy\"><\/span><\/div><div class=\"x-column x-sm x-1-2 e410-e6 mbe-2\"><div class=\"x-text x-content e410-e7 mbe-3\"><p><img loading=\"lazy\" decoding=\"async\" src=\"https:\/\/lfs-bonn.de\/wp-content\/uploads\/Physik_600x454.jpg\" alt=\"\" width=\"600\" height=\"454\" class=\"aligncenter size-full wp-image-591\" srcset=\"https:\/\/www.lfs-bonn.de\/wp-content\/uploads\/Physik_600x454.jpg 600w, https:\/\/www.lfs-bonn.de\/wp-content\/uploads\/Physik_600x454-300x227.jpg 300w, https:\/\/www.lfs-bonn.de\/wp-content\/uploads\/Physik_600x454-100x76.jpg 100w\" sizes=\"(max-width: 600px) 100vw, 600px\" \/><\/p>\n<p>Die beiden neuen, modern ausger\u00fcsteten Chemier\u00e4ume bieten optimale Voraussetzungen f\u00fcr einen zeitgem\u00e4\u00dfen naturwissenschaftlichen Unterricht.<\/p>\n<p>Smartboards und Sch\u00fclerrechner runden die umfangreiche Ausstattung unserer R\u00e4ume ab. Dadurch lassen sich Themen kontextorientiert und anschaulich vermitteln.<\/p>\n<p>Einen weiteren Fokus setzen wir auf die Teilnahme an Wettbewerben, z.B. die Internationale Chemie-Olympiade.<\/p><\/div><\/div><\/div><\/div><\/div>\n","protected":false},"excerpt":{"rendered":"<p>Unser Leben steckt voller Chemie. Von allt\u00e4glichen Ph\u00e4nomenen ausgehend, entdecken und erleben Sch\u00fclerinnen in einem experimentell orientierten Anfangsunterricht die Faszination chemischer Geheimnisse.Dabei wird die Welt, in der wir leben, wissenschaftlich erforscht. Die Sch\u00fclerinnen lernen naturwissenschaftliche Methoden und Vorgehensweisen. Das Experiment steht im Mittelpunkt.Durch die Verwendung und den Bau unterschiedlicher Modelle wird das Verst\u00e4ndnis f\u00fcr die abstrakte Welt der Atome unterst\u00fctzt. &#8230; <\/p>\n<div><a href=\"https:\/\/www.lfs-bonn.de\/?page_id=410\" class=\"more-link\">Read More<\/a><\/div>\n","protected":false},"author":1,"featured_media":0,"parent":11,"menu_order":0,"comment_status":"closed","ping_status":"closed","template":"","meta":{"footnotes":""},"class_list":["post-410","page","type-page","status-publish","hentry","no-post-thumbnail"],"_links":{"self":[{"href":"https:\/\/www.lfs-bonn.de\/index.php?rest_route=\/wp\/v2\/pages\/410"}],"collection":[{"href":"https:\/\/www.lfs-bonn.de\/index.php?rest_route=\/wp\/v2\/pages"}],"about":[{"href":"https:\/\/www.lfs-bonn.de\/index.php?rest_route=\/wp\/v2\/types\/page"}],"author":[{"embeddable":true,"href":"https:\/\/www.lfs-bonn.de\/index.php?rest_route=\/wp\/v2\/users\/1"}],"replies":[{"embeddable":true,"href":"https:\/\/www.lfs-bonn.de\/index.php?rest_route=%2Fwp%2Fv2%2Fcomments&post=410"}],"version-history":[{"count":7,"href":"https:\/\/www.lfs-bonn.de\/index.php?rest_route=\/wp\/v2\/pages\/410\/revisions"}],"predecessor-version":[{"id":6602,"href":"https:\/\/www.lfs-bonn.de\/index.php?rest_route=\/wp\/v2\/pages\/410\/revisions\/6602"}],"up":[{"embeddable":true,"href":"https:\/\/www.lfs-bonn.de\/index.php?rest_route=\/wp\/v2\/pages\/11"}],"wp:attachment":[{"href":"https:\/\/www.lfs-bonn.de\/index.php?rest_route=%2Fwp%2Fv2%2Fmedia&parent=410"}],"curies":[{"name":"wp","href":"https:\/\/api.w.org\/{rel}","templated":true}]}}