{"id":412,"date":"2018-01-05T18:52:24","date_gmt":"2018-01-05T17:52:24","guid":{"rendered":"http:\/\/wp.lfs-bonn.de\/?page_id=412"},"modified":"2026-03-13T15:53:24","modified_gmt":"2026-03-13T14:53:24","slug":"ernaehrungslehre","status":"publish","type":"page","link":"https:\/\/www.lfs-bonn.de\/?page_id=412","title":{"rendered":"Ern\u00e4hrungslehre"},"content":{"rendered":"<div id=\"cs-content\" class=\"cs-content\"><div class=\"x-section e412-e1 mbg-0\"><div class=\"x-container max width e412-e2 mbg-1\"><div class=\"x-column x-sm x-1-2 e412-e3 mbg-2\"><div class=\"x-text x-content e412-e4 mbg-3\"><h3>Das Fach Ern\u00e4hrungslehre will Sch\u00fclerinnen sensibilisieren f\u00fcr<\/h3><ul><li>die zunehmende Bedeutung der Ern\u00e4hrung in der Gesellschaft, Ern\u00e4hrung als Lifestyle<\/li><li>M\u00f6glichkeit der Profilierung<\/li><li>das Fach als moderne Naturwissenschaft neben den klassischen Mint-F\u00e4chern Biologie, Chemie und Physik<\/li><li>den Einfluss der Ern\u00e4hrung auf die eigene Gesundheit und Leistungsf\u00e4higkeit<\/li><li>ein ganzheitliches Verst\u00e4ndnis von Gesundheit, das physische, psychische und soziale Faktoren miteinbezieht unter besonderer Ber\u00fccksichtigung der Nachhaltigkeit<\/li><li>Diskussion und Recherche \u00fcber aktuelle Trends im Bereich der Ern\u00e4hrung unter dem Fokus der Wissenschaft<\/li><li>eine Verbindung von theoretischen und praktischen Unterrichtsinhalten im neuen Fachraum<\/li><\/ul><\/div><span class=\"x-image e412-e5 mbg-4 mbg-5\"><img decoding=\"async\" src=\"https:\/\/www.lfs-bonn.de\/wp-content\/uploads\/Ernaehrungslehre_600x454.jpg\" width=\"300\" height=\"227\" alt=\"Image\" loading=\"lazy\"><\/span><\/div><div class=\"x-column x-sm x-1-2 e412-e6 mbg-2\"><span class=\"x-image e412-e7 mbg-4 mbg-6\"><img decoding=\"async\" src=\"https:\/\/www.lfs-bonn.de\/wp-content\/uploads\/MINT_2a_600x454.jpg\" width=\"300\" height=\"227\" alt=\"Image\" loading=\"lazy\"><\/span><div class=\"x-text x-content e412-e8 mbg-3\"><h3>Sch\u00fclerinnen erleben die Ern\u00e4hrungslehre<\/h3>\n<ul>\n \t<li>Projekttag bei der Arbeitsgruppe \u201eCold Chain Management\u201c der Universit\u00e4t Bonn<\/li>\n \t<li>Besuch von Lehrveranstaltungen des Fachbereichs Oecotrophologie der Universit\u00e4t Bonn<\/li>\n \t<li>praktische Unterrichtseinheiten zur k\u00fcchentechnischen Verwendung von Lebensmitteln<\/li>\n \t<li>Workshop-Besuch bei der Experimentierwerkstatt im Deutschen Museum Bonn<\/li>\n<\/ul>\n<p><\/p><\/div><\/div><\/div><\/div><\/div>\n","protected":false},"excerpt":{"rendered":"<p>Das Fach Ern\u00e4hrungslehre will Sch\u00fclerinnen sensibilisieren f\u00fcrdie zunehmende Bedeutung der Ern\u00e4hrung in der Gesellschaft, Ern\u00e4hrung als LifestyleM\u00f6glichkeit der Profilierungdas Fach als moderne Naturwissenschaft neben den klassischen Mint-F\u00e4chern Biologie, Chemie und Physikden Einfluss der Ern\u00e4hrung auf die eigene Gesundheit und Leistungsf\u00e4higkeitein ganzheitliches Verst\u00e4ndnis von Gesundheit, das physische, psychische und soziale Faktoren miteinbezieht unter besonderer Ber\u00fccksichtigung der NachhaltigkeitDiskussion und Recherche \u00fcber aktuelle &#8230; <\/p>\n<div><a href=\"https:\/\/www.lfs-bonn.de\/?page_id=412\" class=\"more-link\">Read More<\/a><\/div>\n","protected":false},"author":1,"featured_media":0,"parent":11,"menu_order":0,"comment_status":"closed","ping_status":"closed","template":"","meta":{"footnotes":""},"class_list":["post-412","page","type-page","status-publish","hentry","no-post-thumbnail"],"_links":{"self":[{"href":"https:\/\/www.lfs-bonn.de\/index.php?rest_route=\/wp\/v2\/pages\/412"}],"collection":[{"href":"https:\/\/www.lfs-bonn.de\/index.php?rest_route=\/wp\/v2\/pages"}],"about":[{"href":"https:\/\/www.lfs-bonn.de\/index.php?rest_route=\/wp\/v2\/types\/page"}],"author":[{"embeddable":true,"href":"https:\/\/www.lfs-bonn.de\/index.php?rest_route=\/wp\/v2\/users\/1"}],"replies":[{"embeddable":true,"href":"https:\/\/www.lfs-bonn.de\/index.php?rest_route=%2Fwp%2Fv2%2Fcomments&post=412"}],"version-history":[{"count":7,"href":"https:\/\/www.lfs-bonn.de\/index.php?rest_route=\/wp\/v2\/pages\/412\/revisions"}],"predecessor-version":[{"id":6600,"href":"https:\/\/www.lfs-bonn.de\/index.php?rest_route=\/wp\/v2\/pages\/412\/revisions\/6600"}],"up":[{"embeddable":true,"href":"https:\/\/www.lfs-bonn.de\/index.php?rest_route=\/wp\/v2\/pages\/11"}],"wp:attachment":[{"href":"https:\/\/www.lfs-bonn.de\/index.php?rest_route=%2Fwp%2Fv2%2Fmedia&parent=412"}],"curies":[{"name":"wp","href":"https:\/\/api.w.org\/{rel}","templated":true}]}}