{"id":416,"date":"2018-01-05T18:53:10","date_gmt":"2018-01-05T17:53:10","guid":{"rendered":"http:\/\/wp.lfs-bonn.de\/?page_id=416"},"modified":"2026-03-13T15:54:15","modified_gmt":"2026-03-13T14:54:15","slug":"physik","status":"publish","type":"page","link":"https:\/\/www.lfs-bonn.de\/?page_id=416","title":{"rendered":"Physik"},"content":{"rendered":"<div id=\"cs-content\" class=\"cs-content\"><div class=\"x-section e416-e1 mbk-0\"><div class=\"x-container max width e416-e2 mbk-1\"><div class=\"x-column x-sm x-1-2 e416-e3 mbk-2\"><div class=\"x-text x-content e416-e4 mbk-3\"><h3>Das Fach Physik an der LFS legt Wert auf<\/h3><ul><li>die F\u00f6rderung der Experimentierfreude,<\/li><li>das Verst\u00e4ndnis physikalischer Alltagsph\u00e4nomene,<\/li><li>die Vermittlung eines fundierten Grundwissens.<\/li><\/ul><\/div><\/div><div class=\"x-column x-sm x-1-2 e416-e5 mbk-2\"><div class=\"x-text x-content e416-e6 mbk-3\"><h3>Physik mit Hand und Verstand begreifen<\/h3>\n<p>In der Mittelstufe bilden l\u00e4ngere Projekte den Ausgangspunkt f\u00fcr die Erschlie\u00dfung eines \u00fcbergeordneten Themas und das Verst\u00e4ndnis der zugrunde liegenden Physik. Erst der fortgef\u00fchrte Unterricht thematisiert exemplarisch die Beschreibung physikalischer Gesetzm\u00e4\u00dfigkeiten in mathematischer Formelsprache.<\/p>\n<p>In der Oberstufe stehen im Hinblick auf die Abituranforderungen die mathematische Beschreibung der Physik und das Verst\u00e4ndnis der Zusammenh\u00e4nge gleichbedeutend nebeneinander.<\/p><\/div><\/div><\/div><\/div><\/div>\n","protected":false},"excerpt":{"rendered":"<p>Das Fach Physik an der LFS legt Wert aufdie F\u00f6rderung der Experimentierfreude,das Verst\u00e4ndnis physikalischer Alltagsph\u00e4nomene,die Vermittlung eines fundierten Grundwissens.Physik mit Hand und Verstand begreifen In der Mittelstufe bilden l\u00e4ngere Projekte den Ausgangspunkt f\u00fcr die Erschlie\u00dfung eines \u00fcbergeordneten Themas und das Verst\u00e4ndnis der zugrunde liegenden Physik. Erst der fortgef\u00fchrte Unterricht thematisiert exemplarisch die Beschreibung physikalischer Gesetzm\u00e4\u00dfigkeiten in mathematischer Formelsprache. In der &#8230; <\/p>\n<div><a href=\"https:\/\/www.lfs-bonn.de\/?page_id=416\" class=\"more-link\">Read More<\/a><\/div>\n","protected":false},"author":1,"featured_media":0,"parent":11,"menu_order":0,"comment_status":"closed","ping_status":"closed","template":"","meta":{"footnotes":""},"class_list":["post-416","page","type-page","status-publish","hentry","no-post-thumbnail"],"_links":{"self":[{"href":"https:\/\/www.lfs-bonn.de\/index.php?rest_route=\/wp\/v2\/pages\/416"}],"collection":[{"href":"https:\/\/www.lfs-bonn.de\/index.php?rest_route=\/wp\/v2\/pages"}],"about":[{"href":"https:\/\/www.lfs-bonn.de\/index.php?rest_route=\/wp\/v2\/types\/page"}],"author":[{"embeddable":true,"href":"https:\/\/www.lfs-bonn.de\/index.php?rest_route=\/wp\/v2\/users\/1"}],"replies":[{"embeddable":true,"href":"https:\/\/www.lfs-bonn.de\/index.php?rest_route=%2Fwp%2Fv2%2Fcomments&post=416"}],"version-history":[{"count":4,"href":"https:\/\/www.lfs-bonn.de\/index.php?rest_route=\/wp\/v2\/pages\/416\/revisions"}],"predecessor-version":[{"id":6601,"href":"https:\/\/www.lfs-bonn.de\/index.php?rest_route=\/wp\/v2\/pages\/416\/revisions\/6601"}],"up":[{"embeddable":true,"href":"https:\/\/www.lfs-bonn.de\/index.php?rest_route=\/wp\/v2\/pages\/11"}],"wp:attachment":[{"href":"https:\/\/www.lfs-bonn.de\/index.php?rest_route=%2Fwp%2Fv2%2Fmedia&parent=416"}],"curies":[{"name":"wp","href":"https:\/\/api.w.org\/{rel}","templated":true}]}}