{"id":420,"date":"2018-01-05T18:54:52","date_gmt":"2018-01-05T17:54:52","guid":{"rendered":"http:\/\/wp.lfs-bonn.de\/?page_id=420"},"modified":"2026-03-13T16:01:27","modified_gmt":"2026-03-13T15:01:27","slug":"geschichte","status":"publish","type":"page","link":"https:\/\/www.lfs-bonn.de\/?page_id=420","title":{"rendered":"Geschichte"},"content":{"rendered":"<div id=\"cs-content\" class=\"cs-content\"><div class=\"x-section e420-e1 mbo-0\"><div class=\"x-container max width e420-e2 mbo-1\"><div class=\"x-column x-sm x-1-2 e420-e3 mbo-2\"><div class=\"x-text x-content e420-e4 mbo-3\"><h3>Das Fach Geschichte legt Wert darauf,<\/h3><ul><li>Kenntnisse \u00fcber die Vergangenheit zu vermitteln, die unsere Sch\u00fclerinnen dazu bef\u00e4higen, historische Ereignisse in ihren Auswirkungen zu verstehen.<\/li><li>dass sich\u00a0 die Sch\u00fclerinnen mit fremden Kulturen auseinandersetzen. Dabei lernen sie Erfahrungen, Ordnungen und Wertvorstellungen unterschiedlicher Zeiten kennen. In der Reflexion hier\u00fcber bilden sie ein kritisches Geschichtsbewusstsein heraus.<\/li><li>dass die Sch\u00fclerinnen so die eigene Identit\u00e4t herausbilden und als junge Frauen zur aktiven Mitgestaltung unserer Demokratie bef\u00e4higt werden.<\/li><\/ul><h3>Unsere Sch\u00fclerinnen<\/h3><ul><li>lernen die unterschiedlichen Epochen der Geschichte von der Vor- und Fr\u00fchgeschichte bis zur Gegenwart kennen,<\/li><li>setzen sich mit \u00dcberresten und Quellen der Vergangenheit auseinander und lernen diese methodisch auszuwerten,<\/li><li>erleben \u201elebendige\u201c Geschichte, indem sie in der Sekundarstufe I und II Ausstellungen und Zeitzeugenbefragungen besuchen und gestalten.<\/li><\/ul><\/div><\/div><div class=\"x-column x-sm x-1-2 e420-e5 mbo-2\"><div class=\"x-text x-content e420-e6 mbo-3\"><\/div><\/div><\/div><\/div><\/div>\n","protected":false},"excerpt":{"rendered":"<p>Das Fach Geschichte legt Wert darauf,Kenntnisse \u00fcber die Vergangenheit zu vermitteln, die unsere Sch\u00fclerinnen dazu bef\u00e4higen, historische Ereignisse in ihren Auswirkungen zu verstehen.dass sich\u00a0 die Sch\u00fclerinnen mit fremden Kulturen auseinandersetzen. Dabei lernen sie Erfahrungen, Ordnungen und Wertvorstellungen unterschiedlicher Zeiten kennen. In der Reflexion hier\u00fcber bilden sie ein kritisches Geschichtsbewusstsein heraus.dass die Sch\u00fclerinnen so die eigene Identit\u00e4t herausbilden und als junge &#8230; <\/p>\n<div><a href=\"https:\/\/www.lfs-bonn.de\/?page_id=420\" class=\"more-link\">Read More<\/a><\/div>\n","protected":false},"author":1,"featured_media":0,"parent":11,"menu_order":0,"comment_status":"closed","ping_status":"closed","template":"","meta":{"footnotes":""},"class_list":["post-420","page","type-page","status-publish","hentry","no-post-thumbnail"],"_links":{"self":[{"href":"https:\/\/www.lfs-bonn.de\/index.php?rest_route=\/wp\/v2\/pages\/420"}],"collection":[{"href":"https:\/\/www.lfs-bonn.de\/index.php?rest_route=\/wp\/v2\/pages"}],"about":[{"href":"https:\/\/www.lfs-bonn.de\/index.php?rest_route=\/wp\/v2\/types\/page"}],"author":[{"embeddable":true,"href":"https:\/\/www.lfs-bonn.de\/index.php?rest_route=\/wp\/v2\/users\/1"}],"replies":[{"embeddable":true,"href":"https:\/\/www.lfs-bonn.de\/index.php?rest_route=%2Fwp%2Fv2%2Fcomments&post=420"}],"version-history":[{"count":4,"href":"https:\/\/www.lfs-bonn.de\/index.php?rest_route=\/wp\/v2\/pages\/420\/revisions"}],"predecessor-version":[{"id":6604,"href":"https:\/\/www.lfs-bonn.de\/index.php?rest_route=\/wp\/v2\/pages\/420\/revisions\/6604"}],"up":[{"embeddable":true,"href":"https:\/\/www.lfs-bonn.de\/index.php?rest_route=\/wp\/v2\/pages\/11"}],"wp:attachment":[{"href":"https:\/\/www.lfs-bonn.de\/index.php?rest_route=%2Fwp%2Fv2%2Fmedia&parent=420"}],"curies":[{"name":"wp","href":"https:\/\/api.w.org\/{rel}","templated":true}]}}