{"id":422,"date":"2018-01-05T18:55:15","date_gmt":"2018-01-05T17:55:15","guid":{"rendered":"http:\/\/wp.lfs-bonn.de\/?page_id=422"},"modified":"2018-07-01T16:48:06","modified_gmt":"2018-07-01T14:48:06","slug":"philosophie","status":"publish","type":"page","link":"https:\/\/www.lfs-bonn.de\/?page_id=422","title":{"rendered":"Philosophie"},"content":{"rendered":"<div id=\"cs-content\" class=\"cs-content\"><\/div>\n","protected":false},"excerpt":{"rendered":"<p>Das Fach Philosophie\u00a0geh\u00f6rt zu den in der Oberstufe neu einsetzenden F\u00e4chern. Es kann ab der EF als Grundkurs belegt und als Abiturfach gew\u00e4hlt werden. Das Fach Philosophie legt einen besonderen Schwerpunkt darauf, dass unsere Sch\u00fclerinneneine philosophische Frage- und Denkhaltung entfalten, die sie bef\u00e4higt, philosophische Probleme als Herausforderung f\u00fcr Erkennen und Lebenshaltung zu erfassen,methodische Kompetenzen entwickeln, die es ihnen erm\u00f6glichen, Ph\u00e4nomene &#8230; <\/p>\n<div><a href=\"https:\/\/www.lfs-bonn.de\/?page_id=422\" class=\"more-link\">Read More<\/a><\/div>\n","protected":false},"author":1,"featured_media":0,"parent":11,"menu_order":0,"comment_status":"closed","ping_status":"closed","template":"","meta":{"footnotes":""},"class_list":["post-422","page","type-page","status-publish","hentry","no-post-thumbnail"],"_links":{"self":[{"href":"https:\/\/www.lfs-bonn.de\/index.php?rest_route=\/wp\/v2\/pages\/422"}],"collection":[{"href":"https:\/\/www.lfs-bonn.de\/index.php?rest_route=\/wp\/v2\/pages"}],"about":[{"href":"https:\/\/www.lfs-bonn.de\/index.php?rest_route=\/wp\/v2\/types\/page"}],"author":[{"embeddable":true,"href":"https:\/\/www.lfs-bonn.de\/index.php?rest_route=\/wp\/v2\/users\/1"}],"replies":[{"embeddable":true,"href":"https:\/\/www.lfs-bonn.de\/index.php?rest_route=%2Fwp%2Fv2%2Fcomments&post=422"}],"version-history":[{"count":3,"href":"https:\/\/www.lfs-bonn.de\/index.php?rest_route=\/wp\/v2\/pages\/422\/revisions"}],"predecessor-version":[{"id":1559,"href":"https:\/\/www.lfs-bonn.de\/index.php?rest_route=\/wp\/v2\/pages\/422\/revisions\/1559"}],"up":[{"embeddable":true,"href":"https:\/\/www.lfs-bonn.de\/index.php?rest_route=\/wp\/v2\/pages\/11"}],"wp:attachment":[{"href":"https:\/\/www.lfs-bonn.de\/index.php?rest_route=%2Fwp%2Fv2%2Fmedia&parent=422"}],"curies":[{"name":"wp","href":"https:\/\/api.w.org\/{rel}","templated":true}]}}