{"id":424,"date":"2018-01-05T18:55:41","date_gmt":"2018-01-05T17:55:41","guid":{"rendered":"http:\/\/wp.lfs-bonn.de\/?page_id=424"},"modified":"2026-03-13T16:04:24","modified_gmt":"2026-03-13T15:04:24","slug":"politik-sozialwissenschaften","status":"publish","type":"page","link":"https:\/\/www.lfs-bonn.de\/?page_id=424","title":{"rendered":"Politik \/ Sozialwissenschaften"},"content":{"rendered":"<div id=\"cs-content\" class=\"cs-content\"><div class=\"x-section e424-e1 mbs-0\"><div class=\"x-container max width e424-e2 mbs-1\"><div class=\"x-column x-sm x-1-2 e424-e3 mbs-2\"><div class=\"x-text x-content e424-e4 mbs-3\"><h3>Ziele des Faches Sozialwissenschaften und Politik\/Wirtschaft<\/h3><ul><li>Sch\u00fclerinnen sollen eigene Meinungen entwickeln und vertreten k\u00f6nnen, wenn es um politische und wirtschaftliche Themen geht. Unser Fachbereich m\u00f6chte das n\u00f6tige Wissen vermitteln, aber auch den Raum schaffen, eigene Werte und \u00dcberzeugen zu verfestigen und im Austausch mit anderen argumentativ zu vertreten.<\/li><li>Altersgerecht werden Themen behandelt, die nicht nur zur eigenen Pers\u00f6nlichkeitsbildung beitragen, sondern auch praktischen Nutzen haben \u2013 auch im jungen Alter.<\/li><li>Wir m\u00f6chten unsere Sch\u00fclerinnen ermuntern und darin unterst\u00fctzen, mehr und mehr Chancen wahrzunehmen, die Gesellschaft nach ihren \u00dcberzeugungen mitzugestalten und sich einzubringen.<\/li><li>Sozialwissenschaftlicher Unterricht will unsere Sch\u00fclerinnen mit Repr\u00e4sentantinnen und Repr\u00e4sentanten aus Politik und Wirtschaft ins Gespr\u00e4ch bringen und so zu einer kritischen Auseinandersetzung mit Verantwortlichen und ihren Entscheidungen anregen.<\/li><\/ul><\/div><\/div><div class=\"x-column x-sm x-1-2 e424-e5 mbs-2\"><div class=\"x-text x-content e424-e6 mbs-3\"><h3>Regelm\u00e4\u00dfige au\u00dferunterrichtliche Aktivit\u00e4ten<\/h3>\n<ul>\n \t<li>Organisation, Planung und Moderation von Podiumsdiskussionen zu Landtags-, Bundestags- und Europawahlen (Oberstufe)<\/li>\n \t<li>gemeinsamer Besuch von Lehr- und Diskussionsveranstaltungen von Universit\u00e4ten, Stiftungen und Institutionen (z.B. Bundesbank) im politischen und \u00f6konomischen Bereich<\/li>\n \t<li>Exkursionen z.B.: D\u00fcsseldorf (Landtag NRW), Berlin und Br\u00fcssel<\/li>\n \t<li>Teilnahme an Projekten, Planspielen und Simulationen<\/li>\n \t<li>Vortr\u00e4ge von Vertreterinnen und Vertretern aus Politik und Wirtschaft<\/li>\n<\/ul><\/div><\/div><\/div><\/div><\/div>\n","protected":false},"excerpt":{"rendered":"<p>Ziele des Faches Sozialwissenschaften und Politik\/WirtschaftSch\u00fclerinnen sollen eigene Meinungen entwickeln und vertreten k\u00f6nnen, wenn es um politische und wirtschaftliche Themen geht. Unser Fachbereich m\u00f6chte das n\u00f6tige Wissen vermitteln, aber auch den Raum schaffen, eigene Werte und \u00dcberzeugen zu verfestigen und im Austausch mit anderen argumentativ zu vertreten.Altersgerecht werden Themen behandelt, die nicht nur zur eigenen Pers\u00f6nlichkeitsbildung beitragen, sondern auch praktischen &#8230; <\/p>\n<div><a href=\"https:\/\/www.lfs-bonn.de\/?page_id=424\" class=\"more-link\">Read More<\/a><\/div>\n","protected":false},"author":1,"featured_media":0,"parent":11,"menu_order":0,"comment_status":"closed","ping_status":"closed","template":"","meta":{"footnotes":""},"class_list":["post-424","page","type-page","status-publish","hentry","no-post-thumbnail"],"_links":{"self":[{"href":"https:\/\/www.lfs-bonn.de\/index.php?rest_route=\/wp\/v2\/pages\/424"}],"collection":[{"href":"https:\/\/www.lfs-bonn.de\/index.php?rest_route=\/wp\/v2\/pages"}],"about":[{"href":"https:\/\/www.lfs-bonn.de\/index.php?rest_route=\/wp\/v2\/types\/page"}],"author":[{"embeddable":true,"href":"https:\/\/www.lfs-bonn.de\/index.php?rest_route=\/wp\/v2\/users\/1"}],"replies":[{"embeddable":true,"href":"https:\/\/www.lfs-bonn.de\/index.php?rest_route=%2Fwp%2Fv2%2Fcomments&post=424"}],"version-history":[{"count":4,"href":"https:\/\/www.lfs-bonn.de\/index.php?rest_route=\/wp\/v2\/pages\/424\/revisions"}],"predecessor-version":[{"id":6605,"href":"https:\/\/www.lfs-bonn.de\/index.php?rest_route=\/wp\/v2\/pages\/424\/revisions\/6605"}],"up":[{"embeddable":true,"href":"https:\/\/www.lfs-bonn.de\/index.php?rest_route=\/wp\/v2\/pages\/11"}],"wp:attachment":[{"href":"https:\/\/www.lfs-bonn.de\/index.php?rest_route=%2Fwp%2Fv2%2Fmedia&parent=424"}],"curies":[{"name":"wp","href":"https:\/\/api.w.org\/{rel}","templated":true}]}}