{"id":426,"date":"2018-01-05T18:56:41","date_gmt":"2018-01-05T17:56:41","guid":{"rendered":"http:\/\/wp.lfs-bonn.de\/?page_id=426"},"modified":"2026-03-13T16:07:13","modified_gmt":"2026-03-13T15:07:13","slug":"evangelisch","status":"publish","type":"page","link":"https:\/\/www.lfs-bonn.de\/?page_id=426","title":{"rendered":"Evangelisch"},"content":{"rendered":"<div id=\"cs-content\" class=\"cs-content\"><div class=\"x-section e426-e1 mbu-0\"><div class=\"x-container max width e426-e2 mbu-1\"><div class=\"x-column x-sm x-1-2 e426-e3 mbu-2\"><div class=\"x-text x-content e426-e4 mbu-3\"><h3>Das Fach Evangelische Religionslehre<\/h3>\n<ul>\n \t<li>vermittelt Wissen \u00fcber den christlichen Glauben,<\/li>\n \t<li>bietet Raum f\u00fcr Diskussionen \u00fcber grundlegende Fragen menschlichen Daseins,<\/li>\n \t<li>zielt auf die F\u00e4higkeit , in ethischen Fragen vor dem Horizont christlicher Werte begr\u00fcndet zu urteilen,<\/li>\n \t<li>vermittelt Kenntnisse \u00fcber die evangelische(n) Kirche(n) und ihr Profil,<\/li>\n \t<li>regt zur Auseinandersetzung mit der eigenen protestantischen Identit\u00e4t an,<\/li>\n \t<li>ber\u00fccksichtigt die \u00f6kumenische Perspektive und den interreligi\u00f6sen Dialog,<\/li>\n \t<li>nimmt aktuelle gesellschaftliche Entwicklungen und Fragen aus der Lebenswirklichkeit der Sch\u00fclerinnen in den Blick,<\/li>\n \t<li>ist vernetzt mit Angeboten der Schulpastoral,<\/li>\n \t<li>findet verpflichtend bis Stufe Q2 f\u00fcr alle evangelischen Sch\u00fclerinnen statt.<\/li>\n<\/ul><\/div><\/div><div class=\"x-column x-sm x-1-2 e426-e5 mbu-2\"><div class=\"x-text x-content e426-e6 mbu-3\"><h3>Beispiele f\u00fcr Unterrichtsinhalte und Projekte<\/h3>\n<p>Die Sch\u00fclerinnen<\/p>\n\n<ul>\n \t<li>begegnen der Bibel in ihrem Reichtum, ihren Spannungen und ihrer Bedeutung,<\/li>\n \t<li>erkunden unterschiedliche Kirchr\u00e4ume,<\/li>\n \t<li>lernen Judentum und Islam in ihrem religi\u00f6sen Kerngehalt, ihren Festen und ihrer Ethik kennen, entwickeln F\u00e4higkeiten zu interreligi\u00f6ser Gastfreundschaft,<\/li>\n \t<li>befassen sich mit der Geschichte der Reformation und der Gegenwart protestantischer Kirchen,<\/li>\n \t<li>erarbeiten Kenntnisse zur Sozialen Frage im 19. Jahrhundert und heute, planen in Gruppen ein eigenes christliches Jugendhilfeprojekt,<\/li>\n \t<li>setzten sich mit religionskritischen Anfragen aus Geschichte und Gegenwart auseinander,<\/li>\n \t<li>entdecken Spuren biblischer Texte und religi\u00f6ser Traditionen in Werbung, Filmen und der Popkultur,<\/li>\n \t<li>bereiten Schulgottesdienste vor.<\/li>\n<\/ul><\/div><\/div><\/div><\/div><\/div>\n","protected":false},"excerpt":{"rendered":"<p>Das Fach Evangelische Religionslehre vermittelt Wissen \u00fcber den christlichen Glauben, bietet Raum f\u00fcr Diskussionen \u00fcber grundlegende Fragen menschlichen Daseins, zielt auf die F\u00e4higkeit , in ethischen Fragen vor dem Horizont christlicher Werte begr\u00fcndet zu urteilen, vermittelt Kenntnisse \u00fcber die evangelische(n) Kirche(n) und ihr Profil, regt zur Auseinandersetzung mit der eigenen protestantischen Identit\u00e4t an, ber\u00fccksichtigt die \u00f6kumenische Perspektive und den interreligi\u00f6sen &#8230; <\/p>\n<div><a href=\"https:\/\/www.lfs-bonn.de\/?page_id=426\" class=\"more-link\">Read More<\/a><\/div>\n","protected":false},"author":1,"featured_media":0,"parent":11,"menu_order":0,"comment_status":"closed","ping_status":"closed","template":"","meta":{"footnotes":""},"class_list":["post-426","page","type-page","status-publish","hentry","no-post-thumbnail"],"_links":{"self":[{"href":"https:\/\/www.lfs-bonn.de\/index.php?rest_route=\/wp\/v2\/pages\/426"}],"collection":[{"href":"https:\/\/www.lfs-bonn.de\/index.php?rest_route=\/wp\/v2\/pages"}],"about":[{"href":"https:\/\/www.lfs-bonn.de\/index.php?rest_route=\/wp\/v2\/types\/page"}],"author":[{"embeddable":true,"href":"https:\/\/www.lfs-bonn.de\/index.php?rest_route=\/wp\/v2\/users\/1"}],"replies":[{"embeddable":true,"href":"https:\/\/www.lfs-bonn.de\/index.php?rest_route=%2Fwp%2Fv2%2Fcomments&post=426"}],"version-history":[{"count":6,"href":"https:\/\/www.lfs-bonn.de\/index.php?rest_route=\/wp\/v2\/pages\/426\/revisions"}],"predecessor-version":[{"id":6607,"href":"https:\/\/www.lfs-bonn.de\/index.php?rest_route=\/wp\/v2\/pages\/426\/revisions\/6607"}],"up":[{"embeddable":true,"href":"https:\/\/www.lfs-bonn.de\/index.php?rest_route=\/wp\/v2\/pages\/11"}],"wp:attachment":[{"href":"https:\/\/www.lfs-bonn.de\/index.php?rest_route=%2Fwp%2Fv2%2Fmedia&parent=426"}],"curies":[{"name":"wp","href":"https:\/\/api.w.org\/{rel}","templated":true}]}}