{"id":428,"date":"2018-01-05T18:57:09","date_gmt":"2018-01-05T17:57:09","guid":{"rendered":"http:\/\/wp.lfs-bonn.de\/?page_id=428"},"modified":"2026-03-13T16:08:34","modified_gmt":"2026-03-13T15:08:34","slug":"katholisch","status":"publish","type":"page","link":"https:\/\/www.lfs-bonn.de\/?page_id=428","title":{"rendered":"Katholisch"},"content":{"rendered":"<div id=\"cs-content\" class=\"cs-content\"><div class=\"x-section e428-e1 mbw-0\"><div class=\"x-container max width e428-e2 mbw-1\"><div class=\"x-column x-sm x-1-2 e428-e3 mbw-2\"><div class=\"x-text x-content e428-e4 mbw-3\"><h3>Das Fach Katholische Religionslehre<\/h3>\n<ul>\n \t<li>wird an unserer Schule durchgehend bis Stufe Q2 unterrichtet, alle nicht evangelischen Sch\u00fclerinnen nehmen teil.<\/li>\n \t<li>Wir legen besonderen Wert auf das christliche Menschenbild, das hei\u00dft auf die W\u00fcrde jeder einzelnen Sch\u00fclerin und auf ihre pers\u00f6nliche Freiheit.<\/li>\n \t<li>Im Unterricht erarbeiten wir Wissen \u00fcber die verschiedenen Religionen, besonders \u00fcber den christlichen Glauben.<\/li>\n \t<li>Dabei entdecken und diskutieren die Sch\u00fclerinnen grundlegende Fragen des menschlichen Lebens wie z.B.: Wer bin ich? Wozu lebe ich? Was tr\u00e4gt mich?<\/li>\n \t<li>In den Kursgruppen tauschen sich Sch\u00fclerinnen vieler Konfessionen (r\u00f6m. katholisch, orthodox,\u2026 ) und Religionen (muslimisch, buddhistisch, \u2026) aus und \u00fcben eine tolerante und respektvolle Gespr\u00e4chshaltung ein.<\/li>\n \t<li>Die Sch\u00fclerinnen erhalten Entscheidungshilfen f\u00fcr Konfliktsituationen. Auf der Grundlage der christlichen Werte lernen sie, moralisch bewusst und begr\u00fcndet zu entscheiden.<\/li>\n \t<li>Viele seelsorgerische Angebote der Schule, wie z.B. Messen, Wallfahren oder Besinnungstage werden im Religionsunterricht vor- und nachbereitet.<\/li>\n \t<li>Ziel des Religionsunterrichtes ist, dass die Sch\u00fclerinnen in der Gesellschaft und in der Kirche verantwortlich handeln.<\/li>\n<\/ul><\/div><\/div><div class=\"x-column x-sm x-1-2 e428-e5 mbw-2\"><div class=\"x-text x-content e428-e6 mbw-3\"><h3>Die Sch\u00fclerinnen<\/h3>\n<ul>\n \t<li>arbeiten im Religionsunterricht m\u00f6glichst selbstt\u00e4tig, oft handlungsorientiert in einem abwechslungsreichen Unterricht, der Stationenlernen, Rollenspiele und Projektarbeit beinhaltet,<\/li>\n \t<li>erarbeiten wichtige Bibeltexte und lernen dabei verschiedene Auslegungsmethoden kennen,<\/li>\n \t<li>entwickeln Ideen f\u00fcr soziale Projekte und setzen diese gemeinsam um, z.B. in einer Patenschaft oder einer Spendenaktion,<\/li>\n \t<li>entdecken Orte au\u00dferhalb der Schule, an denen Religion gelebt wird, z.B. die katholische Kirchengemeinde in K\u00f6ln-Vingst und Gottes- und Gebetsh\u00e4user anderer Religionen und Konfessionen.<\/li>\n<\/ul>\n<p><\/p><\/div><\/div><\/div><\/div><\/div>\n","protected":false},"excerpt":{"rendered":"<p>Das Fach Katholische Religionslehre wird an unserer Schule durchgehend bis Stufe Q2 unterrichtet, alle nicht evangelischen Sch\u00fclerinnen nehmen teil. Wir legen besonderen Wert auf das christliche Menschenbild, das hei\u00dft auf die W\u00fcrde jeder einzelnen Sch\u00fclerin und auf ihre pers\u00f6nliche Freiheit. Im Unterricht erarbeiten wir Wissen \u00fcber die verschiedenen Religionen, besonders \u00fcber den christlichen Glauben. Dabei entdecken und diskutieren die Sch\u00fclerinnen &#8230; <\/p>\n<div><a href=\"https:\/\/www.lfs-bonn.de\/?page_id=428\" class=\"more-link\">Read More<\/a><\/div>\n","protected":false},"author":1,"featured_media":0,"parent":11,"menu_order":0,"comment_status":"closed","ping_status":"closed","template":"","meta":{"footnotes":""},"class_list":["post-428","page","type-page","status-publish","hentry","no-post-thumbnail"],"_links":{"self":[{"href":"https:\/\/www.lfs-bonn.de\/index.php?rest_route=\/wp\/v2\/pages\/428"}],"collection":[{"href":"https:\/\/www.lfs-bonn.de\/index.php?rest_route=\/wp\/v2\/pages"}],"about":[{"href":"https:\/\/www.lfs-bonn.de\/index.php?rest_route=\/wp\/v2\/types\/page"}],"author":[{"embeddable":true,"href":"https:\/\/www.lfs-bonn.de\/index.php?rest_route=\/wp\/v2\/users\/1"}],"replies":[{"embeddable":true,"href":"https:\/\/www.lfs-bonn.de\/index.php?rest_route=%2Fwp%2Fv2%2Fcomments&post=428"}],"version-history":[{"count":6,"href":"https:\/\/www.lfs-bonn.de\/index.php?rest_route=\/wp\/v2\/pages\/428\/revisions"}],"predecessor-version":[{"id":6608,"href":"https:\/\/www.lfs-bonn.de\/index.php?rest_route=\/wp\/v2\/pages\/428\/revisions\/6608"}],"up":[{"embeddable":true,"href":"https:\/\/www.lfs-bonn.de\/index.php?rest_route=\/wp\/v2\/pages\/11"}],"wp:attachment":[{"href":"https:\/\/www.lfs-bonn.de\/index.php?rest_route=%2Fwp%2Fv2%2Fmedia&parent=428"}],"curies":[{"name":"wp","href":"https:\/\/api.w.org\/{rel}","templated":true}]}}