{"id":430,"date":"2018-01-05T19:00:04","date_gmt":"2018-01-05T18:00:04","guid":{"rendered":"http:\/\/wp.lfs-bonn.de\/?page_id=430"},"modified":"2021-08-23T16:12:57","modified_gmt":"2021-08-23T14:12:57","slug":"mint-akademie","status":"publish","type":"page","link":"https:\/\/www.lfs-bonn.de\/?page_id=430","title":{"rendered":"MINT Akademie"},"content":{"rendered":"<div id=\"cs-content\" class=\"cs-content\"><\/div>\n","protected":false},"excerpt":{"rendered":"<p>MINT-Akademie f\u00fcr alle Was ist die MINT-Akademie? Seit diesem Jahr f\u00fchren wir die Workshops der MINT-Akademie mit allen Unter- und Mittelstufenklassen durch. In der Oberstufe k\u00f6nnen die Sch\u00fclerinnen die MINT-Akademie weiter w\u00e4hlen. Was macht man in der MINT-Akademie? Jede Klasse f\u00fchrt einmal im Halbjahr einen au\u00dferschulischen Workshop durch. Dabei kn\u00fcpfen die Themen der Workshops an den aktuellen Unterricht an, die &#8230; <\/p>\n<div><a href=\"https:\/\/www.lfs-bonn.de\/?page_id=430\" class=\"more-link\">Read More<\/a><\/div>\n","protected":false},"author":1,"featured_media":0,"parent":13,"menu_order":0,"comment_status":"closed","ping_status":"closed","template":"","meta":{"footnotes":""},"class_list":["post-430","page","type-page","status-publish","hentry","no-post-thumbnail"],"_links":{"self":[{"href":"https:\/\/www.lfs-bonn.de\/index.php?rest_route=\/wp\/v2\/pages\/430"}],"collection":[{"href":"https:\/\/www.lfs-bonn.de\/index.php?rest_route=\/wp\/v2\/pages"}],"about":[{"href":"https:\/\/www.lfs-bonn.de\/index.php?rest_route=\/wp\/v2\/types\/page"}],"author":[{"embeddable":true,"href":"https:\/\/www.lfs-bonn.de\/index.php?rest_route=\/wp\/v2\/users\/1"}],"replies":[{"embeddable":true,"href":"https:\/\/www.lfs-bonn.de\/index.php?rest_route=%2Fwp%2Fv2%2Fcomments&post=430"}],"version-history":[{"count":4,"href":"https:\/\/www.lfs-bonn.de\/index.php?rest_route=\/wp\/v2\/pages\/430\/revisions"}],"predecessor-version":[{"id":4246,"href":"https:\/\/www.lfs-bonn.de\/index.php?rest_route=\/wp\/v2\/pages\/430\/revisions\/4246"}],"up":[{"embeddable":true,"href":"https:\/\/www.lfs-bonn.de\/index.php?rest_route=\/wp\/v2\/pages\/13"}],"wp:attachment":[{"href":"https:\/\/www.lfs-bonn.de\/index.php?rest_route=%2Fwp%2Fv2%2Fmedia&parent=430"}],"curies":[{"name":"wp","href":"https:\/\/api.w.org\/{rel}","templated":true}]}}