{"id":432,"date":"2018-01-05T19:00:27","date_gmt":"2018-01-05T18:00:27","guid":{"rendered":"http:\/\/wp.lfs-bonn.de\/?page_id=432"},"modified":"2019-06-03T18:12:54","modified_gmt":"2019-06-03T16:12:54","slug":"mint-mobil","status":"publish","type":"page","link":"https:\/\/www.lfs-bonn.de\/?page_id=432","title":{"rendered":"MINT mobil"},"content":{"rendered":"<div id=\"cs-content\" class=\"cs-content\"><\/div>\n","protected":false},"excerpt":{"rendered":"<p>MINT Mobil macht Station an der Liebfrauenschule Das MINTmobil der Stiftung Wissen der Sparkasse K\u00f6ln Bonn besucht regelm\u00e4\u00dfig die Liebfrauenschule Bonn. Es unterst\u00fctzt den Unterricht naturwissenschaftlicher F\u00e4cher bei lehrplanrelevanten Inhalten. Im Winter 2015 hat die MINT-Akademie der 7. Klasse Kalmare seziert. In der Sekundarstufe II stand das Thema \u201eGew\u00e4sser\u00f6kologie\u201c im Mittelpunkt der Arbeit im MINTmobil. Das MINTmobil dient auch des &#8230; <\/p>\n<div><a href=\"https:\/\/www.lfs-bonn.de\/?page_id=432\" class=\"more-link\">Read More<\/a><\/div>\n","protected":false},"author":1,"featured_media":0,"parent":13,"menu_order":0,"comment_status":"closed","ping_status":"closed","template":"","meta":{"footnotes":""},"class_list":["post-432","page","type-page","status-publish","hentry","no-post-thumbnail"],"_links":{"self":[{"href":"https:\/\/www.lfs-bonn.de\/index.php?rest_route=\/wp\/v2\/pages\/432"}],"collection":[{"href":"https:\/\/www.lfs-bonn.de\/index.php?rest_route=\/wp\/v2\/pages"}],"about":[{"href":"https:\/\/www.lfs-bonn.de\/index.php?rest_route=\/wp\/v2\/types\/page"}],"author":[{"embeddable":true,"href":"https:\/\/www.lfs-bonn.de\/index.php?rest_route=\/wp\/v2\/users\/1"}],"replies":[{"embeddable":true,"href":"https:\/\/www.lfs-bonn.de\/index.php?rest_route=%2Fwp%2Fv2%2Fcomments&post=432"}],"version-history":[{"count":5,"href":"https:\/\/www.lfs-bonn.de\/index.php?rest_route=\/wp\/v2\/pages\/432\/revisions"}],"predecessor-version":[{"id":2314,"href":"https:\/\/www.lfs-bonn.de\/index.php?rest_route=\/wp\/v2\/pages\/432\/revisions\/2314"}],"up":[{"embeddable":true,"href":"https:\/\/www.lfs-bonn.de\/index.php?rest_route=\/wp\/v2\/pages\/13"}],"wp:attachment":[{"href":"https:\/\/www.lfs-bonn.de\/index.php?rest_route=%2Fwp%2Fv2%2Fmedia&parent=432"}],"curies":[{"name":"wp","href":"https:\/\/api.w.org\/{rel}","templated":true}]}}