{"id":434,"date":"2018-01-05T19:00:52","date_gmt":"2018-01-05T18:00:52","guid":{"rendered":"http:\/\/wp.lfs-bonn.de\/?page_id=434"},"modified":"2018-03-07T00:31:24","modified_gmt":"2018-03-06T23:31:24","slug":"multico","status":"publish","type":"page","link":"https:\/\/www.lfs-bonn.de\/?page_id=434","title":{"rendered":"MultiCO"},"content":{"rendered":"<div id=\"cs-content\" class=\"cs-content\"><\/div>\n","protected":false},"excerpt":{"rendered":"<p>Was bietet MultiCO?MultiCo ist ein EU-Forschungsprojekt, f\u00fcr das die LFS als eine von drei deutschen Schulen f\u00fcr die Teilnahme ausgew\u00e4hlt wurde. Ziel ist es, M\u00f6glichkeiten zu erforschen, um den Schulunterricht spannend und bedeutsam zu gestalten, die Rolle von Naturwissenschaften und Technik in der Gesellschaft zu verdeutlichen und Karrierem\u00f6glichkeiten und Arbeitsfelder in den Naturwissenschaften aufzuzeigen. Damit wollen wir Interesse f\u00fcr MINT &#8230; <\/p>\n<div><a href=\"https:\/\/www.lfs-bonn.de\/?page_id=434\" class=\"more-link\">Read More<\/a><\/div>\n","protected":false},"author":1,"featured_media":0,"parent":13,"menu_order":0,"comment_status":"closed","ping_status":"closed","template":"","meta":{"footnotes":""},"class_list":["post-434","page","type-page","status-publish","hentry","no-post-thumbnail"],"_links":{"self":[{"href":"https:\/\/www.lfs-bonn.de\/index.php?rest_route=\/wp\/v2\/pages\/434"}],"collection":[{"href":"https:\/\/www.lfs-bonn.de\/index.php?rest_route=\/wp\/v2\/pages"}],"about":[{"href":"https:\/\/www.lfs-bonn.de\/index.php?rest_route=\/wp\/v2\/types\/page"}],"author":[{"embeddable":true,"href":"https:\/\/www.lfs-bonn.de\/index.php?rest_route=\/wp\/v2\/users\/1"}],"replies":[{"embeddable":true,"href":"https:\/\/www.lfs-bonn.de\/index.php?rest_route=%2Fwp%2Fv2%2Fcomments&post=434"}],"version-history":[{"count":3,"href":"https:\/\/www.lfs-bonn.de\/index.php?rest_route=\/wp\/v2\/pages\/434\/revisions"}],"predecessor-version":[{"id":494,"href":"https:\/\/www.lfs-bonn.de\/index.php?rest_route=\/wp\/v2\/pages\/434\/revisions\/494"}],"up":[{"embeddable":true,"href":"https:\/\/www.lfs-bonn.de\/index.php?rest_route=\/wp\/v2\/pages\/13"}],"wp:attachment":[{"href":"https:\/\/www.lfs-bonn.de\/index.php?rest_route=%2Fwp%2Fv2%2Fmedia&parent=434"}],"curies":[{"name":"wp","href":"https:\/\/api.w.org\/{rel}","templated":true}]}}