{"id":438,"date":"2018-01-05T19:01:35","date_gmt":"2018-01-05T18:01:35","guid":{"rendered":"http:\/\/wp.lfs-bonn.de\/?page_id=438"},"modified":"2022-06-14T12:46:31","modified_gmt":"2022-06-14T10:46:31","slug":"mint-werkstaetten","status":"publish","type":"page","link":"https:\/\/www.lfs-bonn.de\/?page_id=438","title":{"rendered":"MINT Werkst\u00e4tten"},"content":{"rendered":"<div id=\"cs-content\" class=\"cs-content\"><\/div>\n","protected":false},"excerpt":{"rendered":"<p>Bist Du Sch\u00fclerin des 4. Schuljahres? Findest Du Experimente spannend? M\u00f6chtest Du zusammen mit Sch\u00fclerinnen der Liebfrauenschule forschen? Dann komm&#8216; in die MINT-Werkstatt! Was ist die MINT-Werkstatt? In Workshops f\u00fchren Grundsch\u00fclerinnen unter Anleitung von Oberstufensch\u00fclerinnen in den Fachbereichen Ern\u00e4hrungslehre, Chemie, Biologie und Physik Experimente durch. Du kannst an einem oder mehreren Workshops teilnehmen. Wann findet die MINT-Werkstatt statt? 19.10.22: Chemie &#8230; <\/p>\n<div><a href=\"https:\/\/www.lfs-bonn.de\/?page_id=438\" class=\"more-link\">Read More<\/a><\/div>\n","protected":false},"author":1,"featured_media":0,"parent":13,"menu_order":0,"comment_status":"closed","ping_status":"closed","template":"","meta":{"footnotes":""},"class_list":["post-438","page","type-page","status-publish","hentry","no-post-thumbnail"],"_links":{"self":[{"href":"https:\/\/www.lfs-bonn.de\/index.php?rest_route=\/wp\/v2\/pages\/438"}],"collection":[{"href":"https:\/\/www.lfs-bonn.de\/index.php?rest_route=\/wp\/v2\/pages"}],"about":[{"href":"https:\/\/www.lfs-bonn.de\/index.php?rest_route=\/wp\/v2\/types\/page"}],"author":[{"embeddable":true,"href":"https:\/\/www.lfs-bonn.de\/index.php?rest_route=\/wp\/v2\/users\/1"}],"replies":[{"embeddable":true,"href":"https:\/\/www.lfs-bonn.de\/index.php?rest_route=%2Fwp%2Fv2%2Fcomments&post=438"}],"version-history":[{"count":11,"href":"https:\/\/www.lfs-bonn.de\/index.php?rest_route=\/wp\/v2\/pages\/438\/revisions"}],"predecessor-version":[{"id":4695,"href":"https:\/\/www.lfs-bonn.de\/index.php?rest_route=\/wp\/v2\/pages\/438\/revisions\/4695"}],"up":[{"embeddable":true,"href":"https:\/\/www.lfs-bonn.de\/index.php?rest_route=\/wp\/v2\/pages\/13"}],"wp:attachment":[{"href":"https:\/\/www.lfs-bonn.de\/index.php?rest_route=%2Fwp%2Fv2%2Fmedia&parent=438"}],"curies":[{"name":"wp","href":"https:\/\/api.w.org\/{rel}","templated":true}]}}