{"id":440,"date":"2018-01-05T19:02:49","date_gmt":"2018-01-05T18:02:49","guid":{"rendered":"http:\/\/wp.lfs-bonn.de\/?page_id=440"},"modified":"2026-03-13T16:29:23","modified_gmt":"2026-03-13T15:29:23","slug":"ausserunterrichtliche-sportangebote","status":"publish","type":"page","link":"https:\/\/www.lfs-bonn.de\/?page_id=440","title":{"rendered":"Au\u00dferunterrichtliche Sportangebote"},"content":{"rendered":"<div id=\"cs-content\" class=\"cs-content\"><div class=\"x-section e440-e1 mc8-0\"><div class=\"x-container max width e440-e2 mc8-1\"><div class=\"x-column x-sm x-1-2 e440-e3 mc8-2\"><div class=\"x-text x-content e440-e4 mc8-3\"><h3>Wettbewerbe Sport<\/h3>\n<h4>Bundesjugendspiele<\/h4>\n<ul>\n \t<li>Wettkampf Leichtathletik in der Jgst. 7<\/li>\n \t<li>Wettbewerb Turnen in den Jgst. 8\u00a0und 9<\/li>\n<\/ul>\n<p><img loading=\"lazy\" decoding=\"async\" src=\"https:\/\/lfs-bonn.de\/wp-content\/uploads\/Sport-Charity-Run.jpg\" alt=\"\" width=\"600\" height=\"406\" class=\"aligncenter size-full wp-image-500\" srcset=\"https:\/\/www.lfs-bonn.de\/wp-content\/uploads\/Sport-Charity-Run.jpg 600w, https:\/\/www.lfs-bonn.de\/wp-content\/uploads\/Sport-Charity-Run-300x203.jpg 300w, https:\/\/www.lfs-bonn.de\/wp-content\/uploads\/Sport-Charity-Run-100x68.jpg 100w\" sizes=\"(max-width: 600px) 100vw, 600px\" \/><\/p>\n\n<h4>Jugend trainiert f\u00fcr Olympia<\/h4>\n<p>Je nach Neigung der Sch\u00fclerinnen nehmen wir an Wettk\u00e4mpfen in verschiedenen Sportarten wie Turnen, Basketball, Schwimmen, Hockey, etc. teil.<\/p><\/div><\/div><div class=\"x-column x-sm x-1-2 e440-e5 mc8-2\"><div class=\"x-text x-content e440-e6 mc8-3\"><h3>Weitere Sportangebote<\/h3>\n<h4>Sportwoche (Worriken)<\/h4>\n<p>In der Jgst. 8 fahren wir in das Sportzentrum Worriken in Belgien. Hier k\u00f6nnen die Sch\u00fclerinnen verschiedenste Sportangebote ausprobieren, z.B. Kinball, Bogenschie\u00dfen, Skilanglauf.<\/p>\n\n<h4>Exkursionstag in der Oberstufe<\/h4>\n<p>In der EF werden verschiedene Exkursionsangebote gemacht, die die Sch\u00fclerinnen an einem Vormittag erproben k\u00f6nnen. Wir bieten z.B. Wasserski fahren, Golfen, Reiten oder Klettern an.<\/p>\n\n<h4>Eislaufen<\/h4>\n<p>Im Winter gehen wir auf der Eisbahn \"Bonn on Ice\" Schlittschuhlaufen, ein\u00a0Highlight f\u00fcr alle Eislauffans.<\/p>\n\n<h4>Charity Run<\/h4>\n<p>Regelm\u00e4\u00dfig organisiert die LFS Charity Runs, bei dem die Sch\u00fclerinnen Geld f\u00fcr einen guten Zweck erlaufen.<\/p>\n\n<h4>Bonn Marathon<\/h4>\n<p>Wir nehmen erfolgreich mit unseren Schulstaffeln am Bonn Marathon teil.<\/p><\/div><\/div><\/div><\/div><\/div>\n","protected":false},"excerpt":{"rendered":"<p>Wettbewerbe Sport Bundesjugendspiele Wettkampf Leichtathletik in der Jgst. 7 Wettbewerb Turnen in den Jgst. 8\u00a0und 9 Jugend trainiert f\u00fcr Olympia Je nach Neigung der Sch\u00fclerinnen nehmen wir an Wettk\u00e4mpfen in verschiedenen Sportarten wie Turnen, Basketball, Schwimmen, Hockey, etc. teil.Weitere Sportangebote Sportwoche (Worriken) In der Jgst. 8 fahren wir in das Sportzentrum Worriken in Belgien. Hier k\u00f6nnen die Sch\u00fclerinnen verschiedenste Sportangebote &#8230; <\/p>\n<div><a href=\"https:\/\/www.lfs-bonn.de\/?page_id=440\" class=\"more-link\">Read More<\/a><\/div>\n","protected":false},"author":1,"featured_media":0,"parent":13,"menu_order":0,"comment_status":"closed","ping_status":"closed","template":"","meta":{"footnotes":""},"class_list":["post-440","page","type-page","status-publish","hentry","no-post-thumbnail"],"_links":{"self":[{"href":"https:\/\/www.lfs-bonn.de\/index.php?rest_route=\/wp\/v2\/pages\/440"}],"collection":[{"href":"https:\/\/www.lfs-bonn.de\/index.php?rest_route=\/wp\/v2\/pages"}],"about":[{"href":"https:\/\/www.lfs-bonn.de\/index.php?rest_route=\/wp\/v2\/types\/page"}],"author":[{"embeddable":true,"href":"https:\/\/www.lfs-bonn.de\/index.php?rest_route=\/wp\/v2\/users\/1"}],"replies":[{"embeddable":true,"href":"https:\/\/www.lfs-bonn.de\/index.php?rest_route=%2Fwp%2Fv2%2Fcomments&post=440"}],"version-history":[{"count":7,"href":"https:\/\/www.lfs-bonn.de\/index.php?rest_route=\/wp\/v2\/pages\/440\/revisions"}],"predecessor-version":[{"id":6613,"href":"https:\/\/www.lfs-bonn.de\/index.php?rest_route=\/wp\/v2\/pages\/440\/revisions\/6613"}],"up":[{"embeddable":true,"href":"https:\/\/www.lfs-bonn.de\/index.php?rest_route=\/wp\/v2\/pages\/13"}],"wp:attachment":[{"href":"https:\/\/www.lfs-bonn.de\/index.php?rest_route=%2Fwp%2Fv2%2Fmedia&parent=440"}],"curies":[{"name":"wp","href":"https:\/\/api.w.org\/{rel}","templated":true}]}}