{"id":442,"date":"2018-01-05T19:03:06","date_gmt":"2018-01-05T18:03:06","guid":{"rendered":"http:\/\/wp.lfs-bonn.de\/?page_id=442"},"modified":"2026-03-13T16:31:17","modified_gmt":"2026-03-13T15:31:17","slug":"gesundheitsfoerderung","status":"publish","type":"page","link":"https:\/\/www.lfs-bonn.de\/?page_id=442","title":{"rendered":"Gesundheitsf\u00f6rderung"},"content":{"rendered":"<div id=\"cs-content\" class=\"cs-content\"><div class=\"x-section e442-e1 mca-0\"><div class=\"x-container max width e442-e2 mca-1\"><div class=\"x-column x-sm x-1-2 e442-e3 mca-2\"><div class=\"x-text x-content e442-e4 mca-3\"><h3>Gesundheitsf\u00f6rderung an der Liebfrauenschule<\/h3><ul><li>Ein verantwortungsvoller Umgang mit dem eigenen K\u00f6rper beeinflusst ma\u00dfgeblich die Gesundheit.<\/li><li>F\u00fcr die Bew\u00e4ltigung des Alltags, ein zufriedenes, gl\u00fcckliches Leben sowie die Zukunft unserer Sch\u00fclerinnen ist Gesundheit unerl\u00e4sslich.<\/li><li>\u00dcber die Vermittlung von Kenntnissen und Strategien erlangen die Sch\u00fclerinnen eigene Verhaltens- und Handlungskompetenzen, um ein positives Gesundheitsverhalten zu erreichen.<\/li><li>Bausteine einzelner Unterrichtsf\u00e4cher werden erg\u00e4nzt durch Projekte in den verschiedenen Jahrgangsstufen in Zusammenarbeit mit den Eltern und mit Bonner Institutionen.<\/li><\/ul><\/div><\/div><div class=\"x-column x-sm x-1-2 e442-e5 mca-2\"><div class=\"x-text x-content e442-e6 mca-3\"><h3>Projekte und Aktivit\u00e4ten<\/h3>\n<ul>\n \t<li>Suchtpr\u00e4ventionswoche in der Jahrgangsstufe 8<br \/>\nAusstellung \u201eKlang meines K\u00f6rpers\u201d mit Elternabend, Strategien zur Stressbew\u00e4ltigung und Stress-Pr\u00e4vention in Schule und Freizeit, Workshops zu klassischen Suchtmitteln, z. T. in Zusammenarbeit mit der Suchtberatungsstelle \u201eupdate\u201d der Caritas<\/li>\n \t<li>Programm \u201eGlas klar\u201d zu den Themen: Folgen von Alkoholkonsum, Alkohol im Stra\u00dfenverkehr<\/li>\n \t<li>Unterrichtsfach Ern\u00e4hrungslehre ab Jgst. 8<\/li>\n \t<li>Schulk\u00fcche f\u00fcr Unterricht und gemeinsame Kocherlebnisse<\/li>\n \t<li>Teilnahme am Langzeit-Projekt \u201cGesundheitsverhalten und Unfallgeschehen im Schulalter\u201c (GUS) <br \/>\nForschungszentrum Demografischer Wandel (FZDW), Frankfurt University of Applied Sciences.<\/li>\n \t<li><a href=\"https:\/\/lfs-bonn.de\/?page_id=155\">Beratungsteam<\/a>\/Streitschlichter<a href=\"https:\/\/lfs-bonn.de\/?page_id=448\"><\/a><\/li>\n \t<li>Zusammenarbeit mit der Polizei:\n<ul>\n \t<li>Suchtpr\u00e4vention zum Thema Drogen und Alkohol<\/li>\n \t<li>rechtliche Aspekte der Mediennutzung ab Jgst. 5 erg\u00e4nzt durch einen Elternabend<\/li>\n<\/ul>\n<\/li>\n<\/ul><\/div><\/div><\/div><\/div><\/div>\n","protected":false},"excerpt":{"rendered":"<p>Gesundheitsf\u00f6rderung an der LiebfrauenschuleEin verantwortungsvoller Umgang mit dem eigenen K\u00f6rper beeinflusst ma\u00dfgeblich die Gesundheit.F\u00fcr die Bew\u00e4ltigung des Alltags, ein zufriedenes, gl\u00fcckliches Leben sowie die Zukunft unserer Sch\u00fclerinnen ist Gesundheit unerl\u00e4sslich.\u00dcber die Vermittlung von Kenntnissen und Strategien erlangen die Sch\u00fclerinnen eigene Verhaltens- und Handlungskompetenzen, um ein positives Gesundheitsverhalten zu erreichen.Bausteine einzelner Unterrichtsf\u00e4cher werden erg\u00e4nzt durch Projekte in den verschiedenen Jahrgangsstufen in &#8230; <\/p>\n<div><a href=\"https:\/\/www.lfs-bonn.de\/?page_id=442\" class=\"more-link\">Read More<\/a><\/div>\n","protected":false},"author":1,"featured_media":0,"parent":13,"menu_order":0,"comment_status":"closed","ping_status":"closed","template":"","meta":{"footnotes":""},"class_list":["post-442","page","type-page","status-publish","hentry","no-post-thumbnail"],"_links":{"self":[{"href":"https:\/\/www.lfs-bonn.de\/index.php?rest_route=\/wp\/v2\/pages\/442"}],"collection":[{"href":"https:\/\/www.lfs-bonn.de\/index.php?rest_route=\/wp\/v2\/pages"}],"about":[{"href":"https:\/\/www.lfs-bonn.de\/index.php?rest_route=\/wp\/v2\/types\/page"}],"author":[{"embeddable":true,"href":"https:\/\/www.lfs-bonn.de\/index.php?rest_route=\/wp\/v2\/users\/1"}],"replies":[{"embeddable":true,"href":"https:\/\/www.lfs-bonn.de\/index.php?rest_route=%2Fwp%2Fv2%2Fcomments&post=442"}],"version-history":[{"count":4,"href":"https:\/\/www.lfs-bonn.de\/index.php?rest_route=\/wp\/v2\/pages\/442\/revisions"}],"predecessor-version":[{"id":6614,"href":"https:\/\/www.lfs-bonn.de\/index.php?rest_route=\/wp\/v2\/pages\/442\/revisions\/6614"}],"up":[{"embeddable":true,"href":"https:\/\/www.lfs-bonn.de\/index.php?rest_route=\/wp\/v2\/pages\/13"}],"wp:attachment":[{"href":"https:\/\/www.lfs-bonn.de\/index.php?rest_route=%2Fwp%2Fv2%2Fmedia&parent=442"}],"curies":[{"name":"wp","href":"https:\/\/api.w.org\/{rel}","templated":true}]}}