{"id":444,"date":"2018-01-05T19:03:54","date_gmt":"2018-01-05T18:03:54","guid":{"rendered":"http:\/\/wp.lfs-bonn.de\/?page_id=444"},"modified":"2026-03-13T16:33:09","modified_gmt":"2026-03-13T15:33:09","slug":"austausch","status":"publish","type":"page","link":"https:\/\/www.lfs-bonn.de\/?page_id=444","title":{"rendered":"Austausch"},"content":{"rendered":"<div id=\"cs-content\" class=\"cs-content\"><div class=\"x-section e444-e1 mcc-0\"><div class=\"x-container max width e444-e2 mcc-1\"><div class=\"x-column x-sm x-1-2 e444-e3 mcc-2\"><div class=\"x-text x-content e444-e4 mcc-3\"><p style=\"text-align: left;\">\u00dcber die Fachgrenzen hinweg ist es allen an der Liebfrauenschule ein wichtiges Anliegen, Lernen an au\u00dferschulischen Orten zu erm\u00f6glichen.<\/p>\n<p>Sch\u00fclerinnen der EF haben die Gelegenheit, ihre Spanischkenntnisse im Rahmen eines Austauschs mit dem Colegio Santa \u00darsula in Maip\u00fa, Chile, zu vertiefen.<\/p>\n<p style=\"text-align: left;\">Berufs- und Sozialpraktika in der Jahrgangsstufe 9 und EF k\u00f6nnen auch im Ausland absolviert werden.<\/p>\n<p style=\"text-align: left;\"><\/p><\/div><\/div><div class=\"x-column x-sm x-1-2 e444-e5 mcc-2\"><div class=\"x-text x-content e444-e6 mcc-3\"><img loading=\"lazy\" decoding=\"async\" width=\"6000\" height=\"4000\" class=\"alignnone size-full wp-image-2268\" alt=\"\" src=\"https:\/\/www.lfs-bonn.de\/wp-content\/uploads\/DSC_1037.jpg\" \/><\/div><\/div><\/div><\/div><\/div>\n","protected":false},"excerpt":{"rendered":"<p>\u00dcber die Fachgrenzen hinweg ist es allen an der Liebfrauenschule ein wichtiges Anliegen, Lernen an au\u00dferschulischen Orten zu erm\u00f6glichen. Sch\u00fclerinnen der EF haben die Gelegenheit, ihre Spanischkenntnisse im Rahmen eines Austauschs mit dem Colegio Santa \u00darsula in Maip\u00fa, Chile, zu vertiefen. Berufs- und Sozialpraktika in der Jahrgangsstufe 9 und EF k\u00f6nnen auch im Ausland absolviert werden.<\/p>\n","protected":false},"author":1,"featured_media":0,"parent":13,"menu_order":0,"comment_status":"closed","ping_status":"closed","template":"","meta":{"footnotes":""},"class_list":["post-444","page","type-page","status-publish","hentry","no-post-thumbnail"],"_links":{"self":[{"href":"https:\/\/www.lfs-bonn.de\/index.php?rest_route=\/wp\/v2\/pages\/444"}],"collection":[{"href":"https:\/\/www.lfs-bonn.de\/index.php?rest_route=\/wp\/v2\/pages"}],"about":[{"href":"https:\/\/www.lfs-bonn.de\/index.php?rest_route=\/wp\/v2\/types\/page"}],"author":[{"embeddable":true,"href":"https:\/\/www.lfs-bonn.de\/index.php?rest_route=\/wp\/v2\/users\/1"}],"replies":[{"embeddable":true,"href":"https:\/\/www.lfs-bonn.de\/index.php?rest_route=%2Fwp%2Fv2%2Fcomments&post=444"}],"version-history":[{"count":7,"href":"https:\/\/www.lfs-bonn.de\/index.php?rest_route=\/wp\/v2\/pages\/444\/revisions"}],"predecessor-version":[{"id":6615,"href":"https:\/\/www.lfs-bonn.de\/index.php?rest_route=\/wp\/v2\/pages\/444\/revisions\/6615"}],"up":[{"embeddable":true,"href":"https:\/\/www.lfs-bonn.de\/index.php?rest_route=\/wp\/v2\/pages\/13"}],"wp:attachment":[{"href":"https:\/\/www.lfs-bonn.de\/index.php?rest_route=%2Fwp%2Fv2%2Fmedia&parent=444"}],"curies":[{"name":"wp","href":"https:\/\/api.w.org\/{rel}","templated":true}]}}