{"id":448,"date":"2018-01-05T19:07:46","date_gmt":"2018-01-05T18:07:46","guid":{"rendered":"http:\/\/wp.lfs-bonn.de\/?page_id=448"},"modified":"2025-06-15T10:24:32","modified_gmt":"2025-06-15T08:24:32","slug":"medienscouts","status":"publish","type":"page","link":"https:\/\/www.lfs-bonn.de\/?page_id=448","title":{"rendered":"Medienscouts"},"content":{"rendered":"<div id=\"cs-content\" class=\"cs-content\"><div class=\"x-section e448-e1 mcg-0\"><div class=\"x-container max width e448-e2 mcg-1\"><div class=\"x-column x-sm x-1-2 e448-e3 mcg-2\"><div class=\"x-text x-content e448-e4 mcg-3\"><h3>LFS erneut als \"Medienscouts NRW-Schule\" ausgezeichnet<\/h3>\n<p>Bereits zum zweiten Mal hat die Landesanstalt f\u00fcr Medien Nordrhein-Westfalen (LfM) der Liebfrauenschule das Abzeichen des Projekts \"Medienscouts NRW\" verliehen.\u00a0Dieses wird an Schulen vergeben, an denen die Medienscouts besonders engagiert arbeiten,in den Schulalltag integriert sind und Medienkompetenz einen Schwerpunkt im Schulprogramm bildet.<\/p>\n<p>An der Liebfrauenschule bieten die Scouts Beratungen rund um die Themen Internet; Handy und Social Media an und f\u00fchren regelm\u00e4\u00dfig Schulungen durch, die sich mit dem richtigen Verhalten im Netz, strafrechtlichen Aspekten, aber auch Cybermobbing besch\u00e4ftigen. Zuk\u00fcnftig werden sie auch kleinere Unterrichtseinheiten bei der Umsetzung des Medienpasses NRW f\u00fcr die Klassen 5 und 6 \u00fcbernehmen.<\/p>\n<p>Im vergangenen Fr\u00fchjahr wurden acht Sch\u00fclerinnen am Medienzentrum in Bonn mit Unterst\u00fctzung der Kriminalpolizei zu neuen Medienscouts ausgebildet und erhielten Anfang Juli ihr Zertifikat.<\/p>\n<p>Nachdem die frischgebackenen Medienscouts im letzten Schuljahr bereits Module im Rahmen der Suchtpr\u00e4ventionswoche der Stufe 8 \u00fcbernommen sowie am Tag des offenen Unterrichts Eltern und Grundschulkinder informiert hatten, standen sie Mitte November bei einem Informationsabend zur Medienerziehung interessierten Eltern kompetent Rede und Antwort.<\/p><\/div><\/div><div class=\"x-column x-sm x-1-2 e448-e5 mcg-2\"><div class=\"x-text x-content e448-e6 mcg-3\"><\/div><\/div><\/div><\/div><\/div>\n","protected":false},"excerpt":{"rendered":"<p>LFS erneut als &#8222;Medienscouts NRW-Schule&#8220; ausgezeichnet Bereits zum zweiten Mal hat die Landesanstalt f\u00fcr Medien Nordrhein-Westfalen (LfM) der Liebfrauenschule das Abzeichen des Projekts &#8222;Medienscouts NRW&#8220; verliehen.\u00a0Dieses wird an Schulen vergeben, an denen die Medienscouts besonders engagiert arbeiten,in den Schulalltag integriert sind und Medienkompetenz einen Schwerpunkt im Schulprogramm bildet. An der Liebfrauenschule bieten die Scouts Beratungen rund um die Themen Internet; &#8230; <\/p>\n<div><a href=\"https:\/\/www.lfs-bonn.de\/?page_id=448\" class=\"more-link\">Read More<\/a><\/div>\n","protected":false},"author":1,"featured_media":0,"parent":15,"menu_order":0,"comment_status":"closed","ping_status":"closed","template":"","meta":{"footnotes":""},"class_list":["post-448","page","type-page","status-publish","hentry","no-post-thumbnail"],"_links":{"self":[{"href":"https:\/\/www.lfs-bonn.de\/index.php?rest_route=\/wp\/v2\/pages\/448"}],"collection":[{"href":"https:\/\/www.lfs-bonn.de\/index.php?rest_route=\/wp\/v2\/pages"}],"about":[{"href":"https:\/\/www.lfs-bonn.de\/index.php?rest_route=\/wp\/v2\/types\/page"}],"author":[{"embeddable":true,"href":"https:\/\/www.lfs-bonn.de\/index.php?rest_route=\/wp\/v2\/users\/1"}],"replies":[{"embeddable":true,"href":"https:\/\/www.lfs-bonn.de\/index.php?rest_route=%2Fwp%2Fv2%2Fcomments&post=448"}],"version-history":[{"count":6,"href":"https:\/\/www.lfs-bonn.de\/index.php?rest_route=\/wp\/v2\/pages\/448\/revisions"}],"predecessor-version":[{"id":6305,"href":"https:\/\/www.lfs-bonn.de\/index.php?rest_route=\/wp\/v2\/pages\/448\/revisions\/6305"}],"up":[{"embeddable":true,"href":"https:\/\/www.lfs-bonn.de\/index.php?rest_route=\/wp\/v2\/pages\/15"}],"wp:attachment":[{"href":"https:\/\/www.lfs-bonn.de\/index.php?rest_route=%2Fwp%2Fv2%2Fmedia&parent=448"}],"curies":[{"name":"wp","href":"https:\/\/api.w.org\/{rel}","templated":true}]}}