{"id":4508,"date":"2022-01-30T09:02:48","date_gmt":"2022-01-30T08:02:48","guid":{"rendered":"https:\/\/www.lfs-bonn.de\/?page_id=4508"},"modified":"2022-01-30T10:46:00","modified_gmt":"2022-01-30T09:46:00","slug":"schulsozialarbeit","status":"publish","type":"page","link":"https:\/\/www.lfs-bonn.de\/?page_id=4508","title":{"rendered":"Schulsozialarbeit"},"content":{"rendered":"<div id=\"cs-content\" class=\"cs-content\"><\/div>\n","protected":false},"excerpt":{"rendered":"<p>Die Beratung bei der Schulsozialarbeit steht allen Sch\u00fclerinnen und bei Bedarf auch Eltern offen. Anfragen zur Terminvereinbarung bei Frau Nolte gerne direkt per Mail: \u00a0konstanze.nolte(at)lfs-bonn.de Das B\u00fcro der Schulsozialarbeit ist H08. Was ich anbiete: Kl\u00e4rung pers\u00f6nlicher Probleme und Begleitung bei der L\u00f6sungssuche Intervention in Konfliktf\u00e4llen Unterst\u00fctzung bei der Suche nach weitergehenden au\u00dferschulischen Angeboten, Beratungsstellen u.v.m. Individuelle, berufliche Orientierung Hilfe bei &#8230; <\/p>\n<div><a href=\"https:\/\/www.lfs-bonn.de\/?page_id=4508\" class=\"more-link\">Read More<\/a><\/div>\n","protected":false},"author":8,"featured_media":0,"parent":15,"menu_order":0,"comment_status":"closed","ping_status":"closed","template":"","meta":{"footnotes":""},"class_list":["post-4508","page","type-page","status-publish","hentry","no-post-thumbnail"],"_links":{"self":[{"href":"https:\/\/www.lfs-bonn.de\/index.php?rest_route=\/wp\/v2\/pages\/4508"}],"collection":[{"href":"https:\/\/www.lfs-bonn.de\/index.php?rest_route=\/wp\/v2\/pages"}],"about":[{"href":"https:\/\/www.lfs-bonn.de\/index.php?rest_route=\/wp\/v2\/types\/page"}],"author":[{"embeddable":true,"href":"https:\/\/www.lfs-bonn.de\/index.php?rest_route=\/wp\/v2\/users\/8"}],"replies":[{"embeddable":true,"href":"https:\/\/www.lfs-bonn.de\/index.php?rest_route=%2Fwp%2Fv2%2Fcomments&post=4508"}],"version-history":[{"count":8,"href":"https:\/\/www.lfs-bonn.de\/index.php?rest_route=\/wp\/v2\/pages\/4508\/revisions"}],"predecessor-version":[{"id":4518,"href":"https:\/\/www.lfs-bonn.de\/index.php?rest_route=\/wp\/v2\/pages\/4508\/revisions\/4518"}],"up":[{"embeddable":true,"href":"https:\/\/www.lfs-bonn.de\/index.php?rest_route=\/wp\/v2\/pages\/15"}],"wp:attachment":[{"href":"https:\/\/www.lfs-bonn.de\/index.php?rest_route=%2Fwp%2Fv2%2Fmedia&parent=4508"}],"curies":[{"name":"wp","href":"https:\/\/api.w.org\/{rel}","templated":true}]}}