{"id":452,"date":"2018-01-06T00:54:49","date_gmt":"2018-01-05T23:54:49","guid":{"rendered":"http:\/\/wp.lfs-bonn.de\/?page_id=452"},"modified":"2025-06-15T10:21:38","modified_gmt":"2025-06-15T08:21:38","slug":"junior-ingenieur-akademie","status":"publish","type":"page","link":"https:\/\/www.lfs-bonn.de\/?page_id=452","title":{"rendered":"Besondere Berufsorientierungsm\u00f6glichkeiten im MINT-Bereich"},"content":{"rendered":"<div id=\"cs-content\" class=\"cs-content\"><\/div>\n","protected":false},"excerpt":{"rendered":"<p>Was bietet die Junior-Ingenieur-Akademie? Die JIA umfasst vier Schulhalbjahre, in denen vier Schwerpunktthemen behandelt werden: Energietechnik, Produktions- und Entsorgungstechnik, Fahrzeugtechnik, Medizintechnik, die die Teilnehmerinnen gr\u00f6\u00dftenteils in Laboren und Einrichtungen unserer Partner aus Forschung und Industrie kennenlernen. Die Sch\u00fclerinnen arbeiten vor Ort an Projekten und experimentieren. Ein Semesterprojekt wird dabei in Gy\u00f6r (Ungarn) im Audi-Sch\u00fclerlabor durchgef\u00fchrt. Verbunden wird dies mit einem &#8230; <\/p>\n<div><a href=\"https:\/\/www.lfs-bonn.de\/?page_id=452\" class=\"more-link\">Read More<\/a><\/div>\n","protected":false},"author":1,"featured_media":0,"parent":15,"menu_order":0,"comment_status":"closed","ping_status":"closed","template":"","meta":{"footnotes":""},"class_list":["post-452","page","type-page","status-publish","hentry","no-post-thumbnail"],"_links":{"self":[{"href":"https:\/\/www.lfs-bonn.de\/index.php?rest_route=\/wp\/v2\/pages\/452"}],"collection":[{"href":"https:\/\/www.lfs-bonn.de\/index.php?rest_route=\/wp\/v2\/pages"}],"about":[{"href":"https:\/\/www.lfs-bonn.de\/index.php?rest_route=\/wp\/v2\/types\/page"}],"author":[{"embeddable":true,"href":"https:\/\/www.lfs-bonn.de\/index.php?rest_route=\/wp\/v2\/users\/1"}],"replies":[{"embeddable":true,"href":"https:\/\/www.lfs-bonn.de\/index.php?rest_route=%2Fwp%2Fv2%2Fcomments&post=452"}],"version-history":[{"count":6,"href":"https:\/\/www.lfs-bonn.de\/index.php?rest_route=\/wp\/v2\/pages\/452\/revisions"}],"predecessor-version":[{"id":6301,"href":"https:\/\/www.lfs-bonn.de\/index.php?rest_route=\/wp\/v2\/pages\/452\/revisions\/6301"}],"up":[{"embeddable":true,"href":"https:\/\/www.lfs-bonn.de\/index.php?rest_route=\/wp\/v2\/pages\/15"}],"wp:attachment":[{"href":"https:\/\/www.lfs-bonn.de\/index.php?rest_route=%2Fwp%2Fv2%2Fmedia&parent=452"}],"curies":[{"name":"wp","href":"https:\/\/api.w.org\/{rel}","templated":true}]}}