{"id":632,"date":"2018-02-05T22:07:00","date_gmt":"2018-02-05T21:07:00","guid":{"rendered":"http:\/\/wp.lfs-bonn.de\/?page_id=632"},"modified":"2025-12-09T13:20:33","modified_gmt":"2025-12-09T12:20:33","slug":"forum-musicale-2","status":"publish","type":"page","link":"https:\/\/www.lfs-bonn.de\/?page_id=632","title":{"rendered":"Forum Musicale"},"content":{"rendered":"<div id=\"cs-content\" class=\"cs-content\"><div class=\"x-section e632-e1 mhk-0\"><div class=\"x-container max width e632-e2 mhk-1\"><div class=\"x-column x-sm x-1-2 e632-e3 mhk-2\"><div class=\"x-text x-content e632-e4 mhk-3\"><p>Das Forum Musicale bietet den Sch\u00fclerinnen der Liebfrauenschule die M\u00f6glichkeit, in den R\u00e4umlichkeiten der Schule mit erstklassigen Instrumental- bzw. Gesangs - Lehrern und - Lehrerinnen zu arbeiten und den musikalischen Ausdruck ihrer Kreativit\u00e4t weiter zu entwickeln oder neu zu erlernen.<\/p>\n<p>Das Bilden von Sch\u00fcler-Ensembles, eine Zusammenarbeit mit Chor und Orchester der Schule, die Mitwirkung in Konzerten und Veranstaltungen ist dabei je nach Leistungsstand durchaus erw\u00fcnscht.<\/p>\n<p>Ansprechpartner an der Schule sind aus der Fachschaft Musik Hr. Ludwig <strong>Hesseler<\/strong> (<a href=\"mailto:ludwig.hesseler@lfs-bonn.de\">ludwig.hesseler@lfs-bonn.de<\/a>) und Fr. Mona <strong>Kern \u2013 Sch\u00fcrmann<\/strong> (Mona.Kern-Schuermann@lfs-bonn.de)<\/p>\n<p>Die interessierten Sch\u00fclerinnen bzw. deren Eltern schlie\u00dfen einen Vertrag mit der jeweiligen Lehrkraft.<\/p>\n<p>Die Preise f\u00fcr den Unterricht werden individuell mit der Lehrkraft abgesprochen.<\/p><\/div><\/div><div class=\"x-column x-sm x-1-2 e632-e5 mhk-2\"><div class=\"x-text x-content e632-e6 mhk-3\"><p><strong><u>Kontaktdaten unserer Lehrkr\u00e4fte<\/u><\/strong><\/p>\n<p><strong><u>Klavier:<\/u><\/strong><\/p>\n<p>Peter Bortfeldt \u00a0\u00a0\u00a0\u00a0\u00a0\u00a0\u00a0\u00a0\u00a0\u00a0\u00a0\u00a0\u00a0 <a href=\"mailto:graf.bortfeldt@t-online.de\"><span>graf.bortfeldt@t-online.de<\/span><\/a><\/p>\n<p>\u00a0\u00a0\u00a0\u00a0\u00a0\u00a0\u00a0\u00a0\u00a0\u00a0\u00a0\u00a0\u00a0\u00a0\u00a0\u00a0\u00a0\u00a0\u00a0\u00a0\u00a0\u00a0\u00a0\u00a0\u00a0\u00a0\u00a0\u00a0\u00a0\u00a0\u00a0\u00a0\u00a0\u00a0\u00a0\u00a0\u00a0\u00a0 \u00a00151-2239 7786<\/p>\n<p><strong><u>Gesang:<\/u><\/strong><\/p>\n<p>Christine Handke \u00a0\u00a0\u00a0\u00a0\u00a0\u00a0\u00a0\u00a0 <a href=\"mailto:handke.musik@web.de\">handke.musik@web.de<\/a><\/p>\n<p><span>\u00a0\u00a0\u00a0\u00a0\u00a0\u00a0\u00a0\u00a0\u00a0\u00a0\u00a0\u00a0\u00a0\u00a0\u00a0\u00a0\u00a0\u00a0\u00a0\u00a0\u00a0\u00a0\u00a0\u00a0 \u00a0\u00a0\u00a0\u00a0\u00a0\u00a0\u00a0\u00a0\u00a0\u00a0\u00a0\u00a0\u00a0\u00a0\u00a0\u00a00177 \u2013 6898937<\/span><\/p>\n<p><\/p>\n<p>Esther Remmen\u00a0\u00a0\u00a0\u00a0\u00a0\u00a0\u00a0\u00a0\u00a0\u00a0\u00a0\u00a0 <a href=\"mailto:esther.remmen@gmx.de\"><span>esther.remmen@gmx.de<\/span><\/a><\/p>\n<p>\u00a0\u00a0\u00a0\u00a0\u00a0\u00a0\u00a0\u00a0\u00a0\u00a0\u00a0\u00a0\u00a0\u00a0\u00a0\u00a0\u00a0\u00a0\u00a0\u00a0\u00a0\u00a0\u00a0\u00a0\u00a0\u00a0\u00a0\u00a0\u00a0\u00a0\u00a0\u00a0\u00a0\u00a0\u00a0\u00a0\u00a0\u00a0 0176-2312 4345<\/p>\n<p>Joel Urch\u00a0\u00a0\u00a0\u00a0\u00a0\u00a0\u00a0\u00a0\u00a0\u00a0\u00a0\u00a0\u00a0\u00a0\u00a0\u00a0\u00a0\u00a0\u00a0\u00a0\u00a0\u00a0\u00a0 joel_urch@web.de<\/p>\n<p><strong><u>Violine:<\/u><\/strong><\/p>\n<p>Barbara di Piazza\u00a0\u00a0\u00a0\u00a0\u00a0\u00a0\u00a0\u00a0\u00a0 <a href=\"mailto:barbaradipiazza@yahoo.de\"><span>barbaradipiazza@yahoo.de<\/span><\/a><\/p>\n<p>\u00a0\u00a0\u00a0\u00a0\u00a0\u00a0\u00a0\u00a0\u00a0\u00a0\u00a0\u00a0\u00a0\u00a0\u00a0\u00a0\u00a0\u00a0\u00a0\u00a0\u00a0\u00a0\u00a0\u00a0\u00a0\u00a0\u00a0\u00a0\u00a0\u00a0\u00a0\u00a0\u00a0\u00a0\u00a0\u00a0\u00a0\u00a0 0176-3435 1407<\/p>\n<p><strong><u>Querfl\u00f6te:<\/u><\/strong><\/p>\n<p>Gabriele Nikorowitsch \u00a0 \u00a0\u00a0<a href=\"mailto:gnikorowitsch@gmx.de\">gnikorowitsch@gmx.de<\/a><\/p>\n<p>\u00a0\u00a0\u00a0\u00a0\u00a0\u00a0\u00a0\u00a0\u00a0\u00a0\u00a0\u00a0\u00a0\u00a0\u00a0\u00a0\u00a0\u00a0\u00a0\u00a0\u00a0\u00a0\u00a0\u00a0\u00a0\u00a0\u00a0\u00a0\u00a0\u00a0\u00a0\u00a0\u00a0\u00a0\u00a0\u00a0\u00a0\u00a0 \u00a0\u00a0\u00a0\u00a0\u00a0\u00a0\u00a0\u00a0 0152-5347 6550<\/p>\n<p><strong><u>Saxophon \/ Klarinette:<\/u><\/strong><\/p>\n<p>Peter Lerch\u00a0\u00a0\u00a0\u00a0\u00a0\u00a0\u00a0\u00a0\u00a0\u00a0\u00a0\u00a0\u00a0\u00a0\u00a0\u00a0\u00a0\u00a0 Peter-Lero@web.de<\/p>\n<p>\u00a0\u00a0\u00a0\u00a0\u00a0\u00a0\u00a0\u00a0\u00a0\u00a0\u00a0\u00a0\u00a0\u00a0\u00a0\u00a0\u00a0\u00a0\u00a0\u00a0\u00a0\u00a0\u00a0\u00a0\u00a0\u00a0\u00a0\u00a0\u00a0\u00a0\u00a0\u00a0\u00a0\u00a0\u00a0\u00a0\u00a0\u00a0 \u00a0\u00a0\u00a0\u00a0 0178-411 0242<\/p>\n<p><strong><u>Gitarre:<\/u><\/strong><\/p>\n<p><strong>\u00a0<\/strong>Jan St\u00f6ber\u00a0\u00a0\u00a0\u00a0\u00a0\u00a0 \u00a0\u00a0\u00a0\u00a0\u00a0\u00a0\u00a0\u00a0\u00a0Jan.Stoeber@posteo.de<\/p>\n<p>\u00a0 \u00a0 \u00a0 \u00a0 \u00a0 \u00a0 \u00a0 \u00a0 \u00a0 \u00a0 \u00a0 \u00a0 \u00a0 \u00a0 \u00a0 \u00a0 \u00a0 \u00a0 \u00a0 01578-8417683<\/p>\n<p><strong><u>Waldhorn:<\/u><\/strong><\/p>\n<p>Caroline Bauer\u00a0\u00a0\u00a0\u00a0\u00a0\u00a0\u00a0\u00a0\u00a0\u00a0\u00a0\u00a0 Bauer.jc@t-online.de<\/p>\n<p>\u00a0\u00a0\u00a0\u00a0\u00a0\u00a0\u00a0\u00a0\u00a0\u00a0\u00a0\u00a0\u00a0\u00a0\u00a0\u00a0\u00a0\u00a0\u00a0\u00a0\u00a0\u00a0\u00a0\u00a0\u00a0\u00a0\u00a0\u00a0\u00a0\u00a0\u00a0\u00a0\u00a0\u00a0\u00a0\u00a0\u00a0\u00a0 \u00a0\u00a0\u00a0 0176-6228 9668<\/p>\n<p><\/p>\n<p><\/p><\/div><\/div><\/div><\/div><\/div>\n","protected":false},"excerpt":{"rendered":"<p>Das Forum Musicale bietet den Sch\u00fclerinnen der Liebfrauenschule die M\u00f6glichkeit, in den R\u00e4umlichkeiten der Schule mit erstklassigen Instrumental- bzw. Gesangs &#8211; Lehrern und &#8211; Lehrerinnen zu arbeiten und den musikalischen Ausdruck ihrer Kreativit\u00e4t weiter zu entwickeln oder neu zu erlernen. Das Bilden von Sch\u00fcler-Ensembles, eine Zusammenarbeit mit Chor und Orchester der Schule, die Mitwirkung in Konzerten und Veranstaltungen ist dabei &#8230; <\/p>\n<div><a href=\"https:\/\/www.lfs-bonn.de\/?page_id=632\" class=\"more-link\">Read More<\/a><\/div>\n","protected":false},"author":1,"featured_media":0,"parent":15,"menu_order":0,"comment_status":"closed","ping_status":"closed","template":"","meta":{"footnotes":""},"class_list":["post-632","page","type-page","status-publish","hentry","no-post-thumbnail"],"_links":{"self":[{"href":"https:\/\/www.lfs-bonn.de\/index.php?rest_route=\/wp\/v2\/pages\/632"}],"collection":[{"href":"https:\/\/www.lfs-bonn.de\/index.php?rest_route=\/wp\/v2\/pages"}],"about":[{"href":"https:\/\/www.lfs-bonn.de\/index.php?rest_route=\/wp\/v2\/types\/page"}],"author":[{"embeddable":true,"href":"https:\/\/www.lfs-bonn.de\/index.php?rest_route=\/wp\/v2\/users\/1"}],"replies":[{"embeddable":true,"href":"https:\/\/www.lfs-bonn.de\/index.php?rest_route=%2Fwp%2Fv2%2Fcomments&post=632"}],"version-history":[{"count":7,"href":"https:\/\/www.lfs-bonn.de\/index.php?rest_route=\/wp\/v2\/pages\/632\/revisions"}],"predecessor-version":[{"id":6479,"href":"https:\/\/www.lfs-bonn.de\/index.php?rest_route=\/wp\/v2\/pages\/632\/revisions\/6479"}],"up":[{"embeddable":true,"href":"https:\/\/www.lfs-bonn.de\/index.php?rest_route=\/wp\/v2\/pages\/15"}],"wp:attachment":[{"href":"https:\/\/www.lfs-bonn.de\/index.php?rest_route=%2Fwp%2Fv2%2Fmedia&parent=632"}],"curies":[{"name":"wp","href":"https:\/\/api.w.org\/{rel}","templated":true}]}}