{"id":642,"date":"2018-02-05T23:57:01","date_gmt":"2018-02-05T22:57:01","guid":{"rendered":"http:\/\/wp.lfs-bonn.de\/?page_id=642"},"modified":"2018-03-06T22:35:47","modified_gmt":"2018-03-06T21:35:47","slug":"sitemap","status":"publish","type":"page","link":"https:\/\/www.lfs-bonn.de\/?page_id=642","title":{"rendered":"Sitemap"},"content":{"rendered":"<div id=\"cs-content\" class=\"cs-content\"><\/div>\n","protected":false},"excerpt":{"rendered":"<p>Startseite Quereinsteiger Anmeldeformulare Wir stellen uns vor Kurzprofil Kollegium Sch\u00fclerinnen Eltern Unser F\u00f6rderverein Fachschaften Unterricht Deutsch Sport Internationale Vorbereitungsklasse F\u00f6rderkonzept\/Hausaufgabenkonzept Kooperationsschulen Englisch Franz\u00f6sisch Latein Spanisch Kunst Literatur Musik Biologie Chemie Ern\u00e4hrungslehre Mathematik Physik Erdkunde Geschichte Philosophie Politik \/ Sozialwissenschaften Evangelisch Katholisch LFS plus Jubil\u00e4umsjahr Rom-Fahrt Veranstaltungen Er\u00f6ffnung Sternwallfahrt Charity Run Konzerte Jubil\u00e4umsjahr 2017 MINT-Bereich Bunter Abend zum hundertj\u00e4hrigen Schuljubil\u00e4um Kultur &#8230; <\/p>\n<div><a href=\"https:\/\/www.lfs-bonn.de\/?page_id=642\" class=\"more-link\">Read More<\/a><\/div>\n","protected":false},"author":1,"featured_media":0,"parent":0,"menu_order":0,"comment_status":"closed","ping_status":"closed","template":"","meta":{"footnotes":""},"class_list":["post-642","page","type-page","status-publish","hentry","no-post-thumbnail"],"_links":{"self":[{"href":"https:\/\/www.lfs-bonn.de\/index.php?rest_route=\/wp\/v2\/pages\/642"}],"collection":[{"href":"https:\/\/www.lfs-bonn.de\/index.php?rest_route=\/wp\/v2\/pages"}],"about":[{"href":"https:\/\/www.lfs-bonn.de\/index.php?rest_route=\/wp\/v2\/types\/page"}],"author":[{"embeddable":true,"href":"https:\/\/www.lfs-bonn.de\/index.php?rest_route=\/wp\/v2\/users\/1"}],"replies":[{"embeddable":true,"href":"https:\/\/www.lfs-bonn.de\/index.php?rest_route=%2Fwp%2Fv2%2Fcomments&post=642"}],"version-history":[{"count":6,"href":"https:\/\/www.lfs-bonn.de\/index.php?rest_route=\/wp\/v2\/pages\/642\/revisions"}],"predecessor-version":[{"id":785,"href":"https:\/\/www.lfs-bonn.de\/index.php?rest_route=\/wp\/v2\/pages\/642\/revisions\/785"}],"wp:attachment":[{"href":"https:\/\/www.lfs-bonn.de\/index.php?rest_route=%2Fwp%2Fv2%2Fmedia&parent=642"}],"curies":[{"name":"wp","href":"https:\/\/api.w.org\/{rel}","templated":true}]}}