{"id":7,"date":"2017-11-02T15:35:10","date_gmt":"2017-11-02T14:35:10","guid":{"rendered":"http:\/\/wp.lfs-bonn.de\/?page_id=7"},"modified":"2026-03-13T11:28:32","modified_gmt":"2026-03-13T10:28:32","slug":"startseite","status":"publish","type":"page","link":"https:\/\/www.lfs-bonn.de\/","title":{"rendered":"Startseite"},"content":{"rendered":"<div id=\"cs-content\" class=\"cs-content\"><div class=\"x-section e7-e1 m7-0 m7-1 m7-2\"><div class=\"x-container max width e7-e2 m7-5 m7-6\"><div class=\"x-column x-sm x-1-1 e7-e3 m7-8 m7-9\"><div class=\"x-text x-content e7-e4 m7-d m7-e m7-f m7-g m7-h m7-i\"><p style=\"text-align: center; font-size: 1.4rem; margin-bottom: 1.5em;\"><strong><span style=\"color: #448e7b;\">Herzlich willkommen<\/span><\/strong><br \/>\nan der Liebfrauenschule Bonn<\/p>\n<p><\/p><\/div><\/div><\/div><\/div><div class=\"x-section e7-e5 m7-1 m7-3 m7-4\"><div class=\"x-container max width e7-e6 m7-5 m7-7\"><div class=\"x-bg\" aria-hidden=\"true\"><div class=\"x-bg-layer-lower-image\"><\/div><\/div><div class=\"x-column x-sm x-1-2 e7-e7 m7-8 m7-9\"><div class=\"x-bg\" aria-hidden=\"true\"><div class=\"x-bg-layer-lower-image\" style=\" background-image: url(https:\/\/www.lfs-bonn.de\/wp-content\/uploads\/Teaser_Wofuer_wir_stehen.jpg); background-repeat: no-repeat; background-position: center; background-size: cover;\"><\/div><\/div><div class=\"x-text x-content e7-e8 m7-e m7-g m7-h m7-j m7-k\">\n<div class=\"kachelhoehe\">\n<p class=\"menueliste\"><a href=\"https:\/\/lfs-bonn.de\/?page_id=89\">Kurzprofil<\/a><\/p>\n<\/div><\/div><\/div><div class=\"x-column x-sm x-1-4 e7-e9 m7-8 m7-9 m7-a\"><div class=\"x-bg\" aria-hidden=\"true\"><div class=\"x-bg-layer-lower-image\" style=\" background-image: url(https:\/\/www.lfs-bonn.de\/wp-content\/uploads\/Kachel_gelb.jpg); background-repeat: no-repeat; background-position: center; background-size: cover;\"><\/div><\/div><div class=\"x-text x-content e7-e10 m7-e m7-g m7-h m7-i m7-j m7-k\"><div class=\"kachelhoehe\">\n<table class=\"menueliste\">\n<tbody>\n<tr>\n<td><\/td>\n<\/tr>\n<tr>\n<td><\/td>\n<\/tr>\n<tr>\n<td><\/td>\n<\/tr>\n<tr>\n<td><a href=\"https:\/\/www.lfs-bonn.de\/wp-content\/uploads\/Flyer-LFS-Welt.pdf\">Unsere digitale Sch\u00fclerzeitung ist online!<\/a><\/td>\n<\/tr>\n<\/tbody>\n<\/table>\n<\/div><\/div><\/div><div class=\"x-column x-sm x-1-4 e7-e11 m7-8 m7-b\"><div class=\"x-text x-content e7-e12 m7-e m7-f m7-h m7-i m7-j m7-l m7-m\"><div class=\"kachelhoehe\">\n<table class=\"menueliste\" width=\"196\">\n<tbody>\n<tr>\n<td>\n<p><a href=\"https:\/\/lfs-bonn.de\/?page_id=488\">Terminkalender<\/a><\/p>\n<\/td>\n<\/tr>\n<tr>\n<td>\n<p><a href=\"https:\/\/www.lfs-bonn.de\/?page_id=163\"><\/a><\/p>\n<\/td>\n<\/tr>\n<tr>\n<td>\n<p><a href=\"https:\/\/lfs-bonn.de\/?page_id=165\">Mensa<\/a><\/p>\n<\/td>\n<\/tr>\n<tr>\n<td>\n<p><a href=\"https:\/\/www.lfs-bonn.de\/wp-content\/uploads\/Flyer-LFS-2022-2023.pdf\"><\/a><\/p>\n<\/td>\n<\/tr>\n<\/tbody>\n<\/table>\n<\/div><\/div><\/div><\/div><div class=\"x-container max width e7-e13 m7-5 m7-6\"><div class=\"x-column x-sm x-1-2 e7-e14 m7-8 m7-9\"><div class=\"x-bg\" aria-hidden=\"true\"><div class=\"x-bg-layer-lower-image\" style=\" background-image: url(https:\/\/www.lfs-bonn.de\/wp-content\/uploads\/Kachel_gruen_57a191_200x260px.jpg); background-repeat: no-repeat; background-position: center; background-size: cover;\"><\/div><\/div><div class=\"x-text x-content e7-e15 m7-e m7-g m7-h m7-i m7-j m7-k\"><div class=\"kachelhoehe\">\n<p><a href=\"https:\/\/lfs-bonn.de\/?page_id=133\"><img loading=\"lazy\" decoding=\"async\" src=\"https:\/\/lfs-bonn.de\/wp-content\/uploads\/mint_logo_md-300x129.jpg\" alt=\"\" class=\"alignnone size-medium wp-image-263\" width=\"300\" height=\"129\" srcset=\"https:\/\/www.lfs-bonn.de\/wp-content\/uploads\/mint_logo_md-300x129.jpg 300w, https:\/\/www.lfs-bonn.de\/wp-content\/uploads\/mint_logo_md-100x43.jpg 100w, https:\/\/www.lfs-bonn.de\/wp-content\/uploads\/mint_logo_md.jpg 400w\" sizes=\"(max-width: 300px) 100vw, 300px\" \/><\/a><a href=\"https:\/\/www.bonn.de\/pressemitteilungen\/august-2022\/fuenf-schulen-in-bonn-und-dem-rhein-sieg-kreis-erhalten-das-berufswahlsiegel.php?pk_campaign=Regionales+Bildungsb%C3%BCro&amp;pk_kwd=05\/09\/2022+(177215)&amp;pk_source=&amp;pk_content=F%C3%BCnf+Schulen+erhalten+Berufswahlsiegel+(174811)\"><img loading=\"lazy\" decoding=\"async\" src=\"https:\/\/www.lfs-bonn.de\/wp-content\/uploads\/Logo-Berufswahl-SIEGEL-2-digital-1.jpg\" class=\"\" width=\"272\" height=\"156\" \/><\/a><\/p>\n\n<\/div><\/div><\/div><div class=\"x-column x-sm x-1-4 e7-e16 m7-8 m7-9 m7-c\"><div class=\"x-bg\" aria-hidden=\"true\"><div class=\"x-bg-layer-lower-image\" style=\" background-image: url(https:\/\/www.lfs-bonn.de\/wp-content\/uploads\/Kachel_blau_0092b1_200x260px-2.jpg); background-repeat: no-repeat; background-position: center; background-size: cover;\"><\/div><\/div><div class=\"x-text x-content e7-e17 m7-e m7-g m7-h m7-i m7-j m7-k m7-n\"><div class=\"kachelhoehe\">\n<div>\n<table class=\"menueliste\" width=\"320\">\n<tbody>\n<tr>\n<td><\/td>\n<\/tr>\n<tr>\n<td><a href=\"https:\/\/www.lfs-bonn.de\/?page_id=882\">Quereinsteiger<\/a><\/td>\n<\/tr>\n<tr>\n<td>\n<p><a href=\"https:\/\/lfs-bonn.de\/?page_id=1208\">Aufnahmeantrag<\/a><\/p>\n<\/td>\n<\/tr>\n<tr>\n<td>\n<p><a href=\"https:\/\/lfs-bonn.de\/?page_id=161\">Berufsorientierung<\/a><\/p>\n<\/td>\n<\/tr>\n<tr>\n<td>\n<p><\/p>\n<\/td>\n<\/tr>\n<\/tbody>\n<\/table>\n<\/div>\n<\/div><\/div><\/div><div class=\"x-column x-sm x-1-4 e7-e18 m7-8 m7-9\"><div class=\"x-bg\" aria-hidden=\"true\"><div class=\"x-bg-layer-lower-image\" style=\" background-image: url(https:\/\/www.lfs-bonn.de\/wp-content\/uploads\/Kachel_rot.jpg); background-repeat: no-repeat; background-position: center; background-size: cover;\"><\/div><\/div><div class=\"x-text x-content e7-e19 m7-e m7-h m7-i m7-j m7-k m7-l\"><div class=\"kachelhoehe\">\n<table class=\"menueliste\">\n<tbody>\n<tr>\n<td><\/td>\n<\/tr>\n<tr>\n<td><a href=\"https:\/\/www.lfs-bonn.de\/?page_id=632\">Forum Musicale<\/a><\/td>\n<\/tr>\n<tr>\n<td><a href=\"https:\/\/www.lfs-bonn.de\/?page_id=4096\">Schlie\u00dff\u00e4cher<\/a><\/td>\n<\/tr>\n<tr>\n<td><a href=\"https:\/\/www.lfs-bonn.de\/?page_id=4988\">Vertretungsplan<\/a><\/td>\n<\/tr>\n<tr>\n<td><\/td>\n<\/tr>\n<\/tbody>\n<\/table>\n<\/div><\/div><\/div><\/div><\/div><div class=\"x-section e7-e20 m7-0 m7-1 m7-4\"><div class=\"x-container max width e7-e21 m7-5 m7-6\"><div class=\"x-column x-sm x-1-3 e7-e22 m7-8 m7-9\"><div class=\"x-text x-content e7-e23 m7-e m7-f m7-g m7-h m7-i m7-j\"><h6><strong>Aktuelles\u00a0<\/strong><\/h6><p><\/p><\/div><div class=\"x-content-area e7-e24 m7-p\"><div class=\"news_hp\"><div class=\"listing-item\"><a class=\"title\" href=\"https:\/\/www.lfs-bonn.de\/?p=6638\">Theaterst\u00fcck \u201eDie Gedanken sind frei\u201c an der LFS<\/a> <span class=\"date\">20. April 2026<\/span> <span class=\"excerpt-dash\">-<\/span> <span class=\"excerpt\">In der Woche nach den Osterferien 2026 nahmen die Sch\u00fclerinnen der Stufe 9 am Theaterprojekt&hellip; <a class=\"excerpt-more\" href=\"https:\/\/www.lfs-bonn.de\/?p=6638\">&gt; weiterlesen<\/a><\/span><\/div><div class=\"listing-item\"><a class=\"title\" href=\"https:\/\/www.lfs-bonn.de\/?p=6634\">Abschied von Ancenis<\/a> <span class=\"date\">25. M\u00e4rz 2026<\/span> <span class=\"excerpt-dash\">-<\/span> <span class=\"excerpt\">Bereits seit 47 Jahren bestehen der Austausch \u2013 und die gute Freundschaft \u2013 zwischen der&hellip; <a class=\"excerpt-more\" href=\"https:\/\/www.lfs-bonn.de\/?p=6634\">&gt; weiterlesen<\/a><\/span><\/div><div class=\"listing-item\"><a class=\"title\" href=\"https:\/\/www.lfs-bonn.de\/?p=6627\">Erfolg bei Jugend forscht Junior: 3. Platz f\u00fcr Stella Gemmel<\/a> <span class=\"date\">13. M\u00e4rz 2026<\/span> <span class=\"excerpt-dash\">-<\/span> <span class=\"excerpt\">Wir gratulieren unserer Sch\u00fclerin zum 3. Platz beim \u201eJugend forscht Junior\u201c-Regionalwettbewerb in Bonn! In ihrem&hellip; <a class=\"excerpt-more\" href=\"https:\/\/www.lfs-bonn.de\/?p=6627\">&gt; weiterlesen<\/a><\/span><\/div><div class=\"listing-item\"><a class=\"title\" href=\"https:\/\/www.lfs-bonn.de\/?p=6569\">Stufe EF im Haus Altenberg<\/a> <span class=\"date\">26. Februar 2026<\/span> <span class=\"excerpt-dash\">-<\/span> <span class=\"excerpt\">Wie ist es eigentlich f\u00fcr eine Erzieherin, den ganzen Tag f\u00fcr Kleinkinder verantwortlich zu sein?&hellip; <a class=\"excerpt-more\" href=\"https:\/\/www.lfs-bonn.de\/?p=6569\">&gt; weiterlesen<\/a><\/span><\/div><div class=\"listing-item\"><a class=\"title\" href=\"https:\/\/www.lfs-bonn.de\/?p=6555\">Leev M\u00e4dche und eine Karnevalsmaus<\/a> <span class=\"date\">17. Februar 2026<\/span> <span class=\"excerpt-dash\">-<\/span> <span class=\"excerpt\">Um sich auf die jecke Jahreszeit einzustimmen, feierten die \u201eLeev M\u00e4dche\u201c am Mittwoch vor Weiberfastnacht&hellip; <a class=\"excerpt-more\" href=\"https:\/\/www.lfs-bonn.de\/?p=6555\">&gt; weiterlesen<\/a><\/span><\/div><div class=\"listing-item\"><a class=\"title\" href=\"https:\/\/www.lfs-bonn.de\/?p=6547\">Klimakonferenz in Bonn?! Oder anders gefragt: Was macht Antonio Guterres in der LFS?<\/a> <span class=\"date\">14. Februar 2026<\/span> <span class=\"excerpt-dash\">-<\/span> <span class=\"excerpt\">Die Klimakonferenz in Brasilien ist vor gut zwei Monaten zu Ende gegangen und wie geht&hellip; <a class=\"excerpt-more\" href=\"https:\/\/www.lfs-bonn.de\/?p=6547\">&gt; weiterlesen<\/a><\/span><\/div><\/div><\/div><\/div><div class=\"x-column x-sm x-1-3 e7-e25 m7-8 m7-9\"><div class=\"x-text x-content e7-e26 m7-e m7-f m7-g m7-i m7-j m7-o\"><h6><strong>Veranstaltungen<\/strong><\/h6><\/div><div class=\"x-content-area e7-e27 m7-p\"><p>Derzeit keine aktuelle Veranstaltung<\/p>\n\n<\/div><\/div><div class=\"x-column x-sm x-1-3 e7-e28 m7-8 m7-9\"><div class=\"x-text x-content e7-e29 m7-e m7-f m7-g m7-h m7-i m7-j\"><h6><strong>Termine<\/strong><\/h6><\/div><div class=\"x-content-area e7-e30 m7-p\"><p><span style=\"color: #999999;\">\n<section class=\"ics-calendar layout-list\" id=\"r69e735bfc63681f\" style=\"opacity: 1;\">\n\n\t\t\t<article class=\"ics-calendar-list-wrapper\">\n\n\t\t\t\t\t\t\t\t\t\t\t\t\t<h3 class=\"ics-calendar-label\" id=\"r69e735bfc63681f-202604\">April 2026<\/h3>\n\t\t\t\t\t\t\t\t\t\t\t\t\t\t\t\t\t\t\t\t<div class=\"ics-calendar-date-wrapper\" data-date=\"Dienstag 21\/04\" data-dow=\"2\" data-wknum=\"17\" data-rel2today=\"today\" data-events-count=\"1\" data-feed-keys=\"0\">\n\t\t\t\t\t\t\t\t\t\t\t<h4 class=\"ics-calendar-date\" id=\"r69e735bfc63681f-20260421\"><span data-date-format=\"l\">Dienstag<\/span> <span data-date-format=\"d\">21<\/span>\/<span data-date-format=\"m\">04<\/span><\/h4>\n\t\t\t\t\t\t\t\t\t\t\t<dl class=\"events\" aria-labelledby=\"r69e735bfc63681f-20260421\">\n\t\t\t\t\t\t\t\t\t\t<dt class=\"all-day-indicator\" data-feed-key=\"0\">Ganzt\u00e4gig<\/dt><dd class=\"event all-day\" data-feed-key=\"0\">\n\t\t\t\t\t\t\t\t\t\t\t<span class=\"title free\">Jgst. 10 - Exkursion Garten der Religionen<\/span>\t\t\t\t\t\t\t\t\t\t<\/dd><\/dl><\/div>\t\t\t\t\t\t\t\t\t\t<div class=\"ics-calendar-date-wrapper\" data-date=\"Mittwoch 22\/04\" data-dow=\"3\" data-wknum=\"17\" data-rel2today=\"future\" data-events-count=\"1\" data-feed-keys=\"0\">\n\t\t\t\t\t\t\t\t\t\t\t<h4 class=\"ics-calendar-date\" id=\"r69e735bfc63681f-20260422\"><span data-date-format=\"l\">Mittwoch<\/span> <span data-date-format=\"d\">22<\/span>\/<span data-date-format=\"m\">04<\/span><\/h4>\n\t\t\t\t\t\t\t\t\t\t\t<dl class=\"events\" aria-labelledby=\"r69e735bfc63681f-20260422\">\n\t\t\t\t\t\t\t\t\t\t<dt class=\"time\" data-feed-key=\"0\">07:55\t\t\t\t\t\t\t\t\t\t\t\t\t<span class=\"end_time show_on_hover\">&#8211; 08:55<\/span>\n\t\t\t\t\t\t\t\t\t\t\t\t\t<\/dt><dd class=\"event t075500\" data-feed-key=\"0\">\n\t\t\t\t\t\t\t\t\t\t\t<span class=\"title busy\">Messe 7+8<\/span>\t\t\t\t\t\t\t\t\t\t<\/dd><\/dl><\/div>\t\t\t\t\t\t\t\t\t\t<div class=\"ics-calendar-date-wrapper\" data-date=\"Donnerstag 23\/04\" data-dow=\"4\" data-wknum=\"17\" data-rel2today=\"future\" data-events-count=\"2\" data-feed-keys=\"0\">\n\t\t\t\t\t\t\t\t\t\t\t<h4 class=\"ics-calendar-date\" id=\"r69e735bfc63681f-20260423\"><span data-date-format=\"l\">Donnerstag<\/span> <span data-date-format=\"d\">23<\/span>\/<span data-date-format=\"m\">04<\/span><\/h4>\n\t\t\t\t\t\t\t\t\t\t\t<dl class=\"events\" aria-labelledby=\"r69e735bfc63681f-20260423\">\n\t\t\t\t\t\t\t\t\t\t<dt class=\"all-day-indicator\" data-feed-key=\"0\">Ganzt\u00e4gig<\/dt><dd class=\"event all-day\" data-feed-key=\"0\">\n\t\t\t\t\t\t\t\t\t\t\t<span class=\"title free\">Girls Day Stufe 8<\/span>\t\t\t\t\t\t\t\t\t\t<\/dd><dt class=\"time\" data-feed-key=\"0\">17:00\t\t\t\t\t\t\t\t\t\t\t\t\t<span class=\"end_time show_on_hover\">&#8211; 18:00<\/span>\n\t\t\t\t\t\t\t\t\t\t\t\t\t<\/dt><dd class=\"event t170000\" data-feed-key=\"0\">\n\t\t\t\t\t\t\t\t\t\t\t<span class=\"title busy\">IHK Ich werde Chefin f\u00fcr Stufe 9<\/span>\t\t\t\t\t\t\t\t\t\t<\/dd><\/dl><\/div>\t\t\t\t\t\t\t\t\t\t<div class=\"ics-calendar-date-wrapper\" data-date=\"Samstag 25\/04\" data-dow=\"6\" data-wknum=\"17\" data-rel2today=\"future\" data-events-count=\"1\" data-feed-keys=\"0\">\n\t\t\t\t\t\t\t\t\t\t\t<h4 class=\"ics-calendar-date\" id=\"r69e735bfc63681f-20260425\"><span data-date-format=\"l\">Samstag<\/span> <span data-date-format=\"d\">25<\/span>\/<span data-date-format=\"m\">04<\/span><\/h4>\n\t\t\t\t\t\t\t\t\t\t\t<dl class=\"events\" aria-labelledby=\"r69e735bfc63681f-20260425\">\n\t\t\t\t\t\t\t\t\t\t<dt class=\"time\" data-feed-key=\"0\">10:00\t\t\t\t\t\t\t\t\t\t\t\t\t<span class=\"end_time show_on_hover\">&#8211; 16:00<\/span>\n\t\t\t\t\t\t\t\t\t\t\t\t\t<\/dt><dd class=\"event t100000\" data-feed-key=\"0\">\n\t\t\t\t\t\t\t\t\t\t\t<span class=\"title busy\">Wissenschaftsrallye rund um den Hofgarten Uni Bonn<\/span>\t\t\t\t\t\t\t\t\t\t<\/dd><\/dl><\/div>\t\t<\/article>\n\n\t\t\n<\/section>\n<\/span><\/p><\/div><\/div><\/div><div class=\"x-container max width e7-e31 m7-5 m7-6\"><div class=\"x-column x-sm x-1-3 e7-e32 m7-8 m7-9\"><div class=\"x-content-area e7-e33 m7-p\"><p class=\"mehrnews_bttn\"><a href=\"https:\/\/www.lfs-bonn.de\/?page_id=3802\" class=\"mehrnews\">&gt; Mehr Aktuelles<\/a><\/p><\/div><\/div><div class=\"x-column x-sm x-1-3 e7-e34 m7-8 m7-9\"><div class=\"x-content-area e7-e35 m7-p\"><p class=\"mehrnews_bttn\"><a href=\"https:\/\/www.lfs-bonn.de\/?page_id=3792\" class=\"mehrnews\">> Alle Veranstaltungen<\/a><\/p>\n<\/div><\/div><div class=\"x-column x-sm x-1-3 e7-e36 m7-8 m7-9\"><div class=\"x-content-area e7-e37 m7-p\"><p class=\"mehrnews_bttn\"><a href=\"https:\/\/www.lfs-bonn.de\/?page_id=488\" class=\"mehrnews\">> Alle Termine<\/a><\/p><\/div><\/div><\/div><\/div><\/div>\n","protected":false},"excerpt":{"rendered":"<p>Herzlich willkommen an der Liebfrauenschule Bonn Kurzprofil Unsere digitale Sch\u00fclerzeitung ist online! Terminkalender Mensa Quereinsteiger Aufnahmeantrag Berufsorientierung Forum Musicale Schlie\u00dff\u00e4cher Vertretungsplan Aktuelles\u00a0Theaterst\u00fcck \u201eDie Gedanken sind frei\u201c an der LFS 20. April 2026 &#8211; In der Woche nach den Osterferien 2026 nahmen die Sch\u00fclerinnen der Stufe 9 am Theaterprojekt&hellip; &gt; weiterlesenAbschied von Ancenis 25. M\u00e4rz 2026 &#8211; Bereits seit 47 Jahren &#8230; <\/p>\n<div><a href=\"https:\/\/www.lfs-bonn.de\/?p=6547\" class=\"more-link\">Read More<\/a><\/div>\n","protected":false},"author":1,"featured_media":0,"parent":0,"menu_order":0,"comment_status":"closed","ping_status":"closed","template":"","meta":{"footnotes":""},"class_list":["post-7","page","type-page","status-publish","hentry","no-post-thumbnail"],"_links":{"self":[{"href":"https:\/\/www.lfs-bonn.de\/index.php?rest_route=\/wp\/v2\/pages\/7"}],"collection":[{"href":"https:\/\/www.lfs-bonn.de\/index.php?rest_route=\/wp\/v2\/pages"}],"about":[{"href":"https:\/\/www.lfs-bonn.de\/index.php?rest_route=\/wp\/v2\/types\/page"}],"author":[{"embeddable":true,"href":"https:\/\/www.lfs-bonn.de\/index.php?rest_route=\/wp\/v2\/users\/1"}],"replies":[{"embeddable":true,"href":"https:\/\/www.lfs-bonn.de\/index.php?rest_route=%2Fwp%2Fv2%2Fcomments&post=7"}],"version-history":[{"count":134,"href":"https:\/\/www.lfs-bonn.de\/index.php?rest_route=\/wp\/v2\/pages\/7\/revisions"}],"predecessor-version":[{"id":6583,"href":"https:\/\/www.lfs-bonn.de\/index.php?rest_route=\/wp\/v2\/pages\/7\/revisions\/6583"}],"wp:attachment":[{"href":"https:\/\/www.lfs-bonn.de\/index.php?rest_route=%2Fwp%2Fv2%2Fmedia&parent=7"}],"curies":[{"name":"wp","href":"https:\/\/api.w.org\/{rel}","templated":true}]}}