{"id":93,"date":"2017-11-10T04:48:54","date_gmt":"2017-11-10T03:48:54","guid":{"rendered":"http:\/\/wp.lfs-bonn.de\/?page_id=93"},"modified":"2025-10-11T14:15:17","modified_gmt":"2025-10-11T12:15:17","slug":"schuelerinnensv","status":"publish","type":"page","link":"https:\/\/www.lfs-bonn.de\/?page_id=93","title":{"rendered":"Sch\u00fclerinnen"},"content":{"rendered":"<div id=\"cs-content\" class=\"cs-content\"><div class=\"x-section e93-e1 m2l-0\"><div class=\"x-container max width e93-e2 m2l-1\"><div class=\"x-column x-sm x-2-3 e93-e3 m2l-2\"><div class=\"x-text x-content e93-e4 m2l-3\"><p><em><strong>Willkommen bei der Sch\u00fclerinnenvertretung der LFS!<\/strong><\/em><\/p>\n<p>Was ist die SV?<\/p>\n<p>Die Aufgabe der Sch\u00fclerinnenvertretung (SV) ist es, die Meinungen und Interessen der Sch\u00fclerinnen auf allen Ebenen und gegen\u00fcber den verschiedenen Gremien zu vertreten.<\/p>\n<p>Die SV besteht aus allen Klassen- und Stufensprecherinnen, den Sch\u00fclersprecherinnen und allen, die sich freiwillig engagieren und einbringen m\u00f6chten.<\/p>\n<p>Der Sch\u00fclerrat w\u00e4hlt jedes Jahr zwei Sch\u00fclersprecherinnen mit ihren Vertreterinnen.<\/p>\n<p>Die SV im Schuljahr 2025\/2026:<\/p>\n<p>Sprecherinnen: Luka Vo\u00df, Amelie Olufs;\u00a0SV-Team: Letizia Kotala, Antonia Hochstatter, Fernanda Cuadrado<\/p>\n<p>Die SV-Verbindungslehrerinnen sind Frau Thiet und Frau Brandt.<\/p><\/div><\/div><div class=\"x-column x-sm x-1-3 e93-e5 m2l-2\"><div class=\"x-text x-content e93-e6 m2l-3\"><\/div><\/div><\/div><\/div><\/div>\n","protected":false},"excerpt":{"rendered":"<p>Willkommen bei der Sch\u00fclerinnenvertretung der LFS! Was ist die SV? Die Aufgabe der Sch\u00fclerinnenvertretung (SV) ist es, die Meinungen und Interessen der Sch\u00fclerinnen auf allen Ebenen und gegen\u00fcber den verschiedenen Gremien zu vertreten. Die SV besteht aus allen Klassen- und Stufensprecherinnen, den Sch\u00fclersprecherinnen und allen, die sich freiwillig engagieren und einbringen m\u00f6chten. Der Sch\u00fclerrat w\u00e4hlt jedes Jahr zwei Sch\u00fclersprecherinnen mit &#8230; <\/p>\n<div><a href=\"https:\/\/www.lfs-bonn.de\/?page_id=93\" class=\"more-link\">Read More<\/a><\/div>\n","protected":false},"author":1,"featured_media":0,"parent":9,"menu_order":0,"comment_status":"closed","ping_status":"closed","template":"","meta":{"footnotes":""},"class_list":["post-93","page","type-page","status-publish","hentry","no-post-thumbnail"],"_links":{"self":[{"href":"https:\/\/www.lfs-bonn.de\/index.php?rest_route=\/wp\/v2\/pages\/93"}],"collection":[{"href":"https:\/\/www.lfs-bonn.de\/index.php?rest_route=\/wp\/v2\/pages"}],"about":[{"href":"https:\/\/www.lfs-bonn.de\/index.php?rest_route=\/wp\/v2\/types\/page"}],"author":[{"embeddable":true,"href":"https:\/\/www.lfs-bonn.de\/index.php?rest_route=\/wp\/v2\/users\/1"}],"replies":[{"embeddable":true,"href":"https:\/\/www.lfs-bonn.de\/index.php?rest_route=%2Fwp%2Fv2%2Fcomments&post=93"}],"version-history":[{"count":13,"href":"https:\/\/www.lfs-bonn.de\/index.php?rest_route=\/wp\/v2\/pages\/93\/revisions"}],"predecessor-version":[{"id":6454,"href":"https:\/\/www.lfs-bonn.de\/index.php?rest_route=\/wp\/v2\/pages\/93\/revisions\/6454"}],"up":[{"embeddable":true,"href":"https:\/\/www.lfs-bonn.de\/index.php?rest_route=\/wp\/v2\/pages\/9"}],"wp:attachment":[{"href":"https:\/\/www.lfs-bonn.de\/index.php?rest_route=%2Fwp%2Fv2%2Fmedia&parent=93"}],"curies":[{"name":"wp","href":"https:\/\/api.w.org\/{rel}","templated":true}]}}